{"id":6009,"date":"2024-05-13T10:00:37","date_gmt":"2024-05-13T09:00:37","guid":{"rendered":"https:\/\/fondazionecomel.org\/newsletter\/"},"modified":"2026-04-13T14:50:43","modified_gmt":"2026-04-13T13:50:43","slug":"newsletter","status":"publish","type":"page","link":"https:\/\/fondazionecomel.org\/en\/pubblicazioni\/dialogando\/newsletter\/","title":{"rendered":"Newsletter"},"content":{"rendered":"<p>[vc_row][vc_column css=&#8221;.vc_custom_1508408090577{padding-right: 1px !important;}&#8221;][vc_column_text][\/vc_column_text][\/vc_column][\/vc_row][vc_row][vc_column css=&#8221;.vc_custom_1508408090577{padding-right: 1px !important;}&#8221;][vc_column_text]<\/p>\n<h1 class=\"title\">Dialogando N\u00b0 254<\/h1>\n<p>[\/vc_column_text][vc_single_image image=&#8221;4750&#8243; img_size=&#8221;full&#8221; css=&#8221;.vc_custom_1532508923892{padding-top: 5px !important;}&#8221;][vc_column_text css=&#8221;.vc_custom_1776087951652{margin-top: 1px !important;background-color: #456e90 !important;}&#8221; el_class=&#8221;newsletter-sub-header&#8221;]<\/p>\n<p class=\"left\"><strong>Newsletter quindicinale della Fondazione<\/strong><\/p>\n<p class=\"right\">Dialogando N\u00b0 254 | Aprile 2026<\/p>\n<p>[\/vc_column_text][vc_single_image image=&#8221;11085&#8243; img_size=&#8221;full&#8221; css=&#8221;.vc_custom_1776087938084{padding-top: 1px !important;}&#8221;][vc_column_text]Sembra una partita a scacchi <em>sui generis<\/em> fra due soggetti che, oltre a detestarsi, cosa che avviene anche nella realt\u00e0 del gioco, hanno pensieri e modalit\u00e0 diverse nel movimento dei singoli pezzi sulla scacchiera. Nulla a che vedere, si capisce, con la icastica scena in bianco e nero del film di Bergman (<em>Il settimo sigillo<\/em>, 1957) che rappresenta, di profilo, la Morte giocare con il cavaliere Antonius Blok, sebbene la morte (in particolare degli altri) sia soffocante&#8230;<strong><a href=\"https:\/\/eur03.safelinks.protection.outlook.com\/?url=https%3A%2F%2Fcustomer53522.musvc2.net%2Fe%2Ftr%3Fq%3D6%253dQTMUN%2526C%253dL%2526G%253dRVO%2526H%253dOWMTR%2526L%253dzMFGA_Kmth_VW_Iivl_SX_Kmth_Ub77Gz2HBAEw6ADwE.AIy_Kmth_Ub5148Fy4057_Kmth_UbEwPECwMF60_Kmth_Ub6vBFF0BwCw_Kmth_UbCw75K7K5248-82-A6w4uA5604-z64E5G76D0ABw_Iivl_SX_Kmth_VbLBF_EFCKy6_0toq_Kg06EL86BM1I_0toq_JYGK5_F151N9_Iivl_TV8921E_Drks_NWCM9_4sFB2100_Iivl_TVUQR-54DQ7-UVSN%25267%253d9LAOyS.68F%25260A%253d4w2sYNYQ%2526ME%253dSRURaLTORKVMUP%2526A%253dR4O6y3JYN2wTTVMXO7NUzRxZM5tZN5wVVXPax5I6O6tcy2KcSYv616u4wTR4N7v5%26mupckp%3DmupAtu4m8OiX0wt&amp;data=05%7C02%7Cep%40domuscomeliana.com%7C2833237eef01472414d708de99610488%7C61fcf487262d460f84d9f7148d0c5255%7C0%7C0%7C639116839126378242%7CUnknown%7CTWFpbGZsb3d8eyJFbXB0eU1hcGkiOnRydWUsIlYiOiIwLjAuMDAwMCIsIlAiOiJXaW4zMiIsIkFOIjoiTWFpbCIsIldUIjoyfQ%3D%3D%7C0%7C%7C%7C&amp;sdata=Pkp8nXW24HIwkimS%2Be4kI3LvFqAczy6ThH%2BBZ%2BGHK4k%3D&amp;reserved=0\">Leggi<\/a><\/strong>[\/vc_column_text]<div class=\"mkdf-separator-holder clearfix  mkdf-separator-center mkdf-separator-full-width\">\n\t<div class=\"mkdf-separator\" style=\"border-color: #bbbbbb;border-style: solid;border-bottom-width: 1px;margin-top: 20px;margin-bottom: 20px\"><\/div>\n<\/div>\n[vc_row_inner css=&#8221;.vc_custom_1532524893397{margin-right: 0px !important;margin-left: 0px !important;padding-top: 15px !important;padding-bottom: 15px !important;background-color: #456e90 !important;}&#8221; el_id=&#8221;newsletter-corsi&#8221;][vc_column_inner width=&#8221;1\/4&#8243;][vc_single_image image=&#8221;9992&#8243; img_size=&#8221;full&#8221;][\/vc_column_inner][vc_column_inner width=&#8221;3\/4&#8243;][vc_column_text css=&#8221;.vc_custom_1764668909429{margin-top: 1px !important;background-color: #456e90 !important;}&#8221;]<strong>CENTER FOR THE STUDY OF THE MEDICINE AND THE BODY IN THE RENAISSANCE<\/strong><\/p>\n<p><a href=\"https:\/\/customer53522.musvc2.net\/e\/tr?q=3%3d9VBR6%26E%3dA%26D%3d0c9%26E%3d7YBQ0%26N%3doJxIz_HUvW_SE_KXsT_UM_HUvW_RJ6zCfK.mEr7hPmHu5gHt5p.Hy7_vtZp_6i_yqWs_0fyMt_IsNy3i_KXsT_VKDiPzBiM15v_KXsT_UCKxF_t5hB2C_vtZp_7glCeBs_HUvW_R0N1C_g4tFeBnD_vtZp_7g9S8-FhH4H-8Q%26h%3dF2Iz69.DiM%26pI%3d8XAX%261e4hxL%3d9Z6XGS5TGYDZ0Q%26l%3dXEYiUiQh5mZ0Yj1998UeXDZiXG45WkW09jYAcmTg7iZecBYDVjU99EQh996BWB2e&amp;mupckp=mupAtu4m8OiX0wt\" target=\"_blank\" rel=\"noopener\">Learn more about it<\/a><\/p>\n<div><\/div>\n<p>[\/vc_column_text][\/vc_column_inner][\/vc_row_inner]<div class=\"mkdf-separator-holder clearfix  mkdf-separator-center mkdf-separator-full-width\">\n\t<div class=\"mkdf-separator\" style=\"border-color: #bbbbbb;border-style: solid;border-bottom-width: 1px;margin-top: 20px;margin-bottom: 20px\"><\/div>\n<\/div>\n[vc_row_inner css=&#8221;.vc_custom_1532513017307{margin-right: 0px !important;margin-left: 0px !important;}&#8221; el_id=&#8221;newsletter-approfondimento-apocrifa&#8221;][vc_column_inner width=&#8221;1\/2&#8243; css=&#8221;.vc_custom_1532513422830{padding-right: 0px !important;padding-left: 0px !important;}&#8221;][vc_single_image image=&#8221;11089&#8243; img_size=&#8221;full&#8221;][vc_column_text]<\/p>\n<h3>L&#8217;approfondimento<\/h3>\n<p><strong>Identit\u00e0, relazioni e patologia nel mondo virtuale<\/strong> &#8211; Negli ultimi venti anni la nostra societ\u00e0 ha subito un radicale cambiamento: il passaggio da una societ\u00e0 \u201cmoderna\u201d a una societ\u00e0 \u201cpost-moderna\u201d \u00e8 stato veloce e sconvolgente. Oggi si parla di societ\u00e0 digitale&#8230;[\/vc_column_text][vc_column_text]<\/p>\n<div class=\"newsletter-btn\"><a href=\"https:\/\/fondazionecomel.org\/dialogando\/newsletter\/approfondimento\/lapprofondimento-identita-relazioni-e-patologia-nel-mondo-virtuale\/?utm_source=newsletter&#038;utm_medium=email&#038;utm_campaign=251-marzo-2026\" target=\"_blank\" rel=\"noopener\">LEGGI<\/a><\/div>\n<p>[\/vc_column_text][\/vc_column_inner][vc_column_inner width=&#8221;1\/2&#8243; css=&#8221;.vc_custom_1532514839552{margin-left: 0px !important;padding-top: 0px !important;padding-right: 0px !important;padding-left: 0px !important;background-color: #e4e4e4 !important;}&#8221;][vc_single_image image=&#8221;11087&#8243; img_size=&#8221;full&#8221;][vc_column_text]<\/p>\n<h3>Apocrifa<\/h3>\n<p><strong>Credere cosa <\/strong>&#8211; Il credere e\/o avere fede sono stato irrazionale o prerazionale o post-razionale e insito e connaturato in ogni creatura (tutti credono sempre e comunque in qualcosa, non necessariamente in prospettiva metafisica o divina, fino al credere nel&#8230;[\/vc_column_text][vc_column_text]<\/p>\n<div class=\"newsletter-btn\"><a href=\"https:\/\/fondazionecomel.org\/dialogando\/newsletter\/apocrifa\/apocrifa-credere-cosa\/?utm_source=newsletter&#038;utm_medium=email&#038;utm_campaign=251-marzo-2026\" target=\"_blank\" rel=\"noopener\">LEGGI<\/a><\/div>\n<p>[\/vc_column_text][\/vc_column_inner][\/vc_row_inner][vc_column_text]<\/p>\n<div>\n<div><\/div>\n<\/div>\n<p>[\/vc_column_text][vc_row_inner css=&#8221;.vc_custom_1532516020853{margin-top: 20px !important;margin-right: 0px !important;margin-left: 0px !important;padding-top: 15px !important;padding-bottom: 15px !important;background-color: #456e90 !important;}&#8221; el_id=&#8221;newsletter-pillole&#8221;][vc_column_inner width=&#8221;1\/4&#8243;][vc_single_image image=&#8221;4760&#8243; img_size=&#8221;full&#8221; onclick=&#8221;custom_link&#8221; img_link_target=&#8221;_blank&#8221; link=&#8221;\/pubblicazioni\/dialogando\/newsletter\/pillole\/&#8221;][\/vc_column_inner][vc_column_inner width=&#8221;3\/4&#8243; css=&#8221;.vc_custom_1532515647080{padding-right: 0px !important;}&#8221;][vc_column_text css=&#8221;.vc_custom_1776088140055{margin-top: 1px !important;background-color: #456e90 !important;}&#8221;]<a href=\"https:\/\/eur03.safelinks.protection.outlook.com\/?url=https%3A%2F%2Fcustomer53522.musvc2.net%2Fe%2Ftr%3Fq%3D7%253dNaLVK%2526J%253dK%2526H%253dOcN%2526I%253dLdLUO%2526S%253dyNCN0_Lj1g_WT_Phwi_ZW_Lj1g_VYD6Hw9GC8Lv78KvF.8Px_Lj1g_VYBz55Mx57B6_Lj1g_VYLvQBJvNCC9_Lj1g_VYNzF5M39_Ayjt_Kn39-9G3F8Jv-L2E6L-6M9N2Q-zF-99vMx-BvC-v94JtLvF5G-v-GxKvHCM-OU_Ayjt_Kn_9ulx_JjDR4_M8S97x_Phwi_aUHxU0FxRA9A_Phwi_ZMOCK_49wGBG_Ayjt_LlvGtG3_Lj1g_VOSAG_v94JtGxH_Ayjt_LlIYJ-KrLIM-IdK5t9rd%2526u%253dGDQC7K.LvN%25262Q%253dMVRh%2526AM%253dKhIZSbHWJaKWKb%2526y%253dWxCP7S9QUOYP6u9uZNAMWuZNVQeMYQbv9JZJ9KCt9JDs0Q9vXKfO9ydt6x0wbPBP%26mupckp%3DmupAtu4m8OiX0wt&amp;data=05%7C02%7Cep%40domuscomeliana.com%7Cf3191147c3804e4fe18e08de9962a304%7C61fcf487262d460f84d9f7148d0c5255%7C0%7C0%7C639116846099888892%7CUnknown%7CTWFpbGZsb3d8eyJFbXB0eU1hcGkiOnRydWUsIlYiOiIwLjAuMDAwMCIsIlAiOiJXaW4zMiIsIkFOIjoiTWFpbCIsIldUIjoyfQ%3D%3D%7C0%7C%7C%7C&amp;sdata=QMIPpyXszb2j5%2Bak0mKqRH2d%2BHTPE6FxFc0WM7DXGSo%3D&amp;reserved=0\"><strong>RIGOR MORTIS<\/strong><\/a><\/p>\n<p>&nbsp;<\/p>\n<p>Pare volesse entrare a ogni costo nella storia: c\u2019\u00e8 riuscito, dalla parte di dietro.[\/vc_column_text]<div class=\"mkdf-separator-holder clearfix  mkdf-separator-center mkdf-separator-full-width\">\n\t<div class=\"mkdf-separator\" style=\"border-color: #ffffff;border-style: solid;border-bottom-width: 1px;margin-top: 10px;margin-bottom: 5px\"><\/div>\n<\/div>\n[vc_column_text css=&#8221;.vc_custom_1776088159184{margin-top: 1px !important;background-color: #456e90 !important;}&#8221;]<a href=\"https:\/\/eur03.safelinks.protection.outlook.com\/?url=https%3A%2F%2Fcustomer53522.musvc2.net%2Fe%2Ftr%3Fq%3D9%253dASFX8%2526B%253dE%2526J%253dBUH%2526K%253d9VFWB%2526K%253dsPzF4_NWsa_YG_HbyV_RQ_NWsa_XL6zJj1AEuDp9uCpH.uHr_NWsa_XL4t7rEr7t4z_NWsa_XLDpSyBpPz53_NWsa_XLFtHrEwA_xqdv_8fwA-v9wHuBp-No7zN-sE3PoI-tH-v1pOk-4pE-i1xLgDpHr9-p-IkCpJzE-IW_xqdv_8f_3wYp_Dl1Jx_OuK39k_HbyV_SOJkM4HkJ5Ax_HbyV_RGQzC_xAj96I_xqdv_9dpIg9w_NWsa_XBK5I_i1xLg9rJ_xqdv_9dCa7-ClN6E-Cf87g1lV%2526o%253dI1I798.DpP%2526oI%253dGXEZ%25265O%253d8ZCbFTBY7SEY8T%2526s%253dYk5J9F1KWBQJ8h1obA3GYhRHXDWGaDTpA7RDA85nA76mBD1pZ8XIAlVn8k2qdC4J%26mupckp%3DmupAtu4m8OiX0wt&amp;data=05%7C02%7Cep%40domuscomeliana.com%7Cf3191147c3804e4fe18e08de9962a304%7C61fcf487262d460f84d9f7148d0c5255%7C0%7C0%7C639116846099915197%7CUnknown%7CTWFpbGZsb3d8eyJFbXB0eU1hcGkiOnRydWUsIlYiOiIwLjAuMDAwMCIsIlAiOiJXaW4zMiIsIkFOIjoiTWFpbCIsIldUIjoyfQ%3D%3D%7C0%7C%7C%7C&amp;sdata=kVdZrrjRc2noHIbARHa40q%2FzJ5xpqiI%2B0C7Dg178pgo%3D&amp;reserved=0\"><strong>IL PAESE DEI CAMPANELLI<\/strong><\/a><strong><br \/>\n<\/strong><br \/>\nNel tentativo di fare avere un altro mandato, dopo 16 anni, alla testa di ponte russa in Europa si sono scomodati in tanti.<\/p>\n<p>Anche il romano santissimo governo sempre solerte a stare in bilico da una parte e al contempo dall\u2019altra.[\/vc_column_text]<div class=\"mkdf-separator-holder clearfix  mkdf-separator-center mkdf-separator-full-width\">\n\t<div class=\"mkdf-separator\" style=\"border-color: #ffffff;border-style: solid;border-bottom-width: 1px;margin-top: 10px;margin-bottom: 5px\"><\/div>\n<\/div>\n[vc_column_text css=&#8221;.vc_custom_1776088177947{margin-top: 1px !important;background-color: #456e90 !important;}&#8221;]<a href=\"https:\/\/eur03.safelinks.protection.outlook.com\/?url=https%3A%2F%2Fcustomer53522.musvc2.net%2Fe%2Ftr%3Fq%3D4%253dJWCSG%2526F%253dB%2526E%253dKYE%2526F%253dHZCRK%2526O%253dpK9J1_IfwX_TP_LYte_VN_IfwX_SU0wEs5804Hm44GmC.4Lo_IfwX_SU8q21Io238w_IfwX_SUHmN8FmK99z_IfwX_SUJqC1It6_7uaq_Gjt6-5CtC4Fm-IxAwI-2IzKxM-qC-55mJt-8m0-r5uGpHmC1C-m-DtGmE9I-FR_7uaq_Gj_zrht_Ag0Nu_J4Oz4t_LYte_WLEtQ1CtN267_LYte_VDL9G_u6sC3D_7uaq_HhmDpCt_IfwX_SKO2D_r5uGpCoE_7uaq_Hh0VF-GiIEI-0aG2p5iZ%2526l%253dD0M44G.HmK%2526xM%253dDSNd%25262J%253dGd0WOX9TFWBTGX%2526p%253dTt9G4O5HRKUG3q5lWJ7DTqVESMaDVMXm6FVA6G9k6F0j7M5mUGbF6uZk3t6nYL8G%26mupckp%3DmupAtu4m8OiX0wt&amp;data=05%7C02%7Cep%40domuscomeliana.com%7Cf3191147c3804e4fe18e08de9962a304%7C61fcf487262d460f84d9f7148d0c5255%7C0%7C0%7C639116846099940688%7CUnknown%7CTWFpbGZsb3d8eyJFbXB0eU1hcGkiOnRydWUsIlYiOiIwLjAuMDAwMCIsIlAiOiJXaW4zMiIsIkFOIjoiTWFpbCIsIldUIjoyfQ%3D%3D%7C0%7C%7C%7C&amp;sdata=c7HyHxB5iwOtUxZObT%2FMLd4v%2F1YrRPSaCehyh9A1hsE%3D&amp;reserved=0\"><strong>MEMENTO<\/strong><\/a><\/p>\n<p><em>Sembra che non capire per voi sia una vergogna, e vi affannate a dimostrare che tutto \u00e8 chiaro, tutto comprensibile e invece di l\u00e0 del comprensibile c\u2019\u00e8 Lui, che se fosse accessibile noi non sapremmo pi\u00f9 che farcene di un Dio al nostro livello. <\/em><\/p>\n<p>Mi rammento, don Prospero, le sue argomentazioni: tutti discorsi dritti che non facevano una grinza; e invece discorsi di Dio sono tutte grinze e pieghe di mistero per nasconderci dentro il nostro cuore .<\/p>\n<p>(Adriana Zarri, <em>L\u2019ora di notte<\/em>, Lit Edizioni 2025, pag. 168)[\/vc_column_text][\/vc_column_inner][\/vc_row_inner][vc_column_text]<\/p>\n<h3>De litteris et artibus<\/h3>\n<p>[\/vc_column_text][vc_column_text]<strong>Cucina economica<\/strong><\/p>\n<p><em>Tornate all\u2019antico e sar\u00e0 un progresso<\/em><\/p>\n<p><em><strong>Il merluzzo (1)<\/strong><\/em><\/p>\n<p><strong>Il merluzzo nella alimentazione del passato<\/strong><br \/>\n\u201cIl pesce ha sette gusti: ogni ora ne perde uno\u201d \u00e8 questo un detto comune che spiega, senza tanti discorsi, perch\u00e9 nel passato il pesce fosse escluso dalla consueta alimentazione popolare: era impossibile, prima della diffusione dei frigoriferi, conservare il pesce in casa, fosse anche solo per due o tre giorni, come si faceva normalmente con&#8230; <strong><a href=\"https:\/\/eur03.safelinks.protection.outlook.com\/?url=https%3A%2F%2Fcustomer53522.musvc2.net%2Fe%2Ftr%3Fq%3D3%253dOXSRL%2526G%253dR%2526D%253dPZU%2526E%253dMaSQP%2526P%253d6JDKG_Hkxn_SU_Mosj_Wd_Hkxn_RZACDx6N99I339H3B.9M5_Hkxn_RZ93-B3OH5BDG-5D-6FJ37II_Bvqp_Lk25-6DHJyM7I-yO-yHDDzKC-8I33Iy-5wJBE7D11-M_Mosj_Wd_Hkxn_SZPHC_CJIHw0_Fqmu_Qd80KI60HJyM_Fqmu_PVEOA_Cy97K7_Mosj_Xb5767B_Bvqp_LaIJ7_8yC06778_Mosj_XbROV-A1BUC-RTWT%25264%253d7PGLwW.B5D%2526DG%253dVLdX%2526JC%253dWXRPeRQMVQTMWR1u6y%25268%253dMaXSTZXXO0Q2SeW5uY12Na2YQ612O041PaXWQVz6uW1Zv8OVNX3YwdOVQWSXzaW4%26mupckp%3DmupAtu4m8OiX0wt&amp;data=05%7C02%7Cep%40domuscomeliana.com%7Cf3191147c3804e4fe18e08de9962a304%7C61fcf487262d460f84d9f7148d0c5255%7C0%7C0%7C639116846099966133%7CUnknown%7CTWFpbGZsb3d8eyJFbXB0eU1hcGkiOnRydWUsIlYiOiIwLjAuMDAwMCIsIlAiOiJXaW4zMiIsIkFOIjoiTWFpbCIsIldUIjoyfQ%3D%3D%7C0%7C%7C%7C&amp;sdata=7B8t2xjplB488rfLW51ILxSfAiK1rWaQfUdb6agm4X8%3D&amp;reserved=0\">Leggi<\/a><\/strong>[\/vc_column_text][vc_column_text]<\/p>\n<h3>Dal mondo sanitario e scientifico<\/h3>\n<p>[\/vc_column_text][vc_column_text]<strong>Dal mondo sanitario e scientifico<\/strong><\/p>\n<p>&nbsp;<\/p>\n<p><strong>Farmaci per l\u2019obesit\u00e0: su alcuni funzionano meglio<\/strong><\/p>\n<p>I farmaci per l\u2019obesit\u00e0 sono pi\u00f9 efficaci o causano effetti collaterali pi\u00f9 gravi in alcune persone rispetto ad altre a motivo forse di un insieme di varianti genetiche.<br \/>\nI ricercatori hanno scoperto che soggetti portatori di una o due copie di una variante specifica del gene che&#8230; <strong><a href=\"https:\/\/eur03.safelinks.protection.outlook.com\/?url=https%3A%2F%2Fcustomer53522.musvc2.net%2Fe%2Ftr%3Fq%3D5%253dHXDTE%2526G%253dC%2526F%253dIZF%2526G%253dFaDSI%2526P%253dqL7K2_JdxY_UN_MZuc_WO_JdxY_TSAxFq69A2In52HnD.2Mp_JdxY_TS9r3yJp319x_JdxY_TS9jD-zJw62-NjFvOjJvJ-n-KpDnF7DoApJ_1sfu_Ahq6u-E2ImG-66wA761A2-0-25v0wLvAr52-AjJz6lA-301-D27nKvOj-K8-6u58Ir-88I9A2IjF2-Hn9yDx_JdxY_TS_MZuc_XOM7H_2G8Ml7_5vbr_Fiw70Nu77OnJ_5vbr_Ea4Lz_Hn6vPv_JdxY_UQ0v3vG_1sfu_AX8Ov3n6j_5nHy3vBw_JdxY_UQWDS-z61R2-WITI%25269%253dvM6QlT.103%2526A6%253daAaM%2526O2%253dTMWEbGVBSFYBTG%2526C%253dB4E9AVsaE5HaCZq0GYFcC8sZo8E9CYs9IbK7FZEYAWH6EVJA0SrdBZGc06JVC3H7%26mupckp%3DmupAtu4m8OiX0wt&amp;data=05%7C02%7Cep%40domuscomeliana.com%7Cf3191147c3804e4fe18e08de9962a304%7C61fcf487262d460f84d9f7148d0c5255%7C0%7C0%7C639116846099991125%7CUnknown%7CTWFpbGZsb3d8eyJFbXB0eU1hcGkiOnRydWUsIlYiOiIwLjAuMDAwMCIsIlAiOiJXaW4zMiIsIkFOIjoiTWFpbCIsIldUIjoyfQ%3D%3D%7C0%7C%7C%7C&amp;sdata=PoWwbgvJbmZTwN7BYyIrobXOF9mesOeGGmpyvxFDQvk%3D&amp;reserved=0\">Leggi<\/a><\/strong><\/p>\n<p>&nbsp;<\/p>\n<p>&nbsp;<\/p>\n<div><\/div>\n<p>[\/vc_column_text][\/vc_column][\/vc_row][vc_row][vc_column][vc_column_text]<\/p>\n<p>[\/vc_column_text][\/vc_column][\/vc_row][vc_row][vc_column][vc_column_text]<\/p>\n<p>[\/vc_column_text][\/vc_column][\/vc_row]<\/p>\n","protected":false},"excerpt":{"rendered":"<p>[vc_row][vc_column css=&#8221;.vc_custom_1508408090577{padding-right: 1px !important;}&#8221;][vc_column_text][\/vc_column_text][\/vc_column][\/vc_row][vc_row][vc_column css=&#8221;.vc_custom_1508408090577{padding-right: 1px !important;}&#8221;][vc_column_text] Dialogando N\u00b0 254 [\/vc_column_text][vc_single_image image=&#8221;4750&#8243; img_size=&#8221;full&#8221; css=&#8221;.vc_custom_1532508923892{padding-top: 5px !important;}&#8221;][vc_column_text css=&#8221;.vc_custom_1776087951652{margin-top: 1px !important;background-color: #456e90 !important;}&#8221; el_class=&#8221;newsletter-sub-header&#8221;] Newsletter quindicinale della Fondazione Dialogando N\u00b0 254 | Aprile 2026 [\/vc_column_text][vc_single_image image=&#8221;11085&#8243; img_size=&#8221;full&#8221; css=&#8221;.vc_custom_1776087938084{padding-top: 1px !important;}&#8221;][vc_column_text]Sembra una partita a scacchi sui generis fra due soggetti che, oltre a detestarsi, cosa che avviene anche nella realt\u00e0 del gioco, hanno pensieri e modalit\u00e0 diverse nel movimento dei singoli pezzi sulla scacchiera. Nulla a che vedere, si capisce, con la icastica scena in bianco e nero del film di Bergman (Il settimo sigillo, 1957) che rappresenta, di profilo, la Morte giocare [&hellip;]<\/p>\n","protected":false},"author":1,"featured_media":0,"parent":6015,"menu_order":0,"comment_status":"closed","ping_status":"closed","template":"","meta":[],"acf":[],"yoast_head":"<!-- This site is optimized with the Yoast SEO plugin v17.6 - https:\/\/yoast.com\/wordpress\/plugins\/seo\/ -->\n<title>Newsletter - Fondazione Comel<\/title>\n<meta name=\"robots\" content=\"index, follow, max-snippet:-1, max-image-preview:large, max-video-preview:-1\" \/>\n<link rel=\"canonical\" href=\"https:\/\/fondazionecomel.org\/en\/pubblicazioni\/dialogando\/newsletter\/\" \/>\n<meta property=\"og:locale\" content=\"en_US\" \/>\n<meta property=\"og:type\" content=\"article\" \/>\n<meta property=\"og:title\" content=\"Newsletter - Fondazione Comel\" \/>\n<meta property=\"og:description\" content=\"[vc_row][vc_column css=&#8221;.vc_custom_1508408090577{padding-right: 1px !important;}&#8221;][vc_column_text][\/vc_column_text][\/vc_column][\/vc_row][vc_row][vc_column css=&#8221;.vc_custom_1508408090577{padding-right: 1px !important;}&#8221;][vc_column_text] Dialogando N\u00b0 254 [\/vc_column_text][vc_single_image image=&#8221;4750&#8243; img_size=&#8221;full&#8221; css=&#8221;.vc_custom_1532508923892{padding-top: 5px !important;}&#8221;][vc_column_text css=&#8221;.vc_custom_1776087951652{margin-top: 1px !important;background-color: #456e90 !important;}&#8221; el_class=&#8221;newsletter-sub-header&#8221;] Newsletter quindicinale della Fondazione Dialogando N\u00b0 254 | Aprile 2026 [\/vc_column_text][vc_single_image image=&#8221;11085&#8243; img_size=&#8221;full&#8221; css=&#8221;.vc_custom_1776087938084{padding-top: 1px !important;}&#8221;][vc_column_text]Sembra una partita a scacchi sui generis fra due soggetti che, oltre a detestarsi, cosa che avviene anche nella realt\u00e0 del gioco, hanno pensieri e modalit\u00e0 diverse nel movimento dei singoli pezzi sulla scacchiera. Nulla a che vedere, si capisce, con la icastica scena in bianco e nero del film di Bergman (Il settimo sigillo, 1957) che rappresenta, di profilo, la Morte giocare [&hellip;]\" \/>\n<meta property=\"og:url\" content=\"https:\/\/fondazionecomel.org\/en\/pubblicazioni\/dialogando\/newsletter\/\" \/>\n<meta property=\"og:site_name\" content=\"Fondazione Comel\" \/>\n<meta property=\"article:modified_time\" content=\"2026-04-13T13:50:43+00:00\" \/>\n<meta name=\"twitter:card\" content=\"summary\" \/>\n<meta name=\"twitter:label1\" content=\"Est. reading time\" \/>\n\t<meta name=\"twitter:data1\" content=\"3 minutes\" \/>\n<script type=\"application\/ld+json\" class=\"yoast-schema-graph\">{\"@context\":\"https:\/\/schema.org\",\"@graph\":[{\"@type\":\"WebSite\",\"@id\":\"https:\/\/fondazionecomel.org\/#website\",\"url\":\"https:\/\/fondazionecomel.org\/\",\"name\":\"Fondazione Comel\",\"description\":\"\",\"potentialAction\":[{\"@type\":\"SearchAction\",\"target\":{\"@type\":\"EntryPoint\",\"urlTemplate\":\"https:\/\/fondazionecomel.org\/?s={search_term_string}\"},\"query-input\":\"required name=search_term_string\"}],\"inLanguage\":\"en-US\"},{\"@type\":\"WebPage\",\"@id\":\"https:\/\/fondazionecomel.org\/en\/pubblicazioni\/dialogando\/newsletter\/#webpage\",\"url\":\"https:\/\/fondazionecomel.org\/en\/pubblicazioni\/dialogando\/newsletter\/\",\"name\":\"Newsletter - Fondazione Comel\",\"isPartOf\":{\"@id\":\"https:\/\/fondazionecomel.org\/#website\"},\"datePublished\":\"2024-05-13T09:00:37+00:00\",\"dateModified\":\"2026-04-13T13:50:43+00:00\",\"breadcrumb\":{\"@id\":\"https:\/\/fondazionecomel.org\/en\/pubblicazioni\/dialogando\/newsletter\/#breadcrumb\"},\"inLanguage\":\"en-US\",\"potentialAction\":[{\"@type\":\"ReadAction\",\"target\":[\"https:\/\/fondazionecomel.org\/en\/pubblicazioni\/dialogando\/newsletter\/\"]}]},{\"@type\":\"BreadcrumbList\",\"@id\":\"https:\/\/fondazionecomel.org\/en\/pubblicazioni\/dialogando\/newsletter\/#breadcrumb\",\"itemListElement\":[{\"@type\":\"ListItem\",\"position\":1,\"name\":\"Home\",\"item\":\"https:\/\/fondazionecomel.org\/en\/\"},{\"@type\":\"ListItem\",\"position\":2,\"name\":\"Pubblicazioni\",\"item\":\"https:\/\/fondazionecomel.org\/en\/pubblicazioni\/\"},{\"@type\":\"ListItem\",\"position\":3,\"name\":\"Dialogando\",\"item\":\"https:\/\/fondazionecomel.org\/en\/pubblicazioni\/dialogando\/\"},{\"@type\":\"ListItem\",\"position\":4,\"name\":\"Newsletter\"}]}]}<\/script>\n<!-- \/ Yoast SEO plugin. -->","yoast_head_json":{"title":"Newsletter - Fondazione Comel","robots":{"index":"index","follow":"follow","max-snippet":"max-snippet:-1","max-image-preview":"max-image-preview:large","max-video-preview":"max-video-preview:-1"},"canonical":"https:\/\/fondazionecomel.org\/en\/pubblicazioni\/dialogando\/newsletter\/","og_locale":"en_US","og_type":"article","og_title":"Newsletter - Fondazione Comel","og_description":"[vc_row][vc_column css=&#8221;.vc_custom_1508408090577{padding-right: 1px !important;}&#8221;][vc_column_text][\/vc_column_text][\/vc_column][\/vc_row][vc_row][vc_column css=&#8221;.vc_custom_1508408090577{padding-right: 1px !important;}&#8221;][vc_column_text] Dialogando N\u00b0 254 [\/vc_column_text][vc_single_image image=&#8221;4750&#8243; img_size=&#8221;full&#8221; css=&#8221;.vc_custom_1532508923892{padding-top: 5px !important;}&#8221;][vc_column_text css=&#8221;.vc_custom_1776087951652{margin-top: 1px !important;background-color: #456e90 !important;}&#8221; el_class=&#8221;newsletter-sub-header&#8221;] Newsletter quindicinale della Fondazione Dialogando N\u00b0 254 | Aprile 2026 [\/vc_column_text][vc_single_image image=&#8221;11085&#8243; img_size=&#8221;full&#8221; css=&#8221;.vc_custom_1776087938084{padding-top: 1px !important;}&#8221;][vc_column_text]Sembra una partita a scacchi sui generis fra due soggetti che, oltre a detestarsi, cosa che avviene anche nella realt\u00e0 del gioco, hanno pensieri e modalit\u00e0 diverse nel movimento dei singoli pezzi sulla scacchiera. Nulla a che vedere, si capisce, con la icastica scena in bianco e nero del film di Bergman (Il settimo sigillo, 1957) che rappresenta, di profilo, la Morte giocare [&hellip;]","og_url":"https:\/\/fondazionecomel.org\/en\/pubblicazioni\/dialogando\/newsletter\/","og_site_name":"Fondazione Comel","article_modified_time":"2026-04-13T13:50:43+00:00","twitter_card":"summary","twitter_misc":{"Est. reading time":"3 minutes"},"schema":{"@context":"https:\/\/schema.org","@graph":[{"@type":"WebSite","@id":"https:\/\/fondazionecomel.org\/#website","url":"https:\/\/fondazionecomel.org\/","name":"Fondazione Comel","description":"","potentialAction":[{"@type":"SearchAction","target":{"@type":"EntryPoint","urlTemplate":"https:\/\/fondazionecomel.org\/?s={search_term_string}"},"query-input":"required name=search_term_string"}],"inLanguage":"en-US"},{"@type":"WebPage","@id":"https:\/\/fondazionecomel.org\/en\/pubblicazioni\/dialogando\/newsletter\/#webpage","url":"https:\/\/fondazionecomel.org\/en\/pubblicazioni\/dialogando\/newsletter\/","name":"Newsletter - Fondazione Comel","isPartOf":{"@id":"https:\/\/fondazionecomel.org\/#website"},"datePublished":"2024-05-13T09:00:37+00:00","dateModified":"2026-04-13T13:50:43+00:00","breadcrumb":{"@id":"https:\/\/fondazionecomel.org\/en\/pubblicazioni\/dialogando\/newsletter\/#breadcrumb"},"inLanguage":"en-US","potentialAction":[{"@type":"ReadAction","target":["https:\/\/fondazionecomel.org\/en\/pubblicazioni\/dialogando\/newsletter\/"]}]},{"@type":"BreadcrumbList","@id":"https:\/\/fondazionecomel.org\/en\/pubblicazioni\/dialogando\/newsletter\/#breadcrumb","itemListElement":[{"@type":"ListItem","position":1,"name":"Home","item":"https:\/\/fondazionecomel.org\/en\/"},{"@type":"ListItem","position":2,"name":"Pubblicazioni","item":"https:\/\/fondazionecomel.org\/en\/pubblicazioni\/"},{"@type":"ListItem","position":3,"name":"Dialogando","item":"https:\/\/fondazionecomel.org\/en\/pubblicazioni\/dialogando\/"},{"@type":"ListItem","position":4,"name":"Newsletter"}]}]}},"_links":{"self":[{"href":"https:\/\/fondazionecomel.org\/en\/wp-json\/wp\/v2\/pages\/6009"}],"collection":[{"href":"https:\/\/fondazionecomel.org\/en\/wp-json\/wp\/v2\/pages"}],"about":[{"href":"https:\/\/fondazionecomel.org\/en\/wp-json\/wp\/v2\/types\/page"}],"author":[{"embeddable":true,"href":"https:\/\/fondazionecomel.org\/en\/wp-json\/wp\/v2\/users\/1"}],"replies":[{"embeddable":true,"href":"https:\/\/fondazionecomel.org\/en\/wp-json\/wp\/v2\/comments?post=6009"}],"version-history":[{"count":213,"href":"https:\/\/fondazionecomel.org\/en\/wp-json\/wp\/v2\/pages\/6009\/revisions"}],"predecessor-version":[{"id":11092,"href":"https:\/\/fondazionecomel.org\/en\/wp-json\/wp\/v2\/pages\/6009\/revisions\/11092"}],"up":[{"embeddable":true,"href":"https:\/\/fondazionecomel.org\/en\/wp-json\/wp\/v2\/pages\/6015"}],"wp:attachment":[{"href":"https:\/\/fondazionecomel.org\/en\/wp-json\/wp\/v2\/media?parent=6009"}],"curies":[{"name":"wp","href":"https:\/\/api.w.org\/{rel}","templated":true}]}}