{"id":6014,"date":"2018-07-24T12:10:39","date_gmt":"2018-07-24T12:10:39","guid":{"rendered":"https:\/\/fondazionecomel.org\/interviste\/"},"modified":"2026-04-29T12:32:29","modified_gmt":"2026-04-29T11:32:29","slug":"interviste","status":"publish","type":"page","link":"https:\/\/fondazionecomel.org\/en\/pubblicazioni\/dialogando\/interviste\/","title":{"rendered":"Interviste"},"content":{"rendered":"<p>[vc_row][vc_column][vc_column_text]<\/p>\n<h1 class=\"title\">Interviste<\/h1>\n<p>Totale articoli:\u00a02<br \/>\n<span data-sheets-root=\"1\"><a class=\"in-cell-link\" href=\"https:\/\/amonracasino.it\/\" target=\"_blank\" rel=\"noopener\">Amunra casino app<\/a> \u00e8 una piattaforma in continua crescita, con nuovi giochi aggiunti regolarmente. Le criptovalute come Bitcoin ed Ethereum sono accettate con commissioni minime. Il supporto clienti \u00e8 attivo 24 ore su 24 tramite live chat ed email. L&#8217;interfaccia touch \u00e8 ottimizzata per una navigazione fluida su schermi piccoli. Il live casino ospita tavoli Evolution, Pragmatic Live ed Ezugi di altissima qualit\u00e0.<\/span>[\/vc_column_text]<div class=\"mkdf-bnl-holder mkdf-pl-one-holder  mkd-post-columns-1 mkdf-post-pag-np-horizontal\"  data-base=\"mkdf_post_layout_one\"  data-number_of_posts=\"6\" data-column_number=\"1\" data-category_id=\"752\"       data-thumb_image_size=\"full\"     data-display_date=\"yes\"   data-display_author=\"yes\"         data-display_pagination=\"yes\" data-pagination_type=\"np-horizontal\"   data-paged=\"1\" data-max_pages=\"1\"  data-next_page=\"2\"><div class=\"mkdf-bnl-outer\"><div class=\"mkdf-bnl-inner\"><div class=\"mkdf-pt-one-item mkdf-post-item\">\n        \n    <div class=\"mkdf-pt-one-content-holder\">\n        <div class=\"mkdf-pt-one-title-holder\">\n            <h3 class=\"mkdf-pt-one-title \" >\n            <a itemprop=\"url\" class=\"mkdf-pt-link\" href=\"https:\/\/fondazionecomel.org\/en\/dialogando-en\/trapianto-cuore-polmoni-un-paziente-racconta-la-sua-esperienza-dopo-18-anni-dal-trapianto\/\" target=\"_self\">Trapianto cuore-polmoni: un paziente racconta la sua esperienza dopo 18 anni dal trapianto<\/a>\n        <\/h3>\n        <\/div>\n\n        <div class=\"mkdf-pt-one-info-section\">\n            <div itemprop=\"dateCreated\" class=\"mkdf-post-info-date entry-date updated\" ><a id=\"data-articolo\" itemprop=\"url\" href=\"https:\/\/fondazionecomel.org\/en\/2010\/12\/\">Dec, 15, 2010<\/a><meta itemprop=\"interactionCount\" content=\"UserComments: 0\"\/><\/div>\r\n\r\n<div itemprop=\"dateCreated\" class=\"mkdf-post-info-date entry-date updated mkdf-post-info-dialogando\">\r\n<!-- CICLO IF RICHIAMO CAMPO DIALOGANDO -->\r\n    <\/div>            <div class=\"mkdf-post-info-author\"><a itemprop=\"author\" class=\"mkdf-post-info-author-link\" href=\"https:\/\/fondazionecomel.org\/en\/author\/mariateresa-canale\/\">Mariateresa Canale<\/a><\/div>\n            <div class=\"mkdf-post-info-category\">\r\n\r\n<a href=\"https:\/\/fondazionecomel.org\/en\/category\/dialogando-en\/\">Dialogando<\/a>\r\n<\/div>        <\/div> \n\n        <div class=\"mkdf-pt-one-excerpt\">\n            <p class=\"mkdf-post-excerpt\">\r\n\r\n \tPu\u00f2 fornirci\u00a0qualche cenno di come \u00e8 arrivato ad accettare di sottoporsi al trapianto cuore-polmoni?\r\n\r\nLa mia storia \u00e8 iniziata nel 1984 con una bronchite trascurata che si \u00e8 cronicizzata ed \u00e8 via via peggiorata fino a provocarmi un enfisema polmonare. La malattia \u00e8 poi progredita\u00a0causandomi un\u2019insufficienza cardio-respiratoria.\r\n\r\nIl periodo critico \u00e8 iniziato quando per respirare ero obbligato ad usare l\u2019ossigeno e quindi la mia vita ha cominciato a dipendere da due contenitori di ossigeno liquido: uno fisso ed uno portatile senza il quale non ero in grado di avere un minimo di vita sociale e di autonomia. Questo periodo, che ha<\/p>        <\/div>\n            <!--<div class=\"mkdf-pt-one-info-section hide-section\">\n                 NASCONDERE CONTEGGIO LIKE \"AGGIUNTIVO\"\n         <div class=\"mkdf-blog-like\">\n                    <\/div>\n        NASCONDERE CONTEGGIO COMMENTI\n        <div class=\"mkdf-post-info-comments-holder\"><a class=\"mkdf-post-info-comments\" href=\"https:\/\/fondazionecomel.org\/en\/dialogando-en\/trapianto-cuore-polmoni-un-paziente-racconta-la-sua-esperienza-dopo-18-anni-dal-trapianto\/#respond\" target=\"_self\">0 Comments<\/a><\/div>                    <\/div>-->\n            <!--            <div class=\"mkdf-pt-one-excerpt\">\n                <p class=\"mkdf-post-excerpt\">\r\n\r\n \tPu\u00f2 fornirci\u00a0qualche cenno di come \u00e8 arrivato ad accettare di sottoporsi al trapianto cuore-polmoni?\r\n\r\nLa mia storia \u00e8 iniziata nel<\/p>            <\/div>\n                        -->\n    <\/div>\n<\/div><div class=\"mkdf-pt-one-item mkdf-post-item\">\n        \n    <div class=\"mkdf-pt-one-content-holder\">\n        <div class=\"mkdf-pt-one-title-holder\">\n            <h3 class=\"mkdf-pt-one-title \" >\n            <a itemprop=\"url\" class=\"mkdf-pt-link\" href=\"https:\/\/fondazionecomel.org\/en\/dialogando-en\/tumore-prostatico-diagnosi-precoce-marker-piu-promettente-del-psa-prostate-specific-antigen\/\" target=\"_self\">Tumore prostatico e diagnosi precoce: nuovo marker pi\u00f9 promettente del PSA (Prostate-specific antigen) &#8211; Intervista al Prof. Vincenzo Franchini<\/a>\n        <\/h3>\n        <\/div>\n\n        <div class=\"mkdf-pt-one-info-section\">\n            <div itemprop=\"dateCreated\" class=\"mkdf-post-info-date entry-date updated\" ><a id=\"data-articolo\" itemprop=\"url\" href=\"https:\/\/fondazionecomel.org\/en\/2010\/11\/\">Nov, 15, 2010<\/a><meta itemprop=\"interactionCount\" content=\"UserComments: 0\"\/><\/div>\r\n\r\n<div itemprop=\"dateCreated\" class=\"mkdf-post-info-date entry-date updated mkdf-post-info-dialogando\">\r\n<!-- CICLO IF RICHIAMO CAMPO DIALOGANDO -->\r\n    <\/div>            <div class=\"mkdf-post-info-author\"><a itemprop=\"author\" class=\"mkdf-post-info-author-link\" href=\"https:\/\/fondazionecomel.org\/en\/author\/mariateresa-canale\/\">Mariateresa Canale<\/a><\/div>\n            <div class=\"mkdf-post-info-category\">\r\n\r\n<a href=\"https:\/\/fondazionecomel.org\/en\/category\/dialogando-en\/\">Dialogando<\/a>\r\n<\/div>        <\/div> \n\n        <div class=\"mkdf-pt-one-excerpt\">\n            <p class=\"mkdf-post-excerpt\">Fortunacasinoonline.com regala momenti di divertimento con un'offerta aggiornata ogni settimana. Il portale propone slot tematiche, crash game e giochi istantanei per ogni gusto. Il programma fedelt\u00e0 trasforma le puntate in punti riscattabili come bonus reali. La web app consuma pochi dati, ideale anche per chi utilizza piani limitati. Il design moderno rende piacevole ogni sessione sul portale. Gli utenti possono contattare l'assistenza direttamente dall'area riservata.\r\nIntervista al Prof. Vincenzo Franchini - Responsabile Unit\u00e0 Operativa di Urologia e Capo del Dipartimento Chirurgico - Casa di Cura San Pio X di Milano\r\n\r\n1- incidenza del carcinoma prostatico e mortalit\u00e0\r\n\r\nProfessore, con quale frequenza rilevate il<\/p>        <\/div>\n            <!--<div class=\"mkdf-pt-one-info-section hide-section\">\n                 NASCONDERE CONTEGGIO LIKE \"AGGIUNTIVO\"\n         <div class=\"mkdf-blog-like\">\n                    <\/div>\n        NASCONDERE CONTEGGIO COMMENTI\n        <div class=\"mkdf-post-info-comments-holder\"><a class=\"mkdf-post-info-comments\" href=\"https:\/\/fondazionecomel.org\/en\/dialogando-en\/tumore-prostatico-diagnosi-precoce-marker-piu-promettente-del-psa-prostate-specific-antigen\/#respond\" target=\"_self\">0 Comments<\/a><\/div>                    <\/div>-->\n            <!--            <div class=\"mkdf-pt-one-excerpt\">\n                <p class=\"mkdf-post-excerpt\">Fortunacasinoonline.com regala momenti di divertimento con un'offerta aggiornata ogni settimana. Il portale propone slot tematiche, crash game e giochi istantanei<\/p>            <\/div>\n                        -->\n    <\/div>\n<\/div><\/div><\/div><\/div>[\/vc_column][\/vc_row]<\/p>\n","protected":false},"excerpt":{"rendered":"<p>[vc_row][vc_column][vc_column_text] Interviste Totale articoli:\u00a0 Amunra casino app \u00e8 una piattaforma in continua crescita, con nuovi giochi aggiunti regolarmente. Le criptovalute come Bitcoin ed Ethereum sono accettate con commissioni minime. Il supporto clienti \u00e8 attivo 24 ore su 24 tramite live chat ed email. L&#8217;interfaccia touch \u00e8 ottimizzata per una navigazione fluida su schermi piccoli. Il live casino ospita tavoli Evolution, Pragmatic Live ed Ezugi di altissima qualit\u00e0.[\/vc_column_text][\/vc_column][\/vc_row]<\/p>\n","protected":false},"author":1,"featured_media":0,"parent":6015,"menu_order":0,"comment_status":"closed","ping_status":"closed","template":"","meta":[],"acf":[],"yoast_head":"<!-- This site is optimized with the Yoast SEO plugin v17.6 - https:\/\/yoast.com\/wordpress\/plugins\/seo\/ -->\n<title>Interviste - Fondazione Comel<\/title>\n<meta name=\"robots\" content=\"index, follow, max-snippet:-1, max-image-preview:large, max-video-preview:-1\" \/>\n<link rel=\"canonical\" href=\"https:\/\/fondazionecomel.org\/en\/pubblicazioni\/dialogando\/interviste\/\" \/>\n<meta property=\"og:locale\" content=\"en_US\" \/>\n<meta property=\"og:type\" content=\"article\" \/>\n<meta property=\"og:title\" content=\"Interviste - Fondazione Comel\" \/>\n<meta property=\"og:description\" content=\"[vc_row][vc_column][vc_column_text] Interviste Totale articoli:\u00a0 Amunra casino app \u00e8 una piattaforma in continua crescita, con nuovi giochi aggiunti regolarmente. Le criptovalute come Bitcoin ed Ethereum sono accettate con commissioni minime. Il supporto clienti \u00e8 attivo 24 ore su 24 tramite live chat ed email. L&#8217;interfaccia touch \u00e8 ottimizzata per una navigazione fluida su schermi piccoli. Il live casino ospita tavoli Evolution, Pragmatic Live ed Ezugi di altissima qualit\u00e0.[\/vc_column_text][\/vc_column][\/vc_row]\" \/>\n<meta property=\"og:url\" content=\"https:\/\/fondazionecomel.org\/en\/pubblicazioni\/dialogando\/interviste\/\" \/>\n<meta property=\"og:site_name\" content=\"Fondazione Comel\" \/>\n<meta property=\"article:modified_time\" content=\"2026-04-29T11:32:29+00:00\" \/>\n<meta name=\"twitter:card\" content=\"summary\" \/>\n<meta name=\"twitter:label1\" content=\"Est. reading time\" \/>\n\t<meta name=\"twitter:data1\" content=\"1 minute\" \/>\n<script type=\"application\/ld+json\" class=\"yoast-schema-graph\">{\"@context\":\"https:\/\/schema.org\",\"@graph\":[{\"@type\":\"WebSite\",\"@id\":\"https:\/\/fondazionecomel.org\/#website\",\"url\":\"https:\/\/fondazionecomel.org\/\",\"name\":\"Fondazione Comel\",\"description\":\"\",\"potentialAction\":[{\"@type\":\"SearchAction\",\"target\":{\"@type\":\"EntryPoint\",\"urlTemplate\":\"https:\/\/fondazionecomel.org\/?s={search_term_string}\"},\"query-input\":\"required name=search_term_string\"}],\"inLanguage\":\"en-US\"},{\"@type\":\"WebPage\",\"@id\":\"https:\/\/fondazionecomel.org\/en\/pubblicazioni\/dialogando\/interviste\/#webpage\",\"url\":\"https:\/\/fondazionecomel.org\/en\/pubblicazioni\/dialogando\/interviste\/\",\"name\":\"Interviste - Fondazione Comel\",\"isPartOf\":{\"@id\":\"https:\/\/fondazionecomel.org\/#website\"},\"datePublished\":\"2018-07-24T12:10:39+00:00\",\"dateModified\":\"2026-04-29T11:32:29+00:00\",\"breadcrumb\":{\"@id\":\"https:\/\/fondazionecomel.org\/en\/pubblicazioni\/dialogando\/interviste\/#breadcrumb\"},\"inLanguage\":\"en-US\",\"potentialAction\":[{\"@type\":\"ReadAction\",\"target\":[\"https:\/\/fondazionecomel.org\/en\/pubblicazioni\/dialogando\/interviste\/\"]}]},{\"@type\":\"BreadcrumbList\",\"@id\":\"https:\/\/fondazionecomel.org\/en\/pubblicazioni\/dialogando\/interviste\/#breadcrumb\",\"itemListElement\":[{\"@type\":\"ListItem\",\"position\":1,\"name\":\"Home\",\"item\":\"https:\/\/fondazionecomel.org\/en\/\"},{\"@type\":\"ListItem\",\"position\":2,\"name\":\"Pubblicazioni\",\"item\":\"https:\/\/fondazionecomel.org\/en\/pubblicazioni\/\"},{\"@type\":\"ListItem\",\"position\":3,\"name\":\"Dialogando\",\"item\":\"https:\/\/fondazionecomel.org\/en\/pubblicazioni\/dialogando\/\"},{\"@type\":\"ListItem\",\"position\":4,\"name\":\"Interviste\"}]}]}<\/script>\n<!-- \/ Yoast SEO plugin. -->","yoast_head_json":{"title":"Interviste - Fondazione Comel","robots":{"index":"index","follow":"follow","max-snippet":"max-snippet:-1","max-image-preview":"max-image-preview:large","max-video-preview":"max-video-preview:-1"},"canonical":"https:\/\/fondazionecomel.org\/en\/pubblicazioni\/dialogando\/interviste\/","og_locale":"en_US","og_type":"article","og_title":"Interviste - Fondazione Comel","og_description":"[vc_row][vc_column][vc_column_text] Interviste Totale articoli:\u00a0 Amunra casino app \u00e8 una piattaforma in continua crescita, con nuovi giochi aggiunti regolarmente. Le criptovalute come Bitcoin ed Ethereum sono accettate con commissioni minime. Il supporto clienti \u00e8 attivo 24 ore su 24 tramite live chat ed email. L&#8217;interfaccia touch \u00e8 ottimizzata per una navigazione fluida su schermi piccoli. Il live casino ospita tavoli Evolution, Pragmatic Live ed Ezugi di altissima qualit\u00e0.[\/vc_column_text][\/vc_column][\/vc_row]","og_url":"https:\/\/fondazionecomel.org\/en\/pubblicazioni\/dialogando\/interviste\/","og_site_name":"Fondazione Comel","article_modified_time":"2026-04-29T11:32:29+00:00","twitter_card":"summary","twitter_misc":{"Est. reading time":"1 minute"},"schema":{"@context":"https:\/\/schema.org","@graph":[{"@type":"WebSite","@id":"https:\/\/fondazionecomel.org\/#website","url":"https:\/\/fondazionecomel.org\/","name":"Fondazione Comel","description":"","potentialAction":[{"@type":"SearchAction","target":{"@type":"EntryPoint","urlTemplate":"https:\/\/fondazionecomel.org\/?s={search_term_string}"},"query-input":"required name=search_term_string"}],"inLanguage":"en-US"},{"@type":"WebPage","@id":"https:\/\/fondazionecomel.org\/en\/pubblicazioni\/dialogando\/interviste\/#webpage","url":"https:\/\/fondazionecomel.org\/en\/pubblicazioni\/dialogando\/interviste\/","name":"Interviste - Fondazione Comel","isPartOf":{"@id":"https:\/\/fondazionecomel.org\/#website"},"datePublished":"2018-07-24T12:10:39+00:00","dateModified":"2026-04-29T11:32:29+00:00","breadcrumb":{"@id":"https:\/\/fondazionecomel.org\/en\/pubblicazioni\/dialogando\/interviste\/#breadcrumb"},"inLanguage":"en-US","potentialAction":[{"@type":"ReadAction","target":["https:\/\/fondazionecomel.org\/en\/pubblicazioni\/dialogando\/interviste\/"]}]},{"@type":"BreadcrumbList","@id":"https:\/\/fondazionecomel.org\/en\/pubblicazioni\/dialogando\/interviste\/#breadcrumb","itemListElement":[{"@type":"ListItem","position":1,"name":"Home","item":"https:\/\/fondazionecomel.org\/en\/"},{"@type":"ListItem","position":2,"name":"Pubblicazioni","item":"https:\/\/fondazionecomel.org\/en\/pubblicazioni\/"},{"@type":"ListItem","position":3,"name":"Dialogando","item":"https:\/\/fondazionecomel.org\/en\/pubblicazioni\/dialogando\/"},{"@type":"ListItem","position":4,"name":"Interviste"}]}]}},"_links":{"self":[{"href":"https:\/\/fondazionecomel.org\/en\/wp-json\/wp\/v2\/pages\/6014"}],"collection":[{"href":"https:\/\/fondazionecomel.org\/en\/wp-json\/wp\/v2\/pages"}],"about":[{"href":"https:\/\/fondazionecomel.org\/en\/wp-json\/wp\/v2\/types\/page"}],"author":[{"embeddable":true,"href":"https:\/\/fondazionecomel.org\/en\/wp-json\/wp\/v2\/users\/1"}],"replies":[{"embeddable":true,"href":"https:\/\/fondazionecomel.org\/en\/wp-json\/wp\/v2\/comments?post=6014"}],"version-history":[{"count":2,"href":"https:\/\/fondazionecomel.org\/en\/wp-json\/wp\/v2\/pages\/6014\/revisions"}],"predecessor-version":[{"id":11144,"href":"https:\/\/fondazionecomel.org\/en\/wp-json\/wp\/v2\/pages\/6014\/revisions\/11144"}],"up":[{"embeddable":true,"href":"https:\/\/fondazionecomel.org\/en\/wp-json\/wp\/v2\/pages\/6015"}],"wp:attachment":[{"href":"https:\/\/fondazionecomel.org\/en\/wp-json\/wp\/v2\/media?parent=6014"}],"curies":[{"name":"wp","href":"https:\/\/api.w.org\/{rel}","templated":true}]}}