{"id":6015,"date":"2018-07-11T13:10:29","date_gmt":"2018-07-11T13:10:29","guid":{"rendered":"https:\/\/fondazionecomel.org\/dialogando\/"},"modified":"2018-07-11T13:10:29","modified_gmt":"2018-07-11T13:10:29","slug":"dialogando","status":"publish","type":"page","link":"https:\/\/fondazionecomel.org\/en\/pubblicazioni\/dialogando\/","title":{"rendered":"Dialogando"},"content":{"rendered":"<p>[vc_row][vc_column][vc_column_text]<\/p>\n<h1 class=\"title\">DIALOGANDO &#8211; Medicina e altro a cura della Fondazione<\/h1>\n<p><em>La Newsletter della Fondazione, con pubblicazione quindicinale, trae il suo titolo da uno fra gli scopi dell\u2019ente che \u00e8 la libera comunicazione del pensiero: un dialogo ideale, quindi, che si occupa di medicina e altro.<\/em><\/p>\n<p><em>Essa \u00e8 inviata a <a href=\"https:\/\/fondazionecomel.org\/landing-iscrizione-dialogando\/\" target=\"_blank\" rel=\"noopener\">semplice domanda<\/a> e riceve contributi, a vario titolo, da chi desidera partecipare.<\/em><\/p>\n<p>Totale articoli:\u00a0234[\/vc_column_text]<div class=\"mkdf-bnl-holder mkdf-pl-one-holder  mkd-post-columns-1 mkdf-post-pag-load-more\"  data-base=\"mkdf_post_layout_one\"  data-number_of_posts=\"6\" data-column_number=\"1\"  data-category_slug=\"dialogando, piu-letti, contributi, dal-mondo-sanitario, \"      data-thumb_image_size=\"full\"     data-display_date=\"yes\"  data-display_category=\"yes\" data-display_author=\"yes\" data-display_comments=\"no\" data-display_like=\"no\" data-display_social_share=\"no\" data-display_rating=\"no\" data-display_button=\"no\"    data-display_pagination=\"yes\" data-pagination_type=\"load-more\"   data-paged=\"1\" data-max_pages=\"39\"  data-next_page=\"2\"><div class=\"mkdf-bnl-outer\"><div class=\"mkdf-bnl-inner\"><div class=\"mkdf-pt-one-item mkdf-post-item\">\n        \n    <div class=\"mkdf-pt-one-content-holder\">\n        <div class=\"mkdf-pt-one-title-holder\">\n            <h3 class=\"mkdf-pt-one-title \" >\n            <a itemprop=\"url\" class=\"mkdf-pt-link\" href=\"https:\/\/fondazionecomel.org\/en\/dialogando-en\/newsletter-en\/approfondimento-en\/lapprofondimento-pensieri-cielo-della-mente-un-pensiero-non-molla-la-presa\/\" target=\"_self\">L&#8217;APPROFONDIMENTO &#8211; I pensieri e il cielo della mente &#8211; Quando un pensiero non molla la presa<\/a>\n        <\/h3>\n        <\/div>\n\n        <div class=\"mkdf-pt-one-info-section\">\n            <div itemprop=\"dateCreated\" class=\"mkdf-post-info-date entry-date updated\" ><a id=\"data-articolo\" itemprop=\"url\" href=\"https:\/\/fondazionecomel.org\/en\/2019\/01\/\">Jan, 29, 2019<\/a><meta itemprop=\"interactionCount\" content=\"UserComments: 0\"\/><\/div>\r\n\r\n<div itemprop=\"dateCreated\" class=\"mkdf-post-info-date entry-date updated mkdf-post-info-dialogando\">\r\n<!-- CICLO IF RICHIAMO CAMPO DIALOGANDO -->\r\n    <a href=\"\/category\/dialogando\/numero-130\">Dialogando N\u00b0130<\/a><\/div>            <div class=\"mkdf-post-info-author\"><a itemprop=\"author\" class=\"mkdf-post-info-author-link\" href=\"https:\/\/fondazionecomel.org\/en\/author\/autore-1\/\">Elena Greggia<\/a><\/div>\n            <div class=\"mkdf-post-info-category\">\r\n\r\n<a href=\"https:\/\/fondazionecomel.org\/en\/category\/dialogando-en\/newsletter-en\/approfondimento-en\/\">Approfondimento<\/a>\r\n<\/div>        <\/div> \n\n        <div class=\"mkdf-pt-one-excerpt\">\n            <p class=\"mkdf-post-excerpt\">A volte accade che un pensiero non utile non molli la presa. Seguendo l'insegnamento orientale, avete pazientato, avete immaginato un buon maestro accanto a voi, avete cercato di dirigervi verso modi sani. O persino avete cercato di distrarvi. Ma quella rabbia o desiderio<\/p>        <\/div>\n            <!--<div class=\"mkdf-pt-one-info-section hide-section\">\n                 NASCONDERE CONTEGGIO LIKE \"AGGIUNTIVO\"\n         <div class=\"mkdf-blog-like\">\n                    <\/div>\n        NASCONDERE CONTEGGIO COMMENTI\n                            <\/div>-->\n            <!--            <div class=\"mkdf-pt-one-excerpt\">\n                <p class=\"mkdf-post-excerpt\">A volte accade che un pensiero non utile non molli la presa. Seguendo l'insegnamento orientale, avete pazientato, avete immaginato un<\/p>            <\/div>\n                        -->\n    <\/div>\n<\/div><div class=\"mkdf-pt-one-item mkdf-post-item\">\n        \n    <div class=\"mkdf-pt-one-content-holder\">\n        <div class=\"mkdf-pt-one-title-holder\">\n            <h3 class=\"mkdf-pt-one-title \" >\n            <a itemprop=\"url\" class=\"mkdf-pt-link\" href=\"https:\/\/fondazionecomel.org\/en\/dialogando-en\/editoriale-pensatori-navigatori\/\" target=\"_self\">EDITORIALE &#8211; Fra i pensatori e i navigatori<\/a>\n        <\/h3>\n        <\/div>\n\n        <div class=\"mkdf-pt-one-info-section\">\n            <div itemprop=\"dateCreated\" class=\"mkdf-post-info-date entry-date updated\" ><a id=\"data-articolo\" itemprop=\"url\" href=\"https:\/\/fondazionecomel.org\/en\/2019\/01\/\">Jan, 29, 2019<\/a><meta itemprop=\"interactionCount\" content=\"UserComments: 0\"\/><\/div>\r\n\r\n<div itemprop=\"dateCreated\" class=\"mkdf-post-info-date entry-date updated mkdf-post-info-dialogando\">\r\n<!-- CICLO IF RICHIAMO CAMPO DIALOGANDO -->\r\n    <a href=\"\/category\/dialogando\/pubblicazione-130\">Dialogando N\u00b0130<\/a><\/div>            <div class=\"mkdf-post-info-author\"><a itemprop=\"author\" class=\"mkdf-post-info-author-link\" href=\"https:\/\/fondazionecomel.org\/en\/author\/luca-maria-pedrotti\/\">Luca Maria Pedrotti Dell'Acqua<\/a><\/div>\n            <div class=\"mkdf-post-info-category\">\r\n\r\n<a href=\"https:\/\/fondazionecomel.org\/en\/category\/dialogando-en\/\">Dialogando<\/a>\r\n<\/div>        <\/div> \n\n        <div class=\"mkdf-pt-one-excerpt\">\n            <p class=\"mkdf-post-excerpt\">Fra i <em>pensatori<\/em> e i <em>navigatori<\/em> (quasi sempre a vista, che \u00e8 meno impegnativo) scolpiti nella pietra del Palazzo dell\u2019EUR \u00e8 silenziosamente emersa una nuova specie del <em>genus<\/em> italico che, giunta alla ribalta sulla cresta delle ultime elezioni, ha finalmente realizzato quel cambiamento invano promesso<\/p>        <\/div>\n            <!--<div class=\"mkdf-pt-one-info-section hide-section\">\n                 NASCONDERE CONTEGGIO LIKE \"AGGIUNTIVO\"\n         <div class=\"mkdf-blog-like\">\n                    <\/div>\n        NASCONDERE CONTEGGIO COMMENTI\n                            <\/div>-->\n            <!--            <div class=\"mkdf-pt-one-excerpt\">\n                <p class=\"mkdf-post-excerpt\">Fra i <em>pensatori<\/em> e i <em>navigatori<\/em> (quasi sempre a vista, che \u00e8 meno impegnativo) scolpiti nella pietra del Palazzo dell\u2019EUR<\/p>            <\/div>\n                        -->\n    <\/div>\n<\/div><div class=\"mkdf-pt-one-item mkdf-post-item\">\n        \n    <div class=\"mkdf-pt-one-content-holder\">\n        <div class=\"mkdf-pt-one-title-holder\">\n            <h3 class=\"mkdf-pt-one-title \" >\n            <a itemprop=\"url\" class=\"mkdf-pt-link\" href=\"https:\/\/fondazionecomel.org\/en\/dialogando-en\/apocrifa-sussurri-schiamazzi\/\" target=\"_self\">APOCRIFA &#8211; Sussurri e schiamazzi<\/a>\n        <\/h3>\n        <\/div>\n\n        <div class=\"mkdf-pt-one-info-section\">\n            <div itemprop=\"dateCreated\" class=\"mkdf-post-info-date entry-date updated\" ><a id=\"data-articolo\" itemprop=\"url\" href=\"https:\/\/fondazionecomel.org\/en\/2019\/01\/\">Jan, 29, 2019<\/a><meta itemprop=\"interactionCount\" content=\"UserComments: 0\"\/><\/div>\r\n\r\n<div itemprop=\"dateCreated\" class=\"mkdf-post-info-date entry-date updated mkdf-post-info-dialogando\">\r\n<!-- CICLO IF RICHIAMO CAMPO DIALOGANDO -->\r\n    <a href=\"\/category\/dialogando\/numero-130\">Dialogando N\u00b0130<\/a><\/div>            <div class=\"mkdf-post-info-author\"><a itemprop=\"author\" class=\"mkdf-post-info-author-link\" href=\"https:\/\/fondazionecomel.org\/en\/author\/luca-maria-pedrotti\/\">Luca Maria Pedrotti Dell'Acqua<\/a><\/div>\n            <div class=\"mkdf-post-info-category\">\r\n\r\n<a href=\"https:\/\/fondazionecomel.org\/en\/category\/dialogando-en\/newsletter-en\/apocrifa-en\/\">Apocrifa<\/a>\r\n<\/div>        <\/div> \n\n        <div class=\"mkdf-pt-one-excerpt\">\n            <p class=\"mkdf-post-excerpt\">Il rapporto della creatura umana con l\u2019et\u00e0 (sua, per lo pi\u00f9, ma non solo) \u00e8 quanto di pi\u00f9 relativo, oltre che ambiguo, si possa immaginare. Poich\u00e9 l\u2019et\u00e0 si specchia necessariamente nel tempo che, neppure tanto banalmente, \u00e8 una delle dimensioni con le quali, allo stato, sembra funzionare la nostra<\/p>        <\/div>\n            <!--<div class=\"mkdf-pt-one-info-section hide-section\">\n                 NASCONDERE CONTEGGIO LIKE \"AGGIUNTIVO\"\n         <div class=\"mkdf-blog-like\">\n                    <\/div>\n        NASCONDERE CONTEGGIO COMMENTI\n                            <\/div>-->\n            <!--            <div class=\"mkdf-pt-one-excerpt\">\n                <p class=\"mkdf-post-excerpt\">Il rapporto della creatura umana con l\u2019et\u00e0 (sua, per lo pi\u00f9, ma non solo) \u00e8 quanto di pi\u00f9 relativo, oltre<\/p>            <\/div>\n                        -->\n    <\/div>\n<\/div><div class=\"mkdf-pt-one-item mkdf-post-item\">\n        \n    <div class=\"mkdf-pt-one-content-holder\">\n        <div class=\"mkdf-pt-one-title-holder\">\n            <h3 class=\"mkdf-pt-one-title \" >\n            <a itemprop=\"url\" class=\"mkdf-pt-link\" href=\"https:\/\/fondazionecomel.org\/en\/dialogando-en\/pillole-rigor-mortis-paese-dei-campanelli-memento-19\/\" target=\"_self\">PILLOLE \u2013 rigor mortis, il paese dei campanelli e memento<\/a>\n        <\/h3>\n        <\/div>\n\n        <div class=\"mkdf-pt-one-info-section\">\n            <div itemprop=\"dateCreated\" class=\"mkdf-post-info-date entry-date updated\" ><a id=\"data-articolo\" itemprop=\"url\" href=\"https:\/\/fondazionecomel.org\/en\/2019\/01\/\">Jan, 29, 2019<\/a><meta itemprop=\"interactionCount\" content=\"UserComments: 0\"\/><\/div>\r\n\r\n<div itemprop=\"dateCreated\" class=\"mkdf-post-info-date entry-date updated mkdf-post-info-dialogando\">\r\n<!-- CICLO IF RICHIAMO CAMPO DIALOGANDO -->\r\n    <a href=\"\/category\/dialogando\/numero-130\">Dialogando N\u00b0130<\/a><\/div>            <div class=\"mkdf-post-info-author\"><a itemprop=\"author\" class=\"mkdf-post-info-author-link\" href=\"https:\/\/fondazionecomel.org\/en\/author\/luca-maria-pedrotti\/\">Luca Maria Pedrotti Dell'Acqua<\/a><\/div>\n            <div class=\"mkdf-post-info-category\">\r\n\r\n<a href=\"https:\/\/fondazionecomel.org\/en\/category\/dialogando-en\/\">Dialogando<\/a>\r\n<\/div>        <\/div> \n\n        <div class=\"mkdf-pt-one-excerpt\">\n            <p class=\"mkdf-post-excerpt\">PILLOLE - rigor mortis, il paese dei campanelli e memento<\/p>        <\/div>\n            <!--<div class=\"mkdf-pt-one-info-section hide-section\">\n                 NASCONDERE CONTEGGIO LIKE \"AGGIUNTIVO\"\n         <div class=\"mkdf-blog-like\">\n                    <\/div>\n        NASCONDERE CONTEGGIO COMMENTI\n                            <\/div>-->\n            <!--            <div class=\"mkdf-pt-one-excerpt\">\n                <p class=\"mkdf-post-excerpt\">PILLOLE - rigor mortis, il paese dei campanelli e memento<\/p>            <\/div>\n                        -->\n    <\/div>\n<\/div><div class=\"mkdf-pt-one-item mkdf-post-item\">\n        \n    <div class=\"mkdf-pt-one-content-holder\">\n        <div class=\"mkdf-pt-one-title-holder\">\n            <h3 class=\"mkdf-pt-one-title \" >\n            <a itemprop=\"url\" class=\"mkdf-pt-link\" href=\"https:\/\/fondazionecomel.org\/en\/dialogando-en\/meno-stress-le-donne-lasciare-fumo\/\" target=\"_self\">Meno stress (per le donne) per lasciare il fumo<\/a>\n        <\/h3>\n        <\/div>\n\n        <div class=\"mkdf-pt-one-info-section\">\n            <div itemprop=\"dateCreated\" class=\"mkdf-post-info-date entry-date updated\" ><a id=\"data-articolo\" itemprop=\"url\" href=\"https:\/\/fondazionecomel.org\/en\/2019\/01\/\">Jan, 29, 2019<\/a><meta itemprop=\"interactionCount\" content=\"UserComments: 0\"\/><\/div>\r\n\r\n<div itemprop=\"dateCreated\" class=\"mkdf-post-info-date entry-date updated mkdf-post-info-dialogando\">\r\n<!-- CICLO IF RICHIAMO CAMPO DIALOGANDO -->\r\n    <a href=\"\/category\/dialogando\/numero-130\">Dialogando N\u00b0130<\/a><\/div>            <div class=\"mkdf-post-info-author\"><a itemprop=\"author\" class=\"mkdf-post-info-author-link\" href=\"https:\/\/fondazionecomel.org\/en\/author\/fondazione-comel\/\">Redazione Fondazione Comel<\/a><\/div>\n            <div class=\"mkdf-post-info-category\">\r\n\r\n<a href=\"https:\/\/fondazionecomel.org\/en\/category\/dialogando-en\/dal-mondo-sanitario-en-2\/\">Dal Mondo Sanitario<\/a>\r\n<\/div>        <\/div> \n\n        <div class=\"mkdf-pt-one-excerpt\">\n            <p class=\"mkdf-post-excerpt\">Da una ricerca -condotta su 177 persone fumatrici- della <em>Medical University of South Carolina<\/em> e pubblicata su <em>Nicotine &amp; Tobacco Research<\/em> \u00e8 emerso che le donne hanno mostrato, rispetto agli uomini, pi\u00f9 desiderio di<\/p>        <\/div>\n            <!--<div class=\"mkdf-pt-one-info-section hide-section\">\n                 NASCONDERE CONTEGGIO LIKE \"AGGIUNTIVO\"\n         <div class=\"mkdf-blog-like\">\n                    <\/div>\n        NASCONDERE CONTEGGIO COMMENTI\n                            <\/div>-->\n            <!--            <div class=\"mkdf-pt-one-excerpt\">\n                <p class=\"mkdf-post-excerpt\">Da una ricerca -condotta su 177 persone fumatrici- della <em>Medical University of South Carolina<\/em> e pubblicata su <em>Nicotine &amp; Tobacco<\/p>            <\/div>\n                        -->\n    <\/div>\n<\/div><div class=\"mkdf-pt-one-item mkdf-post-item\">\n        \n    <div class=\"mkdf-pt-one-content-holder\">\n        <div class=\"mkdf-pt-one-title-holder\">\n            <h3 class=\"mkdf-pt-one-title \" >\n            <a itemprop=\"url\" class=\"mkdf-pt-link\" href=\"https:\/\/fondazionecomel.org\/en\/dialogando-en\/usa-epidemia-morbillo\/\" target=\"_self\">Usa: epidemia morbillo<\/a>\n        <\/h3>\n        <\/div>\n\n        <div class=\"mkdf-pt-one-info-section\">\n            <div itemprop=\"dateCreated\" class=\"mkdf-post-info-date entry-date updated\" ><a id=\"data-articolo\" itemprop=\"url\" href=\"https:\/\/fondazionecomel.org\/en\/2019\/01\/\">Jan, 29, 2019<\/a><meta itemprop=\"interactionCount\" content=\"UserComments: 0\"\/><\/div>\r\n\r\n<div itemprop=\"dateCreated\" class=\"mkdf-post-info-date entry-date updated mkdf-post-info-dialogando\">\r\n<!-- CICLO IF RICHIAMO CAMPO DIALOGANDO -->\r\n    <a href=\"\/category\/dialogando\/numero-130\">Dialogando N\u00b0130<\/a><\/div>            <div class=\"mkdf-post-info-author\"><a itemprop=\"author\" class=\"mkdf-post-info-author-link\" href=\"https:\/\/fondazionecomel.org\/en\/author\/fondazione-comel\/\">Redazione Fondazione Comel<\/a><\/div>\n            <div class=\"mkdf-post-info-category\">\r\n\r\n<a href=\"https:\/\/fondazionecomel.org\/en\/category\/dialogando-en\/dal-mondo-sanitario-en-2\/\">Dal Mondo Sanitario<\/a>\r\n<\/div>        <\/div> \n\n        <div class=\"mkdf-pt-one-excerpt\">\n            <p class=\"mkdf-post-excerpt\">Il governatore dello Stato di Washington ha dichiarare lo stato di emergenza sanitaria a motivo del fatto che sono stati individuati e, allo stato, confermati pi\u00f9 di trentacinque casi della malattia soprattutto fra bambini di et\u00e0 da<\/p>        <\/div>\n            <!--<div class=\"mkdf-pt-one-info-section hide-section\">\n                 NASCONDERE CONTEGGIO LIKE \"AGGIUNTIVO\"\n         <div class=\"mkdf-blog-like\">\n                    <\/div>\n        NASCONDERE CONTEGGIO COMMENTI\n                            <\/div>-->\n            <!--            <div class=\"mkdf-pt-one-excerpt\">\n                <p class=\"mkdf-post-excerpt\">Il governatore dello Stato di Washington ha dichiarare lo stato di emergenza sanitaria a motivo del fatto che sono stati<\/p>            <\/div>\n                        -->\n    <\/div>\n<\/div><\/div><\/div><div class=\"mkdf-bnl-navigation-holder\">\n    <div data-rel=\"39 \" class=\"mkdf-btn mkdf-bnl-load-more mkdf-load-more mkdf-btn-solid\">\n        <a href=\"https:\/\/fondazionecomel.org\/en\/wp-json\/wp\/v2\/pages\/6015\/page\/2\/\" >Show More<\/a>    <\/div>\n    <div class=\"mkdf-btn mkdf-bnl-load-more-loading mkdf-btn-solid\">\n        <a href=\"javascript: void(0)\" class=\"\">\n            LOADING...        <\/a>\n    <\/div>\n<\/div><\/div>[\/vc_column][\/vc_row]<\/p>\n","protected":false},"excerpt":{"rendered":"<p>[vc_row][vc_column][vc_column_text] DIALOGANDO &#8211; Medicina e altro a cura della Fondazione La Newsletter della Fondazione, con pubblicazione quindicinale, trae il suo titolo da uno fra gli scopi dell\u2019ente che \u00e8 la libera comunicazione del pensiero: un dialogo ideale, quindi, che si occupa di medicina e altro. Essa \u00e8 inviata a semplice domanda e riceve contributi, a vario titolo, da chi desidera partecipare. Totale articoli:\u00a0[\/vc_column_text][\/vc_column][\/vc_row]<\/p>\n","protected":false},"author":1,"featured_media":0,"parent":6025,"menu_order":0,"comment_status":"closed","ping_status":"closed","template":"","meta":[],"acf":[],"yoast_head":"<!-- This site is optimized with the Yoast SEO plugin v17.6 - https:\/\/yoast.com\/wordpress\/plugins\/seo\/ -->\n<title>Dialogando - Fondazione Comel<\/title>\n<meta name=\"robots\" content=\"index, follow, max-snippet:-1, max-image-preview:large, max-video-preview:-1\" \/>\n<link rel=\"canonical\" href=\"https:\/\/fondazionecomel.org\/en\/pubblicazioni\/dialogando\/\" \/>\n<meta property=\"og:locale\" content=\"en_US\" \/>\n<meta property=\"og:type\" content=\"article\" \/>\n<meta property=\"og:title\" content=\"Dialogando - Fondazione Comel\" \/>\n<meta property=\"og:description\" content=\"[vc_row][vc_column][vc_column_text] DIALOGANDO &#8211; Medicina e altro a cura della Fondazione La Newsletter della Fondazione, con pubblicazione quindicinale, trae il suo titolo da uno fra gli scopi dell\u2019ente che \u00e8 la libera comunicazione del pensiero: un dialogo ideale, quindi, che si occupa di medicina e altro. Essa \u00e8 inviata a semplice domanda e riceve contributi, a vario titolo, da chi desidera partecipare. Totale articoli:\u00a0[\/vc_column_text][\/vc_column][\/vc_row]\" \/>\n<meta property=\"og:url\" content=\"https:\/\/fondazionecomel.org\/en\/pubblicazioni\/dialogando\/\" \/>\n<meta property=\"og:site_name\" content=\"Fondazione Comel\" \/>\n<meta name=\"twitter:card\" content=\"summary\" \/>\n<meta name=\"twitter:label1\" content=\"Est. reading time\" \/>\n\t<meta name=\"twitter:data1\" content=\"1 minute\" \/>\n<script type=\"application\/ld+json\" class=\"yoast-schema-graph\">{\"@context\":\"https:\/\/schema.org\",\"@graph\":[{\"@type\":\"WebSite\",\"@id\":\"https:\/\/fondazionecomel.org\/#website\",\"url\":\"https:\/\/fondazionecomel.org\/\",\"name\":\"Fondazione Comel\",\"description\":\"\",\"potentialAction\":[{\"@type\":\"SearchAction\",\"target\":{\"@type\":\"EntryPoint\",\"urlTemplate\":\"https:\/\/fondazionecomel.org\/?s={search_term_string}\"},\"query-input\":\"required name=search_term_string\"}],\"inLanguage\":\"en-US\"},{\"@type\":\"WebPage\",\"@id\":\"https:\/\/fondazionecomel.org\/en\/pubblicazioni\/dialogando\/#webpage\",\"url\":\"https:\/\/fondazionecomel.org\/en\/pubblicazioni\/dialogando\/\",\"name\":\"Dialogando - Fondazione Comel\",\"isPartOf\":{\"@id\":\"https:\/\/fondazionecomel.org\/#website\"},\"datePublished\":\"2018-07-11T13:10:29+00:00\",\"dateModified\":\"2018-07-11T13:10:29+00:00\",\"breadcrumb\":{\"@id\":\"https:\/\/fondazionecomel.org\/en\/pubblicazioni\/dialogando\/#breadcrumb\"},\"inLanguage\":\"en-US\",\"potentialAction\":[{\"@type\":\"ReadAction\",\"target\":[\"https:\/\/fondazionecomel.org\/en\/pubblicazioni\/dialogando\/\"]}]},{\"@type\":\"BreadcrumbList\",\"@id\":\"https:\/\/fondazionecomel.org\/en\/pubblicazioni\/dialogando\/#breadcrumb\",\"itemListElement\":[{\"@type\":\"ListItem\",\"position\":1,\"name\":\"Home\",\"item\":\"https:\/\/fondazionecomel.org\/en\/\"},{\"@type\":\"ListItem\",\"position\":2,\"name\":\"Pubblicazioni\",\"item\":\"https:\/\/fondazionecomel.org\/en\/pubblicazioni\/\"},{\"@type\":\"ListItem\",\"position\":3,\"name\":\"Dialogando\"}]}]}<\/script>\n<!-- \/ Yoast SEO plugin. -->","yoast_head_json":{"title":"Dialogando - Fondazione Comel","robots":{"index":"index","follow":"follow","max-snippet":"max-snippet:-1","max-image-preview":"max-image-preview:large","max-video-preview":"max-video-preview:-1"},"canonical":"https:\/\/fondazionecomel.org\/en\/pubblicazioni\/dialogando\/","og_locale":"en_US","og_type":"article","og_title":"Dialogando - Fondazione Comel","og_description":"[vc_row][vc_column][vc_column_text] DIALOGANDO &#8211; Medicina e altro a cura della Fondazione La Newsletter della Fondazione, con pubblicazione quindicinale, trae il suo titolo da uno fra gli scopi dell\u2019ente che \u00e8 la libera comunicazione del pensiero: un dialogo ideale, quindi, che si occupa di medicina e altro. Essa \u00e8 inviata a semplice domanda e riceve contributi, a vario titolo, da chi desidera partecipare. Totale articoli:\u00a0[\/vc_column_text][\/vc_column][\/vc_row]","og_url":"https:\/\/fondazionecomel.org\/en\/pubblicazioni\/dialogando\/","og_site_name":"Fondazione Comel","twitter_card":"summary","twitter_misc":{"Est. reading time":"1 minute"},"schema":{"@context":"https:\/\/schema.org","@graph":[{"@type":"WebSite","@id":"https:\/\/fondazionecomel.org\/#website","url":"https:\/\/fondazionecomel.org\/","name":"Fondazione Comel","description":"","potentialAction":[{"@type":"SearchAction","target":{"@type":"EntryPoint","urlTemplate":"https:\/\/fondazionecomel.org\/?s={search_term_string}"},"query-input":"required name=search_term_string"}],"inLanguage":"en-US"},{"@type":"WebPage","@id":"https:\/\/fondazionecomel.org\/en\/pubblicazioni\/dialogando\/#webpage","url":"https:\/\/fondazionecomel.org\/en\/pubblicazioni\/dialogando\/","name":"Dialogando - Fondazione Comel","isPartOf":{"@id":"https:\/\/fondazionecomel.org\/#website"},"datePublished":"2018-07-11T13:10:29+00:00","dateModified":"2018-07-11T13:10:29+00:00","breadcrumb":{"@id":"https:\/\/fondazionecomel.org\/en\/pubblicazioni\/dialogando\/#breadcrumb"},"inLanguage":"en-US","potentialAction":[{"@type":"ReadAction","target":["https:\/\/fondazionecomel.org\/en\/pubblicazioni\/dialogando\/"]}]},{"@type":"BreadcrumbList","@id":"https:\/\/fondazionecomel.org\/en\/pubblicazioni\/dialogando\/#breadcrumb","itemListElement":[{"@type":"ListItem","position":1,"name":"Home","item":"https:\/\/fondazionecomel.org\/en\/"},{"@type":"ListItem","position":2,"name":"Pubblicazioni","item":"https:\/\/fondazionecomel.org\/en\/pubblicazioni\/"},{"@type":"ListItem","position":3,"name":"Dialogando"}]}]}},"_links":{"self":[{"href":"https:\/\/fondazionecomel.org\/en\/wp-json\/wp\/v2\/pages\/6015"}],"collection":[{"href":"https:\/\/fondazionecomel.org\/en\/wp-json\/wp\/v2\/pages"}],"about":[{"href":"https:\/\/fondazionecomel.org\/en\/wp-json\/wp\/v2\/types\/page"}],"author":[{"embeddable":true,"href":"https:\/\/fondazionecomel.org\/en\/wp-json\/wp\/v2\/users\/1"}],"replies":[{"embeddable":true,"href":"https:\/\/fondazionecomel.org\/en\/wp-json\/wp\/v2\/comments?post=6015"}],"version-history":[{"count":0,"href":"https:\/\/fondazionecomel.org\/en\/wp-json\/wp\/v2\/pages\/6015\/revisions"}],"up":[{"embeddable":true,"href":"https:\/\/fondazionecomel.org\/en\/wp-json\/wp\/v2\/pages\/6025"}],"wp:attachment":[{"href":"https:\/\/fondazionecomel.org\/en\/wp-json\/wp\/v2\/media?parent=6015"}],"curies":[{"name":"wp","href":"https:\/\/api.w.org\/{rel}","templated":true}]}}