{"id":6017,"date":"2018-05-29T13:50:36","date_gmt":"2018-05-29T13:50:36","guid":{"rendered":"https:\/\/fondazionecomel.org\/dialogando\/articoli-piu-letti\/"},"modified":"2022-02-21T21:18:38","modified_gmt":"2022-02-21T21:18:38","slug":"articoli-piu-letti","status":"publish","type":"page","link":"https:\/\/fondazionecomel.org\/en\/pubblicazioni\/dialogando\/articoli-piu-letti\/","title":{"rendered":"Articoli pi\u00f9 letti"},"content":{"rendered":"<p>[vc_row][vc_column][vc_column_text]<\/p>\n<h1 class=\"title\">Articoli pi\u00f9 letti<\/h1>\n<p>&nbsp;<\/p>\n<p>Totale articoli:\u00a03[\/vc_column_text]<div class=\"mkdf-bnl-holder mkdf-pl-one-holder  mkd-post-columns-1 mkdf-post-pag-np-horizontal\"  data-base=\"mkdf_post_layout_one\"  data-number_of_posts=\"6\" data-column_number=\"1\" data-category_id=\"738\"       data-thumb_image_size=\"full\"     data-display_date=\"yes\"   data-display_author=\"yes\"         data-display_pagination=\"yes\" data-pagination_type=\"np-horizontal\"   data-paged=\"1\" data-max_pages=\"1\"  data-next_page=\"2\"><div class=\"mkdf-bnl-outer\"><div class=\"mkdf-bnl-inner\"><div class=\"mkdf-pt-one-item mkdf-post-item\">\n        \n    <div class=\"mkdf-pt-one-content-holder\">\n        <div class=\"mkdf-pt-one-title-holder\">\n            <h3 class=\"mkdf-pt-one-title \" >\n            <a itemprop=\"url\" class=\"mkdf-pt-link\" href=\"https:\/\/fondazionecomel.org\/en\/dialogando-en\/newsletter-en\/approfondimento-en\/la-pillola-dei-5-giorni-dopo-arriva-in-italia-ma-con-limitazioni-sulla-prescrizione\/\" target=\"_self\">L&#8217;APPROFONDIMENTO: La \u201cPillola dei 5 giorni dopo\u201d arriva in Italia ma con limitazioni sulla prescrizione<\/a>\n        <\/h3>\n        <\/div>\n\n        <div class=\"mkdf-pt-one-info-section\">\n            <div itemprop=\"dateCreated\" class=\"mkdf-post-info-date entry-date updated\" ><a id=\"data-articolo\" itemprop=\"url\" href=\"https:\/\/fondazionecomel.org\/en\/2018\/03\/\">Mar, 23, 2018<\/a><meta itemprop=\"interactionCount\" content=\"UserComments: 0\"\/><\/div>\r\n\r\n<div itemprop=\"dateCreated\" class=\"mkdf-post-info-date entry-date updated mkdf-post-info-dialogando\">\r\n<!-- CICLO IF RICHIAMO CAMPO DIALOGANDO -->\r\n    <\/div>            <div class=\"mkdf-post-info-author\"><a itemprop=\"author\" class=\"mkdf-post-info-author-link\" href=\"https:\/\/fondazionecomel.org\/en\/author\/fondazione-comel\/\">Redazione Fondazione Comel<\/a><\/div>\n            <div class=\"mkdf-post-info-category\">\r\n\r\n<a href=\"https:\/\/fondazionecomel.org\/en\/category\/dialogando-en\/newsletter-en\/approfondimento-en\/\">Approfondimento<\/a>\r\n<\/div>        <\/div> \n\n        <div class=\"mkdf-pt-one-excerpt\">\n            <p class=\"mkdf-post-excerpt\">L\u2019azienda farmaceutica HRA Pharma, che commercializza la cosiddetta \u201cpillola del giorno dopo\u201d con il nome commerciale di Norlevo\u00ae, lancia anche in Italia la \u201cpillola dei cinque giorni dopo\u201d con il nome di EllaOne\u00ae.\u00a0Il principio attivo del farmaco \u00e8 Ulipristal acetato, un farmaco recentemente autorizzato al commercio in Italia. Il prodotto \u00e8 un modulatore selettivo del recettore del<\/p>        <\/div>\n            <!--<div class=\"mkdf-pt-one-info-section hide-section\">\n                 NASCONDERE CONTEGGIO LIKE \"AGGIUNTIVO\"\n         <div class=\"mkdf-blog-like\">\n                    <\/div>\n        NASCONDERE CONTEGGIO COMMENTI\n        <div class=\"mkdf-post-info-comments-holder\"><a class=\"mkdf-post-info-comments\" href=\"https:\/\/fondazionecomel.org\/en\/dialogando-en\/newsletter-en\/approfondimento-en\/la-pillola-dei-5-giorni-dopo-arriva-in-italia-ma-con-limitazioni-sulla-prescrizione\/#respond\" target=\"_self\">0 Comments<\/a><\/div>                    <\/div>-->\n            <!--            <div class=\"mkdf-pt-one-excerpt\">\n                <p class=\"mkdf-post-excerpt\">L\u2019azienda farmaceutica HRA Pharma, che commercializza la cosiddetta \u201cpillola del giorno dopo\u201d con il nome commerciale di Norlevo\u00ae, lancia anche<\/p>            <\/div>\n                        -->\n    <\/div>\n<\/div><div class=\"mkdf-pt-one-item mkdf-post-item\">\n        \n    <div class=\"mkdf-pt-one-content-holder\">\n        <div class=\"mkdf-pt-one-title-holder\">\n            <h3 class=\"mkdf-pt-one-title \" >\n            <a itemprop=\"url\" class=\"mkdf-pt-link\" href=\"https:\/\/fondazionecomel.org\/en\/dialogando-en\/newsletter-en\/approfondimento-en\/qualche-informazione-sulla-prostata\/\" target=\"_self\">L&#8217;APPROFONDIMENTO: Qualche informazione sulla prostata<\/a>\n        <\/h3>\n        <\/div>\n\n        <div class=\"mkdf-pt-one-info-section\">\n            <div itemprop=\"dateCreated\" class=\"mkdf-post-info-date entry-date updated\" ><a id=\"data-articolo\" itemprop=\"url\" href=\"https:\/\/fondazionecomel.org\/en\/2018\/03\/\">Mar, 23, 2018<\/a><meta itemprop=\"interactionCount\" content=\"UserComments: 0\"\/><\/div>\r\n\r\n<div itemprop=\"dateCreated\" class=\"mkdf-post-info-date entry-date updated mkdf-post-info-dialogando\">\r\n<!-- CICLO IF RICHIAMO CAMPO DIALOGANDO -->\r\n    <\/div>            <div class=\"mkdf-post-info-author\"><a itemprop=\"author\" class=\"mkdf-post-info-author-link\" href=\"https:\/\/fondazionecomel.org\/en\/author\/dott-roberto-colajanni\/\">Roberto Colajanni<\/a><\/div>\n            <div class=\"mkdf-post-info-category\">\r\n\r\n<a href=\"https:\/\/fondazionecomel.org\/en\/category\/dialogando-en\/newsletter-en\/approfondimento-en\/\">Approfondimento<\/a>\r\n<\/div>        <\/div> \n\n        <div class=\"mkdf-pt-one-excerpt\">\n            <p class=\"mkdf-post-excerpt\">La prostata \u00e8 una ghiandola di dimensioni e forma di una noce, che fa parte del sistema riproduttivo maschile. \u00c8 posizionata nella pelvi, sotto la vescica e di fronte al retto e la sua funzione \u00e8 quella di produrre ed emettere il liquido seminale, un liquido lattiginoso che nutre e trasporta gli spermatozoi dai testicoli al pene dove viene emesso con l\u2019eiaculazione. La prostata circonda parte dell\u2019<\/p>        <\/div>\n            <!--<div class=\"mkdf-pt-one-info-section hide-section\">\n                 NASCONDERE CONTEGGIO LIKE \"AGGIUNTIVO\"\n         <div class=\"mkdf-blog-like\">\n                    <\/div>\n        NASCONDERE CONTEGGIO COMMENTI\n        <div class=\"mkdf-post-info-comments-holder\"><a class=\"mkdf-post-info-comments\" href=\"https:\/\/fondazionecomel.org\/en\/dialogando-en\/newsletter-en\/approfondimento-en\/qualche-informazione-sulla-prostata\/#respond\" target=\"_self\">0 Comments<\/a><\/div>                    <\/div>-->\n            <!--            <div class=\"mkdf-pt-one-excerpt\">\n                <p class=\"mkdf-post-excerpt\">La prostata \u00e8 una ghiandola di dimensioni e forma di una noce, che fa parte del sistema riproduttivo maschile. \u00c8<\/p>            <\/div>\n                        -->\n    <\/div>\n<\/div><div class=\"mkdf-pt-one-item mkdf-post-item\">\n        \n    <div class=\"mkdf-pt-one-content-holder\">\n        <div class=\"mkdf-pt-one-title-holder\">\n            <h3 class=\"mkdf-pt-one-title \" >\n            <a itemprop=\"url\" class=\"mkdf-pt-link\" href=\"https:\/\/fondazionecomel.org\/en\/dialogando-en\/tumore-prostatico-diagnosi-precoce-marker-piu-promettente-del-psa-prostate-specific-antigen\/\" target=\"_self\">Tumore prostatico e diagnosi precoce: nuovo marker pi\u00f9 promettente del PSA (Prostate-specific antigen) &#8211; Intervista al Prof. Vincenzo Franchini<\/a>\n        <\/h3>\n        <\/div>\n\n        <div class=\"mkdf-pt-one-info-section\">\n            <div itemprop=\"dateCreated\" class=\"mkdf-post-info-date entry-date updated\" ><a id=\"data-articolo\" itemprop=\"url\" href=\"https:\/\/fondazionecomel.org\/en\/2010\/11\/\">Nov, 15, 2010<\/a><meta itemprop=\"interactionCount\" content=\"UserComments: 0\"\/><\/div>\r\n\r\n<div itemprop=\"dateCreated\" class=\"mkdf-post-info-date entry-date updated mkdf-post-info-dialogando\">\r\n<!-- CICLO IF RICHIAMO CAMPO DIALOGANDO -->\r\n    <\/div>            <div class=\"mkdf-post-info-author\"><a itemprop=\"author\" class=\"mkdf-post-info-author-link\" href=\"https:\/\/fondazionecomel.org\/en\/author\/mariateresa-canale\/\">Mariateresa Canale<\/a><\/div>\n            <div class=\"mkdf-post-info-category\">\r\n\r\n<a href=\"https:\/\/fondazionecomel.org\/en\/category\/dialogando-en\/\">Dialogando<\/a>\r\n<\/div>        <\/div> \n\n        <div class=\"mkdf-pt-one-excerpt\">\n            <p class=\"mkdf-post-excerpt\">\r\nIntervista al Prof. Vincenzo Franchini - Responsabile Unit\u00e0 Operativa di Urologia e Capo del Dipartimento Chirurgico - Casa di Cura San Pio X di Milano\r\n\r\n1- incidenza del carcinoma prostatico e mortalit\u00e0\r\n\r\nProfessore, con quale frequenza rilevate il CaP e quale \u00e8 il tasso di mortalit\u00e0?\r\n\r\nI dati, riferiti dalla AIOM, Associazione Italiana di Oncologia Medica, confermano che l'incidenza del CaP \u00e8 legata all'et\u00e0: a 40 anni si ammala 1 maschio su 10.000, mentre tra i 60 e gli 80 anni, 1 su 8. In termini assoluti, significa circa 43.000 nuovi casi ogni anno, con un numero di decessi tra i 7.500 e<\/p>        <\/div>\n            <!--<div class=\"mkdf-pt-one-info-section hide-section\">\n                 NASCONDERE CONTEGGIO LIKE \"AGGIUNTIVO\"\n         <div class=\"mkdf-blog-like\">\n                    <\/div>\n        NASCONDERE CONTEGGIO COMMENTI\n        <div class=\"mkdf-post-info-comments-holder\"><a class=\"mkdf-post-info-comments\" href=\"https:\/\/fondazionecomel.org\/en\/dialogando-en\/tumore-prostatico-diagnosi-precoce-marker-piu-promettente-del-psa-prostate-specific-antigen\/#respond\" target=\"_self\">0 Comments<\/a><\/div>                    <\/div>-->\n            <!--            <div class=\"mkdf-pt-one-excerpt\">\n                <p class=\"mkdf-post-excerpt\">\r\nIntervista al Prof. Vincenzo Franchini - Responsabile Unit\u00e0 Operativa di Urologia e Capo del Dipartimento Chirurgico - Casa di Cura<\/p>            <\/div>\n                        -->\n    <\/div>\n<\/div><\/div><\/div><\/div>[\/vc_column][\/vc_row]<\/p>\n","protected":false},"excerpt":{"rendered":"<p>[vc_row][vc_column][vc_column_text] Articoli pi\u00f9 letti &nbsp; Totale articoli:\u00a0[\/vc_column_text][\/vc_column][\/vc_row]<\/p>\n","protected":false},"author":1,"featured_media":0,"parent":6015,"menu_order":0,"comment_status":"closed","ping_status":"closed","template":"","meta":[],"acf":[],"yoast_head":"<!-- This site is optimized with the Yoast SEO plugin v17.6 - https:\/\/yoast.com\/wordpress\/plugins\/seo\/ -->\n<title>Articoli pi\u00f9 letti - Fondazione Comel<\/title>\n<meta name=\"robots\" content=\"index, follow, max-snippet:-1, max-image-preview:large, max-video-preview:-1\" \/>\n<link rel=\"canonical\" href=\"https:\/\/fondazionecomel.org\/en\/pubblicazioni\/dialogando\/articoli-piu-letti\/\" \/>\n<meta property=\"og:locale\" content=\"en_US\" \/>\n<meta property=\"og:type\" content=\"article\" \/>\n<meta property=\"og:title\" content=\"Articoli pi\u00f9 letti - Fondazione Comel\" \/>\n<meta property=\"og:description\" content=\"[vc_row][vc_column][vc_column_text] Articoli pi\u00f9 letti &nbsp; Totale articoli:\u00a0[\/vc_column_text][\/vc_column][\/vc_row]\" \/>\n<meta property=\"og:url\" content=\"https:\/\/fondazionecomel.org\/en\/pubblicazioni\/dialogando\/articoli-piu-letti\/\" \/>\n<meta property=\"og:site_name\" content=\"Fondazione Comel\" \/>\n<meta property=\"article:modified_time\" content=\"2022-02-21T21:18:38+00:00\" \/>\n<meta name=\"twitter:card\" content=\"summary\" \/>\n<meta name=\"twitter:label1\" content=\"Est. reading time\" \/>\n\t<meta name=\"twitter:data1\" content=\"1 minute\" \/>\n<script type=\"application\/ld+json\" class=\"yoast-schema-graph\">{\"@context\":\"https:\/\/schema.org\",\"@graph\":[{\"@type\":\"WebSite\",\"@id\":\"https:\/\/fondazionecomel.org\/#website\",\"url\":\"https:\/\/fondazionecomel.org\/\",\"name\":\"Fondazione Comel\",\"description\":\"\",\"potentialAction\":[{\"@type\":\"SearchAction\",\"target\":{\"@type\":\"EntryPoint\",\"urlTemplate\":\"https:\/\/fondazionecomel.org\/?s={search_term_string}\"},\"query-input\":\"required name=search_term_string\"}],\"inLanguage\":\"en-US\"},{\"@type\":\"WebPage\",\"@id\":\"https:\/\/fondazionecomel.org\/en\/pubblicazioni\/dialogando\/articoli-piu-letti\/#webpage\",\"url\":\"https:\/\/fondazionecomel.org\/en\/pubblicazioni\/dialogando\/articoli-piu-letti\/\",\"name\":\"Articoli pi\\u00f9 letti - Fondazione Comel\",\"isPartOf\":{\"@id\":\"https:\/\/fondazionecomel.org\/#website\"},\"datePublished\":\"2018-05-29T13:50:36+00:00\",\"dateModified\":\"2022-02-21T21:18:38+00:00\",\"breadcrumb\":{\"@id\":\"https:\/\/fondazionecomel.org\/en\/pubblicazioni\/dialogando\/articoli-piu-letti\/#breadcrumb\"},\"inLanguage\":\"en-US\",\"potentialAction\":[{\"@type\":\"ReadAction\",\"target\":[\"https:\/\/fondazionecomel.org\/en\/pubblicazioni\/dialogando\/articoli-piu-letti\/\"]}]},{\"@type\":\"BreadcrumbList\",\"@id\":\"https:\/\/fondazionecomel.org\/en\/pubblicazioni\/dialogando\/articoli-piu-letti\/#breadcrumb\",\"itemListElement\":[{\"@type\":\"ListItem\",\"position\":1,\"name\":\"Home\",\"item\":\"https:\/\/fondazionecomel.org\/en\/\"},{\"@type\":\"ListItem\",\"position\":2,\"name\":\"Pubblicazioni\",\"item\":\"https:\/\/fondazionecomel.org\/en\/pubblicazioni\/\"},{\"@type\":\"ListItem\",\"position\":3,\"name\":\"Dialogando\",\"item\":\"https:\/\/fondazionecomel.org\/en\/pubblicazioni\/dialogando\/\"},{\"@type\":\"ListItem\",\"position\":4,\"name\":\"Articoli pi\\u00f9 letti\"}]}]}<\/script>\n<!-- \/ Yoast SEO plugin. -->","yoast_head_json":{"title":"Articoli pi\u00f9 letti - Fondazione Comel","robots":{"index":"index","follow":"follow","max-snippet":"max-snippet:-1","max-image-preview":"max-image-preview:large","max-video-preview":"max-video-preview:-1"},"canonical":"https:\/\/fondazionecomel.org\/en\/pubblicazioni\/dialogando\/articoli-piu-letti\/","og_locale":"en_US","og_type":"article","og_title":"Articoli pi\u00f9 letti - Fondazione Comel","og_description":"[vc_row][vc_column][vc_column_text] Articoli pi\u00f9 letti &nbsp; Totale articoli:\u00a0[\/vc_column_text][\/vc_column][\/vc_row]","og_url":"https:\/\/fondazionecomel.org\/en\/pubblicazioni\/dialogando\/articoli-piu-letti\/","og_site_name":"Fondazione Comel","article_modified_time":"2022-02-21T21:18:38+00:00","twitter_card":"summary","twitter_misc":{"Est. reading time":"1 minute"},"schema":{"@context":"https:\/\/schema.org","@graph":[{"@type":"WebSite","@id":"https:\/\/fondazionecomel.org\/#website","url":"https:\/\/fondazionecomel.org\/","name":"Fondazione Comel","description":"","potentialAction":[{"@type":"SearchAction","target":{"@type":"EntryPoint","urlTemplate":"https:\/\/fondazionecomel.org\/?s={search_term_string}"},"query-input":"required name=search_term_string"}],"inLanguage":"en-US"},{"@type":"WebPage","@id":"https:\/\/fondazionecomel.org\/en\/pubblicazioni\/dialogando\/articoli-piu-letti\/#webpage","url":"https:\/\/fondazionecomel.org\/en\/pubblicazioni\/dialogando\/articoli-piu-letti\/","name":"Articoli pi\u00f9 letti - Fondazione Comel","isPartOf":{"@id":"https:\/\/fondazionecomel.org\/#website"},"datePublished":"2018-05-29T13:50:36+00:00","dateModified":"2022-02-21T21:18:38+00:00","breadcrumb":{"@id":"https:\/\/fondazionecomel.org\/en\/pubblicazioni\/dialogando\/articoli-piu-letti\/#breadcrumb"},"inLanguage":"en-US","potentialAction":[{"@type":"ReadAction","target":["https:\/\/fondazionecomel.org\/en\/pubblicazioni\/dialogando\/articoli-piu-letti\/"]}]},{"@type":"BreadcrumbList","@id":"https:\/\/fondazionecomel.org\/en\/pubblicazioni\/dialogando\/articoli-piu-letti\/#breadcrumb","itemListElement":[{"@type":"ListItem","position":1,"name":"Home","item":"https:\/\/fondazionecomel.org\/en\/"},{"@type":"ListItem","position":2,"name":"Pubblicazioni","item":"https:\/\/fondazionecomel.org\/en\/pubblicazioni\/"},{"@type":"ListItem","position":3,"name":"Dialogando","item":"https:\/\/fondazionecomel.org\/en\/pubblicazioni\/dialogando\/"},{"@type":"ListItem","position":4,"name":"Articoli pi\u00f9 letti"}]}]}},"_links":{"self":[{"href":"https:\/\/fondazionecomel.org\/en\/wp-json\/wp\/v2\/pages\/6017"}],"collection":[{"href":"https:\/\/fondazionecomel.org\/en\/wp-json\/wp\/v2\/pages"}],"about":[{"href":"https:\/\/fondazionecomel.org\/en\/wp-json\/wp\/v2\/types\/page"}],"author":[{"embeddable":true,"href":"https:\/\/fondazionecomel.org\/en\/wp-json\/wp\/v2\/users\/1"}],"replies":[{"embeddable":true,"href":"https:\/\/fondazionecomel.org\/en\/wp-json\/wp\/v2\/comments?post=6017"}],"version-history":[{"count":2,"href":"https:\/\/fondazionecomel.org\/en\/wp-json\/wp\/v2\/pages\/6017\/revisions"}],"predecessor-version":[{"id":7913,"href":"https:\/\/fondazionecomel.org\/en\/wp-json\/wp\/v2\/pages\/6017\/revisions\/7913"}],"up":[{"embeddable":true,"href":"https:\/\/fondazionecomel.org\/en\/wp-json\/wp\/v2\/pages\/6015"}],"wp:attachment":[{"href":"https:\/\/fondazionecomel.org\/en\/wp-json\/wp\/v2\/media?parent=6017"}],"curies":[{"name":"wp","href":"https:\/\/api.w.org\/{rel}","templated":true}]}}