{"id":6021,"date":"2018-03-23T15:03:43","date_gmt":"2018-03-23T15:03:43","guid":{"rendered":"https:\/\/fondazionecomel.org\/ams-anthologica-medica-santoriana\/"},"modified":"2018-03-23T15:03:43","modified_gmt":"2018-03-23T15:03:43","slug":"ams-anthologica-medica-santoriana","status":"publish","type":"page","link":"https:\/\/fondazionecomel.org\/en\/pubblicazioni\/ams-anthologica-medica-santoriana\/","title":{"rendered":"AMS: Anthologica Medica Santoriana"},"content":{"rendered":"<p>[vc_row][vc_column][vc_column_text]<\/p>\n<h1 class=\"title\">AMS: Anthologica Medica Santoriana<\/h1>\n<p>[\/vc_column_text][vc_column_text]<em>Anthologica Medica Santoriana (AMS) \u00e8 la pubblicazione fondata da M. Comel nel 1945 che prossimamente sar\u00e0 di nuovo disponibile, ma in formato elettronico. Aspira a una prospettiva culturale santoriana cio\u00e8, in un mondo gi\u00e0 super specializzato, a un denominatore comune costituito dal richiamo umanistico.<\/em><\/p>\n<p>&nbsp;<\/p>\n<p>Marcello Comel fonda nel 1943, un anno particolarmente tragico (tempo di ominosa disumanit\u00e0) per la vita degli uomini, l\u2019ente mecenatico INSTITUTUM SANTORIANUM DE HUMANITATE MEDICA, dedicato alla promozione della medicina, nelle sue attivit\u00e0 di studio e ricerca, in temperie (secondo quanto da lui scritto) d\u2019alta cultura umanistica, con aderenza alla spiritualit\u00e0 mediterranea della medicina empirica ippocratea e della scienza sperimentale galileiana. Si intitola al contemporaneo e collega di Galileo, Santorio Santorio, iniziatore della medicina sperimentale e promotore (De Statica Medica) della medicina emostatica attuale.<\/p>\n<p>Nella volont\u00e0 del fondatore, lo scopo dell\u2019INSTITUTUM, quindi, \u00e8 la promozione dell\u2019umanesimo (De Humanis Humane) negli studi medici e l\u2019inserimento armonico delle scienze mediche nella cultura umanistica, operando in modo scevro da eccessi (superfetazioni extra-scientifiche e scientismi tecnologici). Dunque l\u2019intendimento \u00e8 favorire ogni iniziativa, ogni progresso, ogni compimento nell\u2019\u00e0mbito degli studi medici senza alcuna discriminante: in un campo di generale concordia d\u2019intenti, di totale parit\u00e0 di uomini e di idee, entro i confini dell\u2019umanesimo.<\/p>\n<p>L\u2019attivit\u00e0 dell\u2019INSTITUTUM SANTORIANUM DE HUMANITATE MEDICA, altres\u00ec chiamato INSTITUTUM MEDICUM SANTORIANUM, \u00e8 perseguita favorendo l\u2019esecuzione e la pubblicazione di opere (ricerche, monografie, articoli), indicendo convegni, simposii e panels, offrendo borse di studio o premi.<\/p>\n<p>La sede legale dell\u2019Istituto \u00e8 a Milano, il Rettorato e gli Atenei sono a Pisa. Queste -praticamente alla lettera- le indicazioni e le linee guida operative realizzate da Marcello Comel in tutti i lunghi anni che sono trascorsi dal 1943 alla sua scomparsa.<\/p>\n<p>Nel 1945 \u00e8 iniziata -e continua tuttora- la pubblicazione della rivista <strong>Anthologica Medica Santoriana (AMS)<\/strong>, dal principio e nel tempo la maggiore e pi\u00f9 importante fra le pubblicazioni santoriane. Dapprima dedicata, sostanzialmente, alla dermatologia e medicina esterna, alla dermatologia sperimentale e funzionale, all\u2019idrologia medica e alla medicina ecologica e poi, progressivamente, maggiormente ampliata a ricomprendere -in una prospettiva di ricerca e conoscenza orizzontale- pi\u00f9 branche delle scienze mediche, ma sempre con la ricerca del denominatore comune costituito dall\u2019umanesimo.<\/p>\n<p>Oggi la Fondazione, erede e depositaria dello spirito di Marcello Comel e del suo INSTITUTUM, desidera mettere a disposizione degli studiosi e di ognuno che vi abbia interesse tutta l\u2019attivit\u00e0 editoriale profusa dall\u2019INSTITUTUM in AMS: sono disponibili in rete i numeri pubblicati dal 1996.\u00a0L\u2019opera di archiviazione elettronica proseguir\u00e0 nei prossimi mesi fino al suo completamento.<\/p>\n<p>L\u2019INSTITUTUM MEDICUM SANTORIANUM ha realizzato altres\u00ec un\u2019attivit\u00e0 editoriale umanistica (pubblicando, fra l\u2019altro, una monografia su Santorio e la prima edizione del libro di Metrodora) che \u00e8 ora intento della Fondazione riprendere per il tramite, prossimamente, della pubblicazione di uno specifico Supplemento di AMS dedicato alle lettere ed alle arti (secondo la volont\u00e0 del Fondatore: Sectio de Litteris et Artibus).[\/vc_column_text][vc_text_separator title=&#8221;Stiamo ricostruendo l&#8217;archivio della rivista&#8221;][\/vc_column][\/vc_row]<\/p>\n","protected":false},"excerpt":{"rendered":"<p>[vc_row][vc_column][vc_column_text] AMS: Anthologica Medica Santoriana [\/vc_column_text][vc_column_text]Anthologica Medica Santoriana (AMS) \u00e8 la pubblicazione fondata da M. Comel nel 1945 che prossimamente sar\u00e0 di nuovo disponibile, ma in formato elettronico. Aspira a una prospettiva culturale santoriana cio\u00e8, in un mondo gi\u00e0 super specializzato, a un denominatore comune costituito dal richiamo umanistico. &nbsp; Marcello Comel fonda nel 1943, un anno particolarmente tragico (tempo di ominosa disumanit\u00e0) per la vita degli uomini, l\u2019ente mecenatico INSTITUTUM SANTORIANUM DE HUMANITATE MEDICA, dedicato alla promozione della medicina, nelle sue attivit\u00e0 di studio e ricerca, in temperie (secondo quanto da lui scritto) d\u2019alta cultura umanistica, con aderenza alla [&hellip;]<\/p>\n","protected":false},"author":1,"featured_media":0,"parent":6025,"menu_order":0,"comment_status":"closed","ping_status":"closed","template":"","meta":[],"acf":[],"yoast_head":"<!-- This site is optimized with the Yoast SEO plugin v17.6 - https:\/\/yoast.com\/wordpress\/plugins\/seo\/ -->\n<title>AMS: Anthologica Medica Santoriana - Fondazione Comel<\/title>\n<meta name=\"robots\" content=\"index, follow, max-snippet:-1, max-image-preview:large, max-video-preview:-1\" \/>\n<link rel=\"canonical\" href=\"https:\/\/fondazionecomel.org\/en\/pubblicazioni\/ams-anthologica-medica-santoriana\/\" \/>\n<meta property=\"og:locale\" content=\"en_US\" \/>\n<meta property=\"og:type\" content=\"article\" \/>\n<meta property=\"og:title\" content=\"AMS: Anthologica Medica Santoriana - Fondazione Comel\" \/>\n<meta property=\"og:description\" content=\"[vc_row][vc_column][vc_column_text] AMS: Anthologica Medica Santoriana [\/vc_column_text][vc_column_text]Anthologica Medica Santoriana (AMS) \u00e8 la pubblicazione fondata da M. Comel nel 1945 che prossimamente sar\u00e0 di nuovo disponibile, ma in formato elettronico. Aspira a una prospettiva culturale santoriana cio\u00e8, in un mondo gi\u00e0 super specializzato, a un denominatore comune costituito dal richiamo umanistico. &nbsp; Marcello Comel fonda nel 1943, un anno particolarmente tragico (tempo di ominosa disumanit\u00e0) per la vita degli uomini, l\u2019ente mecenatico INSTITUTUM SANTORIANUM DE HUMANITATE MEDICA, dedicato alla promozione della medicina, nelle sue attivit\u00e0 di studio e ricerca, in temperie (secondo quanto da lui scritto) d\u2019alta cultura umanistica, con aderenza alla [&hellip;]\" \/>\n<meta property=\"og:url\" content=\"https:\/\/fondazionecomel.org\/en\/pubblicazioni\/ams-anthologica-medica-santoriana\/\" \/>\n<meta property=\"og:site_name\" content=\"Fondazione Comel\" \/>\n<meta name=\"twitter:card\" content=\"summary\" \/>\n<meta name=\"twitter:label1\" content=\"Est. reading time\" \/>\n\t<meta name=\"twitter:data1\" content=\"3 minutes\" \/>\n<script type=\"application\/ld+json\" class=\"yoast-schema-graph\">{\"@context\":\"https:\/\/schema.org\",\"@graph\":[{\"@type\":\"WebSite\",\"@id\":\"https:\/\/fondazionecomel.org\/#website\",\"url\":\"https:\/\/fondazionecomel.org\/\",\"name\":\"Fondazione Comel\",\"description\":\"\",\"potentialAction\":[{\"@type\":\"SearchAction\",\"target\":{\"@type\":\"EntryPoint\",\"urlTemplate\":\"https:\/\/fondazionecomel.org\/?s={search_term_string}\"},\"query-input\":\"required name=search_term_string\"}],\"inLanguage\":\"en-US\"},{\"@type\":\"WebPage\",\"@id\":\"https:\/\/fondazionecomel.org\/en\/pubblicazioni\/ams-anthologica-medica-santoriana\/#webpage\",\"url\":\"https:\/\/fondazionecomel.org\/en\/pubblicazioni\/ams-anthologica-medica-santoriana\/\",\"name\":\"AMS: Anthologica Medica Santoriana - Fondazione Comel\",\"isPartOf\":{\"@id\":\"https:\/\/fondazionecomel.org\/#website\"},\"datePublished\":\"2018-03-23T15:03:43+00:00\",\"dateModified\":\"2018-03-23T15:03:43+00:00\",\"breadcrumb\":{\"@id\":\"https:\/\/fondazionecomel.org\/en\/pubblicazioni\/ams-anthologica-medica-santoriana\/#breadcrumb\"},\"inLanguage\":\"en-US\",\"potentialAction\":[{\"@type\":\"ReadAction\",\"target\":[\"https:\/\/fondazionecomel.org\/en\/pubblicazioni\/ams-anthologica-medica-santoriana\/\"]}]},{\"@type\":\"BreadcrumbList\",\"@id\":\"https:\/\/fondazionecomel.org\/en\/pubblicazioni\/ams-anthologica-medica-santoriana\/#breadcrumb\",\"itemListElement\":[{\"@type\":\"ListItem\",\"position\":1,\"name\":\"Home\",\"item\":\"https:\/\/fondazionecomel.org\/en\/\"},{\"@type\":\"ListItem\",\"position\":2,\"name\":\"Pubblicazioni\",\"item\":\"https:\/\/fondazionecomel.org\/en\/pubblicazioni\/\"},{\"@type\":\"ListItem\",\"position\":3,\"name\":\"AMS: Anthologica Medica Santoriana\"}]}]}<\/script>\n<!-- \/ Yoast SEO plugin. -->","yoast_head_json":{"title":"AMS: Anthologica Medica Santoriana - Fondazione Comel","robots":{"index":"index","follow":"follow","max-snippet":"max-snippet:-1","max-image-preview":"max-image-preview:large","max-video-preview":"max-video-preview:-1"},"canonical":"https:\/\/fondazionecomel.org\/en\/pubblicazioni\/ams-anthologica-medica-santoriana\/","og_locale":"en_US","og_type":"article","og_title":"AMS: Anthologica Medica Santoriana - Fondazione Comel","og_description":"[vc_row][vc_column][vc_column_text] AMS: Anthologica Medica Santoriana [\/vc_column_text][vc_column_text]Anthologica Medica Santoriana (AMS) \u00e8 la pubblicazione fondata da M. Comel nel 1945 che prossimamente sar\u00e0 di nuovo disponibile, ma in formato elettronico. Aspira a una prospettiva culturale santoriana cio\u00e8, in un mondo gi\u00e0 super specializzato, a un denominatore comune costituito dal richiamo umanistico. &nbsp; Marcello Comel fonda nel 1943, un anno particolarmente tragico (tempo di ominosa disumanit\u00e0) per la vita degli uomini, l\u2019ente mecenatico INSTITUTUM SANTORIANUM DE HUMANITATE MEDICA, dedicato alla promozione della medicina, nelle sue attivit\u00e0 di studio e ricerca, in temperie (secondo quanto da lui scritto) d\u2019alta cultura umanistica, con aderenza alla [&hellip;]","og_url":"https:\/\/fondazionecomel.org\/en\/pubblicazioni\/ams-anthologica-medica-santoriana\/","og_site_name":"Fondazione Comel","twitter_card":"summary","twitter_misc":{"Est. reading time":"3 minutes"},"schema":{"@context":"https:\/\/schema.org","@graph":[{"@type":"WebSite","@id":"https:\/\/fondazionecomel.org\/#website","url":"https:\/\/fondazionecomel.org\/","name":"Fondazione Comel","description":"","potentialAction":[{"@type":"SearchAction","target":{"@type":"EntryPoint","urlTemplate":"https:\/\/fondazionecomel.org\/?s={search_term_string}"},"query-input":"required name=search_term_string"}],"inLanguage":"en-US"},{"@type":"WebPage","@id":"https:\/\/fondazionecomel.org\/en\/pubblicazioni\/ams-anthologica-medica-santoriana\/#webpage","url":"https:\/\/fondazionecomel.org\/en\/pubblicazioni\/ams-anthologica-medica-santoriana\/","name":"AMS: Anthologica Medica Santoriana - Fondazione Comel","isPartOf":{"@id":"https:\/\/fondazionecomel.org\/#website"},"datePublished":"2018-03-23T15:03:43+00:00","dateModified":"2018-03-23T15:03:43+00:00","breadcrumb":{"@id":"https:\/\/fondazionecomel.org\/en\/pubblicazioni\/ams-anthologica-medica-santoriana\/#breadcrumb"},"inLanguage":"en-US","potentialAction":[{"@type":"ReadAction","target":["https:\/\/fondazionecomel.org\/en\/pubblicazioni\/ams-anthologica-medica-santoriana\/"]}]},{"@type":"BreadcrumbList","@id":"https:\/\/fondazionecomel.org\/en\/pubblicazioni\/ams-anthologica-medica-santoriana\/#breadcrumb","itemListElement":[{"@type":"ListItem","position":1,"name":"Home","item":"https:\/\/fondazionecomel.org\/en\/"},{"@type":"ListItem","position":2,"name":"Pubblicazioni","item":"https:\/\/fondazionecomel.org\/en\/pubblicazioni\/"},{"@type":"ListItem","position":3,"name":"AMS: Anthologica Medica Santoriana"}]}]}},"_links":{"self":[{"href":"https:\/\/fondazionecomel.org\/en\/wp-json\/wp\/v2\/pages\/6021"}],"collection":[{"href":"https:\/\/fondazionecomel.org\/en\/wp-json\/wp\/v2\/pages"}],"about":[{"href":"https:\/\/fondazionecomel.org\/en\/wp-json\/wp\/v2\/types\/page"}],"author":[{"embeddable":true,"href":"https:\/\/fondazionecomel.org\/en\/wp-json\/wp\/v2\/users\/1"}],"replies":[{"embeddable":true,"href":"https:\/\/fondazionecomel.org\/en\/wp-json\/wp\/v2\/comments?post=6021"}],"version-history":[{"count":0,"href":"https:\/\/fondazionecomel.org\/en\/wp-json\/wp\/v2\/pages\/6021\/revisions"}],"up":[{"embeddable":true,"href":"https:\/\/fondazionecomel.org\/en\/wp-json\/wp\/v2\/pages\/6025"}],"wp:attachment":[{"href":"https:\/\/fondazionecomel.org\/en\/wp-json\/wp\/v2\/media?parent=6021"}],"curies":[{"name":"wp","href":"https:\/\/api.w.org\/{rel}","templated":true}]}}