{"id":6023,"date":"2017-10-10T15:56:56","date_gmt":"2017-10-10T15:56:56","guid":{"rendered":"https:\/\/fondazionecomel.org\/privacy-mailup\/"},"modified":"2017-10-10T15:56:56","modified_gmt":"2017-10-10T15:56:56","slug":"privacy-mailup","status":"publish","type":"page","link":"https:\/\/fondazionecomel.org\/en\/privacy-mailup\/","title":{"rendered":"Informativa privacy mailup"},"content":{"rendered":"<h4>Informativa privacy<\/h4>\n<p><strong>1. Titolare del trattamento<\/strong><br \/>\nMailUp S.p.A. \u2013 Viale F. Restelli 1, 20124 Milano (Italia) \u2013 Titolare del trattamento, garantisce il rispetto della disciplina in materia di protezione dei dati personali e, pertanto, fornisce le seguenti informazioni circa il trattamento dei dati comunicati o comunque raccolti nel corso della navigazione sul presente Sito.<\/p>\n<p><strong>2. Dati trattati e finalit\u00e0 del trattamento<\/strong><br \/>\n<em>Dati di navigazione<\/em><br \/>\nI sistemi informatici e le procedure software preposte al funzionamento di questo sito acquisiscono, nel corso del loro normale esercizio, alcuni dati personali la cui trasmissione \u00e8 implicita nell\u2019uso dei protocolli di comunicazione di Internet.<br \/>\nQuesti dati (quali ad esempio nomi di dominio, indirizzi IP e tipi di browser) non sono accompagnati da alcuna informazione personale aggiuntiva e vengono utilizzati per: i) ricavare informazioni statistiche anonime sull\u2019uso del sito; ii) esigenze di controllo delle modalit\u00e0 di utilizzo dello stesso, iii) l\u2019accertamento di responsabilit\u00e0 in caso di ipotetici reati informatici.<\/p>\n<p><em>Dati forniti volontariamente dall\u2019utente<\/em><br \/>\nI dati personali richiesti tramite form sono raccolti e trattati per le seguenti finalit\u00e0:<\/p>\n<ol type=\"a\">\n<li>per lo svolgimento delle attivit\u00e0 di relazione con il cliente in base agli accordi contrattuali. Nel caso di utilizzo in prova dei servizi MailUp i dati di recapito, a completamento del servizio di prova, potranno essere utilizzati per verificare direttamente l\u2019esperienza di utilizzo della piattaforma;<\/li>\n<li>per finalit\u00e0 amministrative e per l\u2019adempimento di obblighi di legge quali ad esempio quelli di natura contabile, fiscale, o per dar corso a richieste dell\u2019autorit\u00e0 giudiziaria;<\/li>\n<li>in presenza di specifico consenso, per l\u2019invio periodico, tramite e-mail, di newsletter e materiale pubblicitario;<\/li>\n<li>in presenza di specifico consenso, per ricevere aggiornamenti sulle nostre attivit\u00e0 e segnalazioni sulla pubblicazione di post del nostro blog;<\/li>\n<li>in presenza di specifico consenso, per ricevere comunicazioni promozionali ed inviti ad eventi, corsi di formazione, webinar, promozioni speciali o a partecipare a analisi e ricerche di mercato;<\/li>\n<li>nel caso di invio di curriculum vitae, esclusivamente per finalit\u00e0 di selezione.<\/li>\n<\/ol>\n<p><em>Dati raccolti tramite la Piattaforma MailUp<\/em><br \/>\nPer completa informazione precisiamo che nell\u2019invio delle comunicazioni, MailUp S.p.A. si avvale della propria Piattaforma MailUp, che, attraverso sistemi di tracciamento statistico (ad esempio web beacons), consente di rilevare l\u2019apertura di un messaggio, i click effettuati sui collegamenti ipertestuali contenuti all\u2019interno dell\u2019email, da quale indirizzo IP o con quale tipo di browser viene aperta l\u2019email, e altri dettagli simili. La raccolta di tali dati \u00e8 funzionale all\u2019utilizzo della piattaforma e costituisce parte integrante delle funzionalit\u00e0 del sistema di invio dei messaggi.<\/p>\n<p><strong>3. Natura del conferimento<\/strong><br \/>\nA parte quanto specificato per i dati di navigazione e per i dati raccolti tramite la Piattaforma MailUp, il conferimento dei dati:<\/p>\n<ul>\n<li>rispetto alle finalit\u00e0 di cui alle lettere a), b) ed f) \u00e8 facoltativo ma l\u2019eventuale rifiuto comporter\u00e0 l\u2019impossibilit\u00e0 per MailUp S.p.A. di dar corso agli impegni contrattuali assunti.<\/li>\n<li>Rispetto alle finalit\u00e0 di cui alla lettera c), d) ed e) \u00e8 anche esso facoltativo e il loro utilizzo \u00e8 condizionato al rilascio di un esplicito consenso. L\u2019eventuale rifiuto comporter\u00e0 l\u2019impossibilit\u00e0 per MailUp S.p.A. di inviare newsletter e materiale pubblicitario o inviti a eventi e iniziative di MailUp.<\/li>\n<\/ul>\n<p><strong>4. Modalit\u00e0 di trattamento\u00a0<\/strong><br \/>\nI dati raccolti saranno trattati mediante strumenti elettronici o comunque automatizzati, informatici e telematici, o mediante elaborazioni manuali con logiche strettamente correlate alle finalit\u00e0 per le quali i dati personali sono stati raccolti e, comunque, in modo da garantire in ogni caso la sicurezza dei medesimi.<\/p>\n","protected":false},"excerpt":{"rendered":"<p>Informativa privacy 1. Titolare del trattamento MailUp S.p.A. \u2013 Viale F. Restelli 1, 20124 Milano (Italia) \u2013 Titolare del trattamento, garantisce il rispetto della disciplina in materia di protezione dei dati personali e, pertanto, fornisce le seguenti informazioni circa il trattamento dei dati comunicati o comunque raccolti nel corso della navigazione sul presente Sito. 2. Dati trattati e finalit\u00e0 del trattamento Dati di navigazione I sistemi informatici e le procedure software preposte al funzionamento di questo sito acquisiscono, nel corso del loro normale esercizio, alcuni dati personali la cui trasmissione \u00e8 implicita nell\u2019uso dei protocolli di comunicazione di Internet. Questi [&hellip;]<\/p>\n","protected":false},"author":1,"featured_media":0,"parent":0,"menu_order":0,"comment_status":"closed","ping_status":"closed","template":"","meta":[],"acf":[],"yoast_head":"<!-- This site is optimized with the Yoast SEO plugin v17.6 - https:\/\/yoast.com\/wordpress\/plugins\/seo\/ -->\n<title>Informativa privacy mailup - Fondazione Comel<\/title>\n<meta name=\"robots\" content=\"index, follow, max-snippet:-1, max-image-preview:large, max-video-preview:-1\" \/>\n<link rel=\"canonical\" href=\"https:\/\/fondazionecomel.org\/en\/privacy-mailup\/\" \/>\n<meta property=\"og:locale\" content=\"en_US\" \/>\n<meta property=\"og:type\" content=\"article\" \/>\n<meta property=\"og:title\" content=\"Informativa privacy mailup - Fondazione Comel\" \/>\n<meta property=\"og:description\" content=\"Informativa privacy 1. Titolare del trattamento MailUp S.p.A. \u2013 Viale F. Restelli 1, 20124 Milano (Italia) \u2013 Titolare del trattamento, garantisce il rispetto della disciplina in materia di protezione dei dati personali e, pertanto, fornisce le seguenti informazioni circa il trattamento dei dati comunicati o comunque raccolti nel corso della navigazione sul presente Sito. 2. Dati trattati e finalit\u00e0 del trattamento Dati di navigazione I sistemi informatici e le procedure software preposte al funzionamento di questo sito acquisiscono, nel corso del loro normale esercizio, alcuni dati personali la cui trasmissione \u00e8 implicita nell\u2019uso dei protocolli di comunicazione di Internet. Questi [&hellip;]\" \/>\n<meta property=\"og:url\" content=\"https:\/\/fondazionecomel.org\/en\/privacy-mailup\/\" \/>\n<meta property=\"og:site_name\" content=\"Fondazione Comel\" \/>\n<meta name=\"twitter:card\" content=\"summary\" \/>\n<meta name=\"twitter:label1\" content=\"Est. reading time\" \/>\n\t<meta name=\"twitter:data1\" content=\"3 minutes\" \/>\n<script type=\"application\/ld+json\" class=\"yoast-schema-graph\">{\"@context\":\"https:\/\/schema.org\",\"@graph\":[{\"@type\":\"WebSite\",\"@id\":\"https:\/\/fondazionecomel.org\/#website\",\"url\":\"https:\/\/fondazionecomel.org\/\",\"name\":\"Fondazione Comel\",\"description\":\"\",\"potentialAction\":[{\"@type\":\"SearchAction\",\"target\":{\"@type\":\"EntryPoint\",\"urlTemplate\":\"https:\/\/fondazionecomel.org\/?s={search_term_string}\"},\"query-input\":\"required name=search_term_string\"}],\"inLanguage\":\"en-US\"},{\"@type\":\"WebPage\",\"@id\":\"https:\/\/fondazionecomel.org\/en\/privacy-mailup\/#webpage\",\"url\":\"https:\/\/fondazionecomel.org\/en\/privacy-mailup\/\",\"name\":\"Informativa privacy mailup - Fondazione Comel\",\"isPartOf\":{\"@id\":\"https:\/\/fondazionecomel.org\/#website\"},\"datePublished\":\"2017-10-10T15:56:56+00:00\",\"dateModified\":\"2017-10-10T15:56:56+00:00\",\"breadcrumb\":{\"@id\":\"https:\/\/fondazionecomel.org\/en\/privacy-mailup\/#breadcrumb\"},\"inLanguage\":\"en-US\",\"potentialAction\":[{\"@type\":\"ReadAction\",\"target\":[\"https:\/\/fondazionecomel.org\/en\/privacy-mailup\/\"]}]},{\"@type\":\"BreadcrumbList\",\"@id\":\"https:\/\/fondazionecomel.org\/en\/privacy-mailup\/#breadcrumb\",\"itemListElement\":[{\"@type\":\"ListItem\",\"position\":1,\"name\":\"Home\",\"item\":\"https:\/\/fondazionecomel.org\/en\/\"},{\"@type\":\"ListItem\",\"position\":2,\"name\":\"Informativa privacy mailup\"}]}]}<\/script>\n<!-- \/ Yoast SEO plugin. -->","yoast_head_json":{"title":"Informativa privacy mailup - Fondazione Comel","robots":{"index":"index","follow":"follow","max-snippet":"max-snippet:-1","max-image-preview":"max-image-preview:large","max-video-preview":"max-video-preview:-1"},"canonical":"https:\/\/fondazionecomel.org\/en\/privacy-mailup\/","og_locale":"en_US","og_type":"article","og_title":"Informativa privacy mailup - Fondazione Comel","og_description":"Informativa privacy 1. Titolare del trattamento MailUp S.p.A. \u2013 Viale F. Restelli 1, 20124 Milano (Italia) \u2013 Titolare del trattamento, garantisce il rispetto della disciplina in materia di protezione dei dati personali e, pertanto, fornisce le seguenti informazioni circa il trattamento dei dati comunicati o comunque raccolti nel corso della navigazione sul presente Sito. 2. Dati trattati e finalit\u00e0 del trattamento Dati di navigazione I sistemi informatici e le procedure software preposte al funzionamento di questo sito acquisiscono, nel corso del loro normale esercizio, alcuni dati personali la cui trasmissione \u00e8 implicita nell\u2019uso dei protocolli di comunicazione di Internet. Questi [&hellip;]","og_url":"https:\/\/fondazionecomel.org\/en\/privacy-mailup\/","og_site_name":"Fondazione Comel","twitter_card":"summary","twitter_misc":{"Est. reading time":"3 minutes"},"schema":{"@context":"https:\/\/schema.org","@graph":[{"@type":"WebSite","@id":"https:\/\/fondazionecomel.org\/#website","url":"https:\/\/fondazionecomel.org\/","name":"Fondazione Comel","description":"","potentialAction":[{"@type":"SearchAction","target":{"@type":"EntryPoint","urlTemplate":"https:\/\/fondazionecomel.org\/?s={search_term_string}"},"query-input":"required name=search_term_string"}],"inLanguage":"en-US"},{"@type":"WebPage","@id":"https:\/\/fondazionecomel.org\/en\/privacy-mailup\/#webpage","url":"https:\/\/fondazionecomel.org\/en\/privacy-mailup\/","name":"Informativa privacy mailup - Fondazione Comel","isPartOf":{"@id":"https:\/\/fondazionecomel.org\/#website"},"datePublished":"2017-10-10T15:56:56+00:00","dateModified":"2017-10-10T15:56:56+00:00","breadcrumb":{"@id":"https:\/\/fondazionecomel.org\/en\/privacy-mailup\/#breadcrumb"},"inLanguage":"en-US","potentialAction":[{"@type":"ReadAction","target":["https:\/\/fondazionecomel.org\/en\/privacy-mailup\/"]}]},{"@type":"BreadcrumbList","@id":"https:\/\/fondazionecomel.org\/en\/privacy-mailup\/#breadcrumb","itemListElement":[{"@type":"ListItem","position":1,"name":"Home","item":"https:\/\/fondazionecomel.org\/en\/"},{"@type":"ListItem","position":2,"name":"Informativa privacy mailup"}]}]}},"_links":{"self":[{"href":"https:\/\/fondazionecomel.org\/en\/wp-json\/wp\/v2\/pages\/6023"}],"collection":[{"href":"https:\/\/fondazionecomel.org\/en\/wp-json\/wp\/v2\/pages"}],"about":[{"href":"https:\/\/fondazionecomel.org\/en\/wp-json\/wp\/v2\/types\/page"}],"author":[{"embeddable":true,"href":"https:\/\/fondazionecomel.org\/en\/wp-json\/wp\/v2\/users\/1"}],"replies":[{"embeddable":true,"href":"https:\/\/fondazionecomel.org\/en\/wp-json\/wp\/v2\/comments?post=6023"}],"version-history":[{"count":0,"href":"https:\/\/fondazionecomel.org\/en\/wp-json\/wp\/v2\/pages\/6023\/revisions"}],"wp:attachment":[{"href":"https:\/\/fondazionecomel.org\/en\/wp-json\/wp\/v2\/media?parent=6023"}],"curies":[{"name":"wp","href":"https:\/\/api.w.org\/{rel}","templated":true}]}}