{"id":6029,"date":"2017-07-31T13:42:02","date_gmt":"2017-07-31T13:42:02","guid":{"rendered":"https:\/\/fondazionecomel.org\/pubblicazioni\/dialogando\/newsletter\/editoriale\/"},"modified":"2021-11-23T11:37:10","modified_gmt":"2021-11-23T11:37:10","slug":"editoriale","status":"publish","type":"page","link":"https:\/\/fondazionecomel.org\/en\/pubblicazioni\/dialogando\/newsletter\/editoriale\/","title":{"rendered":"Editoriale"},"content":{"rendered":"<p>[vc_row][vc_column][vc_column_text]<\/p>\n<h1 class=\"title\">Editoriale<\/h1>\n<p><em>\u2018Dialogando\u2019 si apre tradizionalmente con una nota della direzione diretta a proporre ai lettori un breve pensiero o un\u2019idea di attualit\u00e0, ma non necessariamente. Di seguito sono archiviati gli editoriali in ordine cronologico partendo dal pi\u00f9 recente.<\/em><\/p>\n<p>Totale articoli:\u00a051[\/vc_column_text]<div class=\"mkdf-bnl-holder mkdf-pl-one-holder  mkd-post-columns-1 mkdf-post-pag-np-horizontal\"  data-base=\"mkdf_post_layout_one\"  data-number_of_posts=\"6\" data-column_number=\"1\" data-category_id=\"710\"       data-thumb_image_size=\"full\"     data-display_date=\"yes\"   data-display_author=\"yes\"  data-display_like=\"no\"       data-display_pagination=\"yes\" data-pagination_type=\"np-horizontal\"   data-paged=\"1\" data-max_pages=\"9\"  data-next_page=\"2\"><div class=\"mkdf-bnl-outer\"><div class=\"mkdf-bnl-inner\"><div class=\"mkdf-pt-one-item mkdf-post-item\">\n        \n    <div class=\"mkdf-pt-one-content-holder\">\n        <div class=\"mkdf-pt-one-title-holder\">\n            <h3 class=\"mkdf-pt-one-title \" >\n            <a itemprop=\"url\" class=\"mkdf-pt-link\" href=\"https:\/\/fondazionecomel.org\/en\/dialogando-en\/editoriale-pensatori-navigatori\/\" target=\"_self\">EDITORIALE &#8211; Fra i pensatori e i navigatori<\/a>\n        <\/h3>\n        <\/div>\n\n        <div class=\"mkdf-pt-one-info-section\">\n            <div itemprop=\"dateCreated\" class=\"mkdf-post-info-date entry-date updated\" ><a id=\"data-articolo\" itemprop=\"url\" href=\"https:\/\/fondazionecomel.org\/en\/2019\/01\/\">Jan, 29, 2019<\/a><meta itemprop=\"interactionCount\" content=\"UserComments: 0\"\/><\/div>\r\n\r\n<div itemprop=\"dateCreated\" class=\"mkdf-post-info-date entry-date updated mkdf-post-info-dialogando\">\r\n<!-- CICLO IF RICHIAMO CAMPO DIALOGANDO -->\r\n    <a href=\"\/category\/dialogando\/pubblicazione-130\">Dialogando N\u00b0130<\/a><\/div>            <div class=\"mkdf-post-info-author\"><a itemprop=\"author\" class=\"mkdf-post-info-author-link\" href=\"https:\/\/fondazionecomel.org\/en\/author\/luca-maria-pedrotti\/\">Luca Maria Pedrotti Dell'Acqua<\/a><\/div>\n            <div class=\"mkdf-post-info-category\">\r\n\r\n<a href=\"https:\/\/fondazionecomel.org\/en\/category\/dialogando-en\/\">Dialogando<\/a>\r\n<\/div>        <\/div> \n\n        <div class=\"mkdf-pt-one-excerpt\">\n            <p class=\"mkdf-post-excerpt\">Fra i <em>pensatori<\/em> e i <em>navigatori<\/em> (quasi sempre a vista, che \u00e8 meno impegnativo) scolpiti nella pietra del Palazzo dell\u2019EUR \u00e8 silenziosamente emersa una nuova specie del <em>genus<\/em> italico che, giunta alla ribalta sulla cresta delle ultime elezioni, ha finalmente realizzato quel cambiamento invano promesso<\/p>        <\/div>\n            <!--<div class=\"mkdf-pt-one-info-section hide-section\">\n                 NASCONDERE CONTEGGIO LIKE \"AGGIUNTIVO\"\n         <div class=\"mkdf-blog-like\">\n                    <\/div>\n        NASCONDERE CONTEGGIO COMMENTI\n        <div class=\"mkdf-post-info-comments-holder\"><a class=\"mkdf-post-info-comments\" href=\"https:\/\/fondazionecomel.org\/en\/dialogando-en\/editoriale-pensatori-navigatori\/#respond\" target=\"_self\">0 Comments<\/a><\/div>                    <\/div>-->\n            <!--            <div class=\"mkdf-pt-one-excerpt\">\n                <p class=\"mkdf-post-excerpt\">Fra i <em>pensatori<\/em> e i <em>navigatori<\/em> (quasi sempre a vista, che \u00e8 meno impegnativo) scolpiti nella pietra del Palazzo dell\u2019EUR<\/p>            <\/div>\n                        -->\n    <\/div>\n<\/div><div class=\"mkdf-pt-one-item mkdf-post-item\">\n        \n    <div class=\"mkdf-pt-one-content-holder\">\n        <div class=\"mkdf-pt-one-title-holder\">\n            <h3 class=\"mkdf-pt-one-title \" >\n            <a itemprop=\"url\" class=\"mkdf-pt-link\" href=\"https:\/\/fondazionecomel.org\/en\/dialogando-en\/editoriale-gilet-gialli\/\" target=\"_self\">EDITORIALE &#8211; Gilet gialli<\/a>\n        <\/h3>\n        <\/div>\n\n        <div class=\"mkdf-pt-one-info-section\">\n            <div itemprop=\"dateCreated\" class=\"mkdf-post-info-date entry-date updated\" ><a id=\"data-articolo\" itemprop=\"url\" href=\"https:\/\/fondazionecomel.org\/en\/2019\/01\/\">Jan, 14, 2019<\/a><meta itemprop=\"interactionCount\" content=\"UserComments: 0\"\/><\/div>\r\n\r\n<div itemprop=\"dateCreated\" class=\"mkdf-post-info-date entry-date updated mkdf-post-info-dialogando\">\r\n<!-- CICLO IF RICHIAMO CAMPO DIALOGANDO -->\r\n    <a href=\"\/category\/dialogando\/numero-129\">Dialogando N\u00b0129<\/a><\/div>            <div class=\"mkdf-post-info-author\"><a itemprop=\"author\" class=\"mkdf-post-info-author-link\" href=\"https:\/\/fondazionecomel.org\/en\/author\/luca-maria-pedrotti\/\">Luca Maria Pedrotti Dell'Acqua<\/a><\/div>\n            <div class=\"mkdf-post-info-category\">\r\n\r\n<a href=\"https:\/\/fondazionecomel.org\/en\/category\/dialogando-en\/\">Dialogando<\/a>\r\n<\/div>        <\/div> \n\n        <div class=\"mkdf-pt-one-excerpt\">\n            <p class=\"mkdf-post-excerpt\">Forti della considerazione circa competenza e seriet\u00e0 acquisita sul campo per il tramite delle sceneggiate sul palcoscenico europeo, oltre a quello nazionale, che tanti benefici risultati stanno, come \u00e8 noto e riconosciuto, portando (in conformit\u00e0 alle promesse elettorali) ai cittadini, i masanielli nazionali<\/p>        <\/div>\n            <!--<div class=\"mkdf-pt-one-info-section hide-section\">\n                 NASCONDERE CONTEGGIO LIKE \"AGGIUNTIVO\"\n         <div class=\"mkdf-blog-like\">\n                    <\/div>\n        NASCONDERE CONTEGGIO COMMENTI\n        <div class=\"mkdf-post-info-comments-holder\"><a class=\"mkdf-post-info-comments\" href=\"https:\/\/fondazionecomel.org\/en\/dialogando-en\/editoriale-gilet-gialli\/#respond\" target=\"_self\">0 Comments<\/a><\/div>                    <\/div>-->\n            <!--            <div class=\"mkdf-pt-one-excerpt\">\n                <p class=\"mkdf-post-excerpt\">Forti della considerazione circa competenza e seriet\u00e0 acquisita sul campo per il tramite delle sceneggiate sul palcoscenico europeo, oltre a<\/p>            <\/div>\n                        -->\n    <\/div>\n<\/div><div class=\"mkdf-pt-one-item mkdf-post-item\">\n        \n    <div class=\"mkdf-pt-one-content-holder\">\n        <div class=\"mkdf-pt-one-title-holder\">\n            <h3 class=\"mkdf-pt-one-title \" >\n            <a itemprop=\"url\" class=\"mkdf-pt-link\" href=\"https:\/\/fondazionecomel.org\/en\/dialogando-en\/racconto-natale-2018\/\" target=\"_self\">RACCONTO &#8211; Natale 2018<\/a>\n        <\/h3>\n        <\/div>\n\n        <div class=\"mkdf-pt-one-info-section\">\n            <div itemprop=\"dateCreated\" class=\"mkdf-post-info-date entry-date updated\" ><a id=\"data-articolo\" itemprop=\"url\" href=\"https:\/\/fondazionecomel.org\/en\/2018\/12\/\">Dec, 17, 2018<\/a><meta itemprop=\"interactionCount\" content=\"UserComments: 0\"\/><\/div>\r\n\r\n<div itemprop=\"dateCreated\" class=\"mkdf-post-info-date entry-date updated mkdf-post-info-dialogando\">\r\n<!-- CICLO IF RICHIAMO CAMPO DIALOGANDO -->\r\n    <a href=\"\/category\/dialogando\/numero-128\">Dialogando N\u00b0128<\/a><\/div>            <div class=\"mkdf-post-info-author\"><a itemprop=\"author\" class=\"mkdf-post-info-author-link\" href=\"https:\/\/fondazionecomel.org\/en\/author\/luca-maria-pedrotti\/\">Luca Maria Pedrotti Dell'Acqua<\/a><\/div>\n            <div class=\"mkdf-post-info-category\">\r\n\r\n<a href=\"https:\/\/fondazionecomel.org\/en\/category\/dialogando-en\/\">Dialogando<\/a>\r\n<\/div>        <\/div> \n\n        <div class=\"mkdf-pt-one-excerpt\">\n            <p class=\"mkdf-post-excerpt\">Anni or sono, su di un silente altopiano fra verdi monti a nord di Sana\u2019a, nello Yemen del Nord, fotografavo dall\u2019alto una valle: su di una balza sottostante, cinto da muri a secco, un campo irregolare che un uomo lavorava lentamente affondando nella terra polverosa l\u2019aratro tirato da un cavallo. Pi\u00f9 in basso ancora, sul fondo che era come un grande catino di erba, poche case in pietra e fango<\/p>        <\/div>\n            <!--<div class=\"mkdf-pt-one-info-section hide-section\">\n                 NASCONDERE CONTEGGIO LIKE \"AGGIUNTIVO\"\n         <div class=\"mkdf-blog-like\">\n                    <\/div>\n        NASCONDERE CONTEGGIO COMMENTI\n        <div class=\"mkdf-post-info-comments-holder\"><a class=\"mkdf-post-info-comments\" href=\"https:\/\/fondazionecomel.org\/en\/dialogando-en\/racconto-natale-2018\/#respond\" target=\"_self\">0 Comments<\/a><\/div>                    <\/div>-->\n            <!--            <div class=\"mkdf-pt-one-excerpt\">\n                <p class=\"mkdf-post-excerpt\">Anni or sono, su di un silente altopiano fra verdi monti a nord di Sana\u2019a, nello Yemen del Nord, fotografavo<\/p>            <\/div>\n                        -->\n    <\/div>\n<\/div><div class=\"mkdf-pt-one-item mkdf-post-item\">\n        \n    <div class=\"mkdf-pt-one-content-holder\">\n        <div class=\"mkdf-pt-one-title-holder\">\n            <h3 class=\"mkdf-pt-one-title \" >\n            <a itemprop=\"url\" class=\"mkdf-pt-link\" href=\"https:\/\/fondazionecomel.org\/en\/dialogando-en\/editoriale-passata-la-festa-passa-anche-la-competenza\/\" target=\"_self\">EDITORIALE &#8211; Passata la festa, passa anche la competenza<\/a>\n        <\/h3>\n        <\/div>\n\n        <div class=\"mkdf-pt-one-info-section\">\n            <div itemprop=\"dateCreated\" class=\"mkdf-post-info-date entry-date updated\" ><a id=\"data-articolo\" itemprop=\"url\" href=\"https:\/\/fondazionecomel.org\/en\/2018\/12\/\">Dec, 05, 2018<\/a><meta itemprop=\"interactionCount\" content=\"UserComments: 0\"\/><\/div>\r\n\r\n<div itemprop=\"dateCreated\" class=\"mkdf-post-info-date entry-date updated mkdf-post-info-dialogando\">\r\n<!-- CICLO IF RICHIAMO CAMPO DIALOGANDO -->\r\n    <a href=\"\/category\/dialogando\/numero-127\">Dialogando N\u00b0127<\/a><\/div>            <div class=\"mkdf-post-info-author\"><a itemprop=\"author\" class=\"mkdf-post-info-author-link\" href=\"https:\/\/fondazionecomel.org\/en\/author\/luca-maria-pedrotti\/\">Luca Maria Pedrotti Dell'Acqua<\/a><\/div>\n            <div class=\"mkdf-post-info-category\">\r\n\r\n<a href=\"https:\/\/fondazionecomel.org\/en\/category\/dialogando-en\/\">Dialogando<\/a>\r\n<\/div>        <\/div> \n\n        <div class=\"mkdf-pt-one-excerpt\">\n            <p class=\"mkdf-post-excerpt\">Da notizie di stampa si apprende che nel centro della capitale, davanti all\u2019arco di Giano, sia rimasta per oltre un mese (ignoro se poi l\u2019abbiano levata o sia ancora <em>in loco<\/em>) sul suolo pubblico la statua a grandezza naturale di un rinoceronte utilizzato per<\/p>        <\/div>\n            <!--<div class=\"mkdf-pt-one-info-section hide-section\">\n                 NASCONDERE CONTEGGIO LIKE \"AGGIUNTIVO\"\n         <div class=\"mkdf-blog-like\">\n                    <\/div>\n        NASCONDERE CONTEGGIO COMMENTI\n        <div class=\"mkdf-post-info-comments-holder\"><a class=\"mkdf-post-info-comments\" href=\"https:\/\/fondazionecomel.org\/en\/dialogando-en\/editoriale-passata-la-festa-passa-anche-la-competenza\/#respond\" target=\"_self\">0 Comments<\/a><\/div>                    <\/div>-->\n            <!--            <div class=\"mkdf-pt-one-excerpt\">\n                <p class=\"mkdf-post-excerpt\">Da notizie di stampa si apprende che nel centro della capitale, davanti all\u2019arco di Giano, sia rimasta per oltre un<\/p>            <\/div>\n                        -->\n    <\/div>\n<\/div><div class=\"mkdf-pt-one-item mkdf-post-item\">\n        \n    <div class=\"mkdf-pt-one-content-holder\">\n        <div class=\"mkdf-pt-one-title-holder\">\n            <h3 class=\"mkdf-pt-one-title \" >\n            <a itemprop=\"url\" class=\"mkdf-pt-link\" href=\"https:\/\/fondazionecomel.org\/en\/dialogando-en\/editoriale-capirsi-370-gradi\/\" target=\"_self\">EDITORIALE &#8211; Capirsi a 370 gradi<\/a>\n        <\/h3>\n        <\/div>\n\n        <div class=\"mkdf-pt-one-info-section\">\n            <div itemprop=\"dateCreated\" class=\"mkdf-post-info-date entry-date updated\" ><a id=\"data-articolo\" itemprop=\"url\" href=\"https:\/\/fondazionecomel.org\/en\/2018\/11\/\">Nov, 21, 2018<\/a><meta itemprop=\"interactionCount\" content=\"UserComments: 0\"\/><\/div>\r\n\r\n<div itemprop=\"dateCreated\" class=\"mkdf-post-info-date entry-date updated mkdf-post-info-dialogando\">\r\n<!-- CICLO IF RICHIAMO CAMPO DIALOGANDO -->\r\n    <a href=\"\/category\/dialogando\/numero-126\">Dialogando N\u00b0126<\/a><\/div>            <div class=\"mkdf-post-info-author\"><a itemprop=\"author\" class=\"mkdf-post-info-author-link\" href=\"https:\/\/fondazionecomel.org\/en\/author\/luca-maria-pedrotti\/\">Luca Maria Pedrotti Dell'Acqua<\/a><\/div>\n            <div class=\"mkdf-post-info-category\">\r\n\r\n<a href=\"https:\/\/fondazionecomel.org\/en\/category\/dialogando-en\/\">Dialogando<\/a>\r\n<\/div>        <\/div> \n\n        <div class=\"mkdf-pt-one-excerpt\">\n            <p class=\"mkdf-post-excerpt\">Insegnano gli studiosi che la lingua, essendo strumento di comunicazione vivo oltre che generale, \u00e8 pressoch\u00e9 costantemente in fase di -pi\u00f9 o meno percettibile- trasformazione. Si fa riferimento al concetto di lingua \u2018parlata\u2019 anche per significare questi processi<\/p>        <\/div>\n            <!--<div class=\"mkdf-pt-one-info-section hide-section\">\n                 NASCONDERE CONTEGGIO LIKE \"AGGIUNTIVO\"\n         <div class=\"mkdf-blog-like\">\n                    <\/div>\n        NASCONDERE CONTEGGIO COMMENTI\n        <div class=\"mkdf-post-info-comments-holder\"><a class=\"mkdf-post-info-comments\" href=\"https:\/\/fondazionecomel.org\/en\/dialogando-en\/editoriale-capirsi-370-gradi\/#respond\" target=\"_self\">0 Comments<\/a><\/div>                    <\/div>-->\n            <!--            <div class=\"mkdf-pt-one-excerpt\">\n                <p class=\"mkdf-post-excerpt\">Insegnano gli studiosi che la lingua, essendo strumento di comunicazione vivo oltre che generale, \u00e8 pressoch\u00e9 costantemente in fase di<\/p>            <\/div>\n                        -->\n    <\/div>\n<\/div><div class=\"mkdf-pt-one-item mkdf-post-item\">\n        \n    <div class=\"mkdf-pt-one-content-holder\">\n        <div class=\"mkdf-pt-one-title-holder\">\n            <h3 class=\"mkdf-pt-one-title \" >\n            <a itemprop=\"url\" class=\"mkdf-pt-link\" href=\"https:\/\/fondazionecomel.org\/en\/dialogando-en\/editoriale-due-partiti\/\" target=\"_self\">EDITORIALE: Due partiti<\/a>\n        <\/h3>\n        <\/div>\n\n        <div class=\"mkdf-pt-one-info-section\">\n            <div itemprop=\"dateCreated\" class=\"mkdf-post-info-date entry-date updated\" ><a id=\"data-articolo\" itemprop=\"url\" href=\"https:\/\/fondazionecomel.org\/en\/2018\/11\/\">Nov, 06, 2018<\/a><meta itemprop=\"interactionCount\" content=\"UserComments: 0\"\/><\/div>\r\n\r\n<div itemprop=\"dateCreated\" class=\"mkdf-post-info-date entry-date updated mkdf-post-info-dialogando\">\r\n<!-- CICLO IF RICHIAMO CAMPO DIALOGANDO -->\r\n    <a href=\"\/category\/dialogando\/numero-125\">Dialogando N\u00b0125<\/a><\/div>            <div class=\"mkdf-post-info-author\"><a itemprop=\"author\" class=\"mkdf-post-info-author-link\" href=\"https:\/\/fondazionecomel.org\/en\/author\/luca-maria-pedrotti\/\">Luca Maria Pedrotti Dell'Acqua<\/a><\/div>\n            <div class=\"mkdf-post-info-category\">\r\n\r\n<a href=\"https:\/\/fondazionecomel.org\/en\/category\/dialogando-en\/\">Dialogando<\/a>\r\n<\/div>        <\/div> \n\n        <div class=\"mkdf-pt-one-excerpt\">\n            <p class=\"mkdf-post-excerpt\">Due partiti i quali, diversi in tutto salvo che nella pratica demagogica (appannaggio non solo loro, invero), a lungo se ne sono fatte e dette di ogni colore sono stati costretti a mettersi insieme -contro natura (se c\u2019\u00e8 una natura in politica) - per l\u2019unica strada utile a giungere al potere. Dopo una vociante campagna elettorale nella quale<\/p>        <\/div>\n            <!--<div class=\"mkdf-pt-one-info-section hide-section\">\n                 NASCONDERE CONTEGGIO LIKE \"AGGIUNTIVO\"\n         <div class=\"mkdf-blog-like\">\n                    <\/div>\n        NASCONDERE CONTEGGIO COMMENTI\n        <div class=\"mkdf-post-info-comments-holder\"><a class=\"mkdf-post-info-comments\" href=\"https:\/\/fondazionecomel.org\/en\/dialogando-en\/editoriale-due-partiti\/#respond\" target=\"_self\">0 Comments<\/a><\/div>                    <\/div>-->\n            <!--            <div class=\"mkdf-pt-one-excerpt\">\n                <p class=\"mkdf-post-excerpt\">Due partiti i quali, diversi in tutto salvo che nella pratica demagogica (appannaggio non solo loro, invero), a lungo se<\/p>            <\/div>\n                        -->\n    <\/div>\n<\/div><\/div><\/div><div class=\"mkdf-bnl-navigation-holder\">\n    <div class=\"mkdf-bnl-navigation\">\n        <a class=\"mkdf-bnl-nav-icon mkdf-bnl-nav-prev\"><span><\/span><\/a>\n        <div class=\"mkdf-bnl-slider-paging\">\n                            <a class=\"mkdf-paging-button-holder\" href=\"#\"><span class=\"mkdf-paging-button\"><\/span><\/a>\n                            <a class=\"mkdf-paging-button-holder\" href=\"#\"><span class=\"mkdf-paging-button\"><\/span><\/a>\n                            <a class=\"mkdf-paging-button-holder\" href=\"#\"><span class=\"mkdf-paging-button\"><\/span><\/a>\n                            <a class=\"mkdf-paging-button-holder\" href=\"#\"><span class=\"mkdf-paging-button\"><\/span><\/a>\n                            <a class=\"mkdf-paging-button-holder\" href=\"#\"><span class=\"mkdf-paging-button\"><\/span><\/a>\n                            <a class=\"mkdf-paging-button-holder\" href=\"#\"><span class=\"mkdf-paging-button\"><\/span><\/a>\n                            <a class=\"mkdf-paging-button-holder\" href=\"#\"><span class=\"mkdf-paging-button\"><\/span><\/a>\n                            <a class=\"mkdf-paging-button-holder\" href=\"#\"><span class=\"mkdf-paging-button\"><\/span><\/a>\n                            <a class=\"mkdf-paging-button-holder\" href=\"#\"><span class=\"mkdf-paging-button\"><\/span><\/a>\n                    <\/div>\n        <a class=\"mkdf-bnl-nav-icon mkdf-bnl-nav-next\"><span><\/span><\/a>\n    <\/div>\n<\/div><div class=\"mkdf-post-ajax-preloader\" style=\"display: none;\">\n    <div class=\"mkdf-pulse\"><\/div>\n    <div class=\"mkdf-pulse mkdf-preloader-second\"><\/div>\n    <div class=\"mkdf-pulse mkdf-preloader-third\"><\/div>\n    <div class=\"mkdf-pulse mkdf-preloader-fourth\"><\/div>\n    <div class=\"mkdf-pulse mkdf-preloader-fifth\"><\/div>\n    <div class=\"mkdf-pulse mkdf-preloader-sixth\"><\/div>\n<\/div><\/div>[\/vc_column][\/vc_row]<\/p>\n","protected":false},"excerpt":{"rendered":"<p>[vc_row][vc_column][vc_column_text] Editoriale \u2018Dialogando\u2019 si apre tradizionalmente con una nota della direzione diretta a proporre ai lettori un breve pensiero o un\u2019idea di attualit\u00e0, ma non necessariamente. Di seguito sono archiviati gli editoriali in ordine cronologico partendo dal pi\u00f9 recente. Totale articoli:\u00a0[\/vc_column_text][\/vc_column][\/vc_row]<\/p>\n","protected":false},"author":1,"featured_media":0,"parent":6009,"menu_order":0,"comment_status":"closed","ping_status":"closed","template":"","meta":[],"acf":[],"yoast_head":"<!-- This site is optimized with the Yoast SEO plugin v17.6 - https:\/\/yoast.com\/wordpress\/plugins\/seo\/ -->\n<title>Editoriale - Fondazione Comel<\/title>\n<meta name=\"robots\" content=\"index, follow, max-snippet:-1, max-image-preview:large, max-video-preview:-1\" \/>\n<link rel=\"canonical\" href=\"https:\/\/fondazionecomel.org\/en\/pubblicazioni\/dialogando\/newsletter\/editoriale\/\" \/>\n<meta property=\"og:locale\" content=\"en_US\" \/>\n<meta property=\"og:type\" content=\"article\" \/>\n<meta property=\"og:title\" content=\"Editoriale - Fondazione Comel\" \/>\n<meta property=\"og:description\" content=\"[vc_row][vc_column][vc_column_text] Editoriale \u2018Dialogando\u2019 si apre tradizionalmente con una nota della direzione diretta a proporre ai lettori un breve pensiero o un\u2019idea di attualit\u00e0, ma non necessariamente. Di seguito sono archiviati gli editoriali in ordine cronologico partendo dal pi\u00f9 recente. Totale articoli:\u00a0[\/vc_column_text][\/vc_column][\/vc_row]\" \/>\n<meta property=\"og:url\" content=\"https:\/\/fondazionecomel.org\/en\/pubblicazioni\/dialogando\/newsletter\/editoriale\/\" \/>\n<meta property=\"og:site_name\" content=\"Fondazione Comel\" \/>\n<meta property=\"article:modified_time\" content=\"2021-11-23T11:37:10+00:00\" \/>\n<meta name=\"twitter:card\" content=\"summary\" \/>\n<script type=\"application\/ld+json\" class=\"yoast-schema-graph\">{\"@context\":\"https:\/\/schema.org\",\"@graph\":[{\"@type\":\"WebSite\",\"@id\":\"https:\/\/fondazionecomel.org\/#website\",\"url\":\"https:\/\/fondazionecomel.org\/\",\"name\":\"Fondazione Comel\",\"description\":\"\",\"potentialAction\":[{\"@type\":\"SearchAction\",\"target\":{\"@type\":\"EntryPoint\",\"urlTemplate\":\"https:\/\/fondazionecomel.org\/?s={search_term_string}\"},\"query-input\":\"required name=search_term_string\"}],\"inLanguage\":\"en-US\"},{\"@type\":\"WebPage\",\"@id\":\"https:\/\/fondazionecomel.org\/en\/pubblicazioni\/dialogando\/newsletter\/editoriale\/#webpage\",\"url\":\"https:\/\/fondazionecomel.org\/en\/pubblicazioni\/dialogando\/newsletter\/editoriale\/\",\"name\":\"Editoriale - Fondazione Comel\",\"isPartOf\":{\"@id\":\"https:\/\/fondazionecomel.org\/#website\"},\"datePublished\":\"2017-07-31T13:42:02+00:00\",\"dateModified\":\"2021-11-23T11:37:10+00:00\",\"breadcrumb\":{\"@id\":\"https:\/\/fondazionecomel.org\/en\/pubblicazioni\/dialogando\/newsletter\/editoriale\/#breadcrumb\"},\"inLanguage\":\"en-US\",\"potentialAction\":[{\"@type\":\"ReadAction\",\"target\":[\"https:\/\/fondazionecomel.org\/en\/pubblicazioni\/dialogando\/newsletter\/editoriale\/\"]}]},{\"@type\":\"BreadcrumbList\",\"@id\":\"https:\/\/fondazionecomel.org\/en\/pubblicazioni\/dialogando\/newsletter\/editoriale\/#breadcrumb\",\"itemListElement\":[{\"@type\":\"ListItem\",\"position\":1,\"name\":\"Home\",\"item\":\"https:\/\/fondazionecomel.org\/en\/\"},{\"@type\":\"ListItem\",\"position\":2,\"name\":\"Pubblicazioni\",\"item\":\"https:\/\/fondazionecomel.org\/en\/pubblicazioni\/\"},{\"@type\":\"ListItem\",\"position\":3,\"name\":\"Dialogando\",\"item\":\"https:\/\/fondazionecomel.org\/en\/pubblicazioni\/dialogando\/\"},{\"@type\":\"ListItem\",\"position\":4,\"name\":\"Newsletter\",\"item\":\"https:\/\/fondazionecomel.org\/en\/pubblicazioni\/dialogando\/newsletter\/\"},{\"@type\":\"ListItem\",\"position\":5,\"name\":\"Editoriale\"}]}]}<\/script>\n<!-- \/ Yoast SEO plugin. -->","yoast_head_json":{"title":"Editoriale - Fondazione Comel","robots":{"index":"index","follow":"follow","max-snippet":"max-snippet:-1","max-image-preview":"max-image-preview:large","max-video-preview":"max-video-preview:-1"},"canonical":"https:\/\/fondazionecomel.org\/en\/pubblicazioni\/dialogando\/newsletter\/editoriale\/","og_locale":"en_US","og_type":"article","og_title":"Editoriale - Fondazione Comel","og_description":"[vc_row][vc_column][vc_column_text] Editoriale \u2018Dialogando\u2019 si apre tradizionalmente con una nota della direzione diretta a proporre ai lettori un breve pensiero o un\u2019idea di attualit\u00e0, ma non necessariamente. Di seguito sono archiviati gli editoriali in ordine cronologico partendo dal pi\u00f9 recente. Totale articoli:\u00a0[\/vc_column_text][\/vc_column][\/vc_row]","og_url":"https:\/\/fondazionecomel.org\/en\/pubblicazioni\/dialogando\/newsletter\/editoriale\/","og_site_name":"Fondazione Comel","article_modified_time":"2021-11-23T11:37:10+00:00","twitter_card":"summary","schema":{"@context":"https:\/\/schema.org","@graph":[{"@type":"WebSite","@id":"https:\/\/fondazionecomel.org\/#website","url":"https:\/\/fondazionecomel.org\/","name":"Fondazione Comel","description":"","potentialAction":[{"@type":"SearchAction","target":{"@type":"EntryPoint","urlTemplate":"https:\/\/fondazionecomel.org\/?s={search_term_string}"},"query-input":"required name=search_term_string"}],"inLanguage":"en-US"},{"@type":"WebPage","@id":"https:\/\/fondazionecomel.org\/en\/pubblicazioni\/dialogando\/newsletter\/editoriale\/#webpage","url":"https:\/\/fondazionecomel.org\/en\/pubblicazioni\/dialogando\/newsletter\/editoriale\/","name":"Editoriale - Fondazione Comel","isPartOf":{"@id":"https:\/\/fondazionecomel.org\/#website"},"datePublished":"2017-07-31T13:42:02+00:00","dateModified":"2021-11-23T11:37:10+00:00","breadcrumb":{"@id":"https:\/\/fondazionecomel.org\/en\/pubblicazioni\/dialogando\/newsletter\/editoriale\/#breadcrumb"},"inLanguage":"en-US","potentialAction":[{"@type":"ReadAction","target":["https:\/\/fondazionecomel.org\/en\/pubblicazioni\/dialogando\/newsletter\/editoriale\/"]}]},{"@type":"BreadcrumbList","@id":"https:\/\/fondazionecomel.org\/en\/pubblicazioni\/dialogando\/newsletter\/editoriale\/#breadcrumb","itemListElement":[{"@type":"ListItem","position":1,"name":"Home","item":"https:\/\/fondazionecomel.org\/en\/"},{"@type":"ListItem","position":2,"name":"Pubblicazioni","item":"https:\/\/fondazionecomel.org\/en\/pubblicazioni\/"},{"@type":"ListItem","position":3,"name":"Dialogando","item":"https:\/\/fondazionecomel.org\/en\/pubblicazioni\/dialogando\/"},{"@type":"ListItem","position":4,"name":"Newsletter","item":"https:\/\/fondazionecomel.org\/en\/pubblicazioni\/dialogando\/newsletter\/"},{"@type":"ListItem","position":5,"name":"Editoriale"}]}]}},"_links":{"self":[{"href":"https:\/\/fondazionecomel.org\/en\/wp-json\/wp\/v2\/pages\/6029"}],"collection":[{"href":"https:\/\/fondazionecomel.org\/en\/wp-json\/wp\/v2\/pages"}],"about":[{"href":"https:\/\/fondazionecomel.org\/en\/wp-json\/wp\/v2\/types\/page"}],"author":[{"embeddable":true,"href":"https:\/\/fondazionecomel.org\/en\/wp-json\/wp\/v2\/users\/1"}],"replies":[{"embeddable":true,"href":"https:\/\/fondazionecomel.org\/en\/wp-json\/wp\/v2\/comments?post=6029"}],"version-history":[{"count":1,"href":"https:\/\/fondazionecomel.org\/en\/wp-json\/wp\/v2\/pages\/6029\/revisions"}],"predecessor-version":[{"id":7690,"href":"https:\/\/fondazionecomel.org\/en\/wp-json\/wp\/v2\/pages\/6029\/revisions\/7690"}],"up":[{"embeddable":true,"href":"https:\/\/fondazionecomel.org\/en\/wp-json\/wp\/v2\/pages\/6009"}],"wp:attachment":[{"href":"https:\/\/fondazionecomel.org\/en\/wp-json\/wp\/v2\/media?parent=6029"}],"curies":[{"name":"wp","href":"https:\/\/api.w.org\/{rel}","templated":true}]}}