{"id":6030,"date":"2017-07-31T13:41:37","date_gmt":"2017-07-31T13:41:37","guid":{"rendered":"https:\/\/fondazionecomel.org\/pubblicazioni\/dialogando\/newsletter\/apocrifa\/"},"modified":"2021-11-23T11:08:42","modified_gmt":"2021-11-23T11:08:42","slug":"apocrifa","status":"publish","type":"page","link":"https:\/\/fondazionecomel.org\/en\/pubblicazioni\/dialogando\/newsletter\/apocrifa\/","title":{"rendered":"Apocrifa"},"content":{"rendered":"<p>[vc_row][vc_column][vc_column_text]<\/p>\n<h1 class=\"title\">Apocrifa<\/h1>\n<p><em>\u00c8 uno spazio che, richiamandosi all\u2019etimologia (nascosto, fuori dall\u2019uso), ospita anche righe non politicamente corrette e (forse) fin errate, quantomeno per la comune opinione pro tempore maggioritaria, nella consapevolezza che lo scambio di idee, in buona fede, non sempre pu\u00f2 essere ancorato alle certezze.<\/em><\/p>\n<p>Totale articoli:\u00a050[\/vc_column_text]<div class=\"mkdf-bnl-holder mkdf-pl-one-holder  mkd-post-columns-1 mkdf-post-pag-np-horizontal\"  data-base=\"mkdf_post_layout_one\"  data-number_of_posts=\"6\" data-column_number=\"1\" data-category_id=\"689\"       data-thumb_image_size=\"full\"     data-display_date=\"yes\"  data-display_category=\"yes\" data-display_author=\"yes\" data-display_comments=\"no\" data-display_like=\"no\" data-display_social_share=\"no\" data-display_rating=\"no\" data-display_button=\"no\"    data-display_pagination=\"yes\" data-pagination_type=\"np-horizontal\"   data-paged=\"1\" data-max_pages=\"9\"  data-next_page=\"2\"><div class=\"mkdf-bnl-outer\"><div class=\"mkdf-bnl-inner\"><div class=\"mkdf-pt-one-item mkdf-post-item\">\n        \n    <div class=\"mkdf-pt-one-content-holder\">\n        <div class=\"mkdf-pt-one-title-holder\">\n            <h3 class=\"mkdf-pt-one-title \" >\n            <a itemprop=\"url\" class=\"mkdf-pt-link\" href=\"https:\/\/fondazionecomel.org\/en\/dialogando-en\/apocrifa-sussurri-schiamazzi\/\" target=\"_self\">APOCRIFA &#8211; Sussurri e schiamazzi<\/a>\n        <\/h3>\n        <\/div>\n\n        <div class=\"mkdf-pt-one-info-section\">\n            <div itemprop=\"dateCreated\" class=\"mkdf-post-info-date entry-date updated\" ><a id=\"data-articolo\" itemprop=\"url\" href=\"https:\/\/fondazionecomel.org\/en\/2019\/01\/\">Jan, 29, 2019<\/a><meta itemprop=\"interactionCount\" content=\"UserComments: 0\"\/><\/div>\r\n\r\n<div itemprop=\"dateCreated\" class=\"mkdf-post-info-date entry-date updated mkdf-post-info-dialogando\">\r\n<!-- CICLO IF RICHIAMO CAMPO DIALOGANDO -->\r\n    <a href=\"\/category\/dialogando\/numero-130\">Dialogando N\u00b0130<\/a><\/div>            <div class=\"mkdf-post-info-author\"><a itemprop=\"author\" class=\"mkdf-post-info-author-link\" href=\"https:\/\/fondazionecomel.org\/en\/author\/luca-maria-pedrotti\/\">Luca Maria Pedrotti Dell'Acqua<\/a><\/div>\n            <div class=\"mkdf-post-info-category\">\r\n\r\n<a href=\"https:\/\/fondazionecomel.org\/en\/category\/dialogando-en\/newsletter-en\/apocrifa-en\/\">Apocrifa<\/a>\r\n<\/div>        <\/div> \n\n        <div class=\"mkdf-pt-one-excerpt\">\n            <p class=\"mkdf-post-excerpt\">Il rapporto della creatura umana con l\u2019et\u00e0 (sua, per lo pi\u00f9, ma non solo) \u00e8 quanto di pi\u00f9 relativo, oltre che ambiguo, si possa immaginare. Poich\u00e9 l\u2019et\u00e0 si specchia necessariamente nel tempo che, neppure tanto banalmente, \u00e8 una delle dimensioni con le quali, allo stato, sembra funzionare la nostra<\/p>        <\/div>\n            <!--<div class=\"mkdf-pt-one-info-section hide-section\">\n                 NASCONDERE CONTEGGIO LIKE \"AGGIUNTIVO\"\n         <div class=\"mkdf-blog-like\">\n                    <\/div>\n        NASCONDERE CONTEGGIO COMMENTI\n                            <\/div>-->\n            <!--            <div class=\"mkdf-pt-one-excerpt\">\n                <p class=\"mkdf-post-excerpt\">Il rapporto della creatura umana con l\u2019et\u00e0 (sua, per lo pi\u00f9, ma non solo) \u00e8 quanto di pi\u00f9 relativo, oltre<\/p>            <\/div>\n                        -->\n    <\/div>\n<\/div><div class=\"mkdf-pt-one-item mkdf-post-item\">\n        \n    <div class=\"mkdf-pt-one-content-holder\">\n        <div class=\"mkdf-pt-one-title-holder\">\n            <h3 class=\"mkdf-pt-one-title \" >\n            <a itemprop=\"url\" class=\"mkdf-pt-link\" href=\"https:\/\/fondazionecomel.org\/en\/dialogando-en\/apocrifa-biglietto-lal-la\/\" target=\"_self\">APOCRIFA &#8211; Biglietto per l\u2019al di l\u00e0<\/a>\n        <\/h3>\n        <\/div>\n\n        <div class=\"mkdf-pt-one-info-section\">\n            <div itemprop=\"dateCreated\" class=\"mkdf-post-info-date entry-date updated\" ><a id=\"data-articolo\" itemprop=\"url\" href=\"https:\/\/fondazionecomel.org\/en\/2019\/01\/\">Jan, 14, 2019<\/a><meta itemprop=\"interactionCount\" content=\"UserComments: 0\"\/><\/div>\r\n\r\n<div itemprop=\"dateCreated\" class=\"mkdf-post-info-date entry-date updated mkdf-post-info-dialogando\">\r\n<!-- CICLO IF RICHIAMO CAMPO DIALOGANDO -->\r\n    <a href=\"\/category\/dialogando\/numero-129\">Dialogando N\u00b0129<\/a><\/div>            <div class=\"mkdf-post-info-author\"><a itemprop=\"author\" class=\"mkdf-post-info-author-link\" href=\"https:\/\/fondazionecomel.org\/en\/author\/luca-maria-pedrotti\/\">Luca Maria Pedrotti Dell'Acqua<\/a><\/div>\n            <div class=\"mkdf-post-info-category\">\r\n\r\n<a href=\"https:\/\/fondazionecomel.org\/en\/category\/dialogando-en\/newsletter-en\/apocrifa-en\/\">Apocrifa<\/a>\r\n<\/div>        <\/div> \n\n        <div class=\"mkdf-pt-one-excerpt\">\n            <p class=\"mkdf-post-excerpt\">La crioconservazione \u00e8 uno stato che consente di conservare corpi umani preservandoli dalla decomposizione. Esso si realizza per il tramite di speciali tecnologie che abbassano in modo graduale, ma rapido la temperatura corporea fino a raggiungere la temperatura dell\u2019azoto liquido<\/p>        <\/div>\n            <!--<div class=\"mkdf-pt-one-info-section hide-section\">\n                 NASCONDERE CONTEGGIO LIKE \"AGGIUNTIVO\"\n         <div class=\"mkdf-blog-like\">\n                    <\/div>\n        NASCONDERE CONTEGGIO COMMENTI\n                            <\/div>-->\n            <!--            <div class=\"mkdf-pt-one-excerpt\">\n                <p class=\"mkdf-post-excerpt\">La crioconservazione \u00e8 uno stato che consente di conservare corpi umani preservandoli dalla decomposizione. Esso si realizza per il tramite<\/p>            <\/div>\n                        -->\n    <\/div>\n<\/div><div class=\"mkdf-pt-one-item mkdf-post-item\">\n        \n    <div class=\"mkdf-pt-one-content-holder\">\n        <div class=\"mkdf-pt-one-title-holder\">\n            <h3 class=\"mkdf-pt-one-title \" >\n            <a itemprop=\"url\" class=\"mkdf-pt-link\" href=\"https:\/\/fondazionecomel.org\/en\/dialogando-en\/apocrifa-ragion-denaro\/\" target=\"_self\">APOCRIFA &#8211; Ragion di stato o di denaro?<\/a>\n        <\/h3>\n        <\/div>\n\n        <div class=\"mkdf-pt-one-info-section\">\n            <div itemprop=\"dateCreated\" class=\"mkdf-post-info-date entry-date updated\" ><a id=\"data-articolo\" itemprop=\"url\" href=\"https:\/\/fondazionecomel.org\/en\/2018\/12\/\">Dec, 05, 2018<\/a><meta itemprop=\"interactionCount\" content=\"UserComments: 0\"\/><\/div>\r\n\r\n<div itemprop=\"dateCreated\" class=\"mkdf-post-info-date entry-date updated mkdf-post-info-dialogando\">\r\n<!-- CICLO IF RICHIAMO CAMPO DIALOGANDO -->\r\n    <a href=\"\/category\/dialogando\/numero-127\">Dialogando N\u00b0127<\/a><\/div>            <div class=\"mkdf-post-info-author\"><a itemprop=\"author\" class=\"mkdf-post-info-author-link\" href=\"https:\/\/fondazionecomel.org\/en\/author\/luca-maria-pedrotti\/\">Luca Maria Pedrotti Dell'Acqua<\/a><\/div>\n            <div class=\"mkdf-post-info-category\">\r\n\r\n<a href=\"https:\/\/fondazionecomel.org\/en\/category\/dialogando-en\/newsletter-en\/apocrifa-en\/\">Apocrifa<\/a>\r\n<\/div>        <\/div> \n\n        <div class=\"mkdf-pt-one-excerpt\">\n            <p class=\"mkdf-post-excerpt\">Ambedue, sia ragion di stato sia di denaro, come ovunque e sempre in ogni famiglia della buona e meno buona societ\u00e0 internazionale, ma per il nostro Paese si aggiunge anche, e nuoce, il discredito e l\u2019irrilevanza in genere circa il ruolo e la (in)credibilit\u00e0 politica che governi di ogni colore<\/p>        <\/div>\n            <!--<div class=\"mkdf-pt-one-info-section hide-section\">\n                 NASCONDERE CONTEGGIO LIKE \"AGGIUNTIVO\"\n         <div class=\"mkdf-blog-like\">\n                    <\/div>\n        NASCONDERE CONTEGGIO COMMENTI\n                            <\/div>-->\n            <!--            <div class=\"mkdf-pt-one-excerpt\">\n                <p class=\"mkdf-post-excerpt\">Ambedue, sia ragion di stato sia di denaro, come ovunque e sempre in ogni famiglia della buona e meno buona<\/p>            <\/div>\n                        -->\n    <\/div>\n<\/div><div class=\"mkdf-pt-one-item mkdf-post-item\">\n        \n    <div class=\"mkdf-pt-one-content-holder\">\n        <div class=\"mkdf-pt-one-title-holder\">\n            <h3 class=\"mkdf-pt-one-title \" >\n            <a itemprop=\"url\" class=\"mkdf-pt-link\" href=\"https:\/\/fondazionecomel.org\/en\/dialogando-en\/apocrifa-chiare-fresche-dolci-acque-etc\/\" target=\"_self\">APOCRIFA &#8211; Chiare, fresche e dolci acque etc<\/a>\n        <\/h3>\n        <\/div>\n\n        <div class=\"mkdf-pt-one-info-section\">\n            <div itemprop=\"dateCreated\" class=\"mkdf-post-info-date entry-date updated\" ><a id=\"data-articolo\" itemprop=\"url\" href=\"https:\/\/fondazionecomel.org\/en\/2018\/11\/\">Nov, 21, 2018<\/a><meta itemprop=\"interactionCount\" content=\"UserComments: 0\"\/><\/div>\r\n\r\n<div itemprop=\"dateCreated\" class=\"mkdf-post-info-date entry-date updated mkdf-post-info-dialogando\">\r\n<!-- CICLO IF RICHIAMO CAMPO DIALOGANDO -->\r\n    <a href=\"\/category\/dialogando\/numero-126\">Dialogando N\u00b0126<\/a><\/div>            <div class=\"mkdf-post-info-author\"><a itemprop=\"author\" class=\"mkdf-post-info-author-link\" href=\"https:\/\/fondazionecomel.org\/en\/author\/luca-maria-pedrotti\/\">Luca Maria Pedrotti Dell'Acqua<\/a><\/div>\n            <div class=\"mkdf-post-info-category\">\r\n\r\n<a href=\"https:\/\/fondazionecomel.org\/en\/category\/dialogando-en\/newsletter-en\/apocrifa-en\/\">Apocrifa<\/a>\r\n<\/div>        <\/div> \n\n        <div class=\"mkdf-pt-one-excerpt\">\n            <p class=\"mkdf-post-excerpt\">Secondo una ricerca pubblicata su Enviromental \u2013 Science &amp; Technology \u2013 ogni anno l\u2019essere umano ingerisce mediamente circa 32.000 microplastiche, minuscoli pezzetti dei rifiuti presenti nel mare o nell\u2019aria che si finisce per bere, mangiare o anche solo respirare.\u00a0E secondo un articolo di <em>Quartz<\/em>, circa 2000 microplastiche all\u2019anno entrano nell\u2019organismo tramite l\u2019umile e anonimo<\/p>        <\/div>\n            <!--<div class=\"mkdf-pt-one-info-section hide-section\">\n                 NASCONDERE CONTEGGIO LIKE \"AGGIUNTIVO\"\n         <div class=\"mkdf-blog-like\">\n                    <\/div>\n        NASCONDERE CONTEGGIO COMMENTI\n                            <\/div>-->\n            <!--            <div class=\"mkdf-pt-one-excerpt\">\n                <p class=\"mkdf-post-excerpt\">Secondo una ricerca pubblicata su Enviromental \u2013 Science &amp; Technology \u2013 ogni anno l\u2019essere umano ingerisce mediamente circa 32.000 microplastiche,<\/p>            <\/div>\n                        -->\n    <\/div>\n<\/div><div class=\"mkdf-pt-one-item mkdf-post-item\">\n        \n    <div class=\"mkdf-pt-one-content-holder\">\n        <div class=\"mkdf-pt-one-title-holder\">\n            <h3 class=\"mkdf-pt-one-title \" >\n            <a itemprop=\"url\" class=\"mkdf-pt-link\" href=\"https:\/\/fondazionecomel.org\/en\/dialogando-en\/apocrifa-continuita\/\" target=\"_self\">APOCRIFA: Continuit\u00e0<\/a>\n        <\/h3>\n        <\/div>\n\n        <div class=\"mkdf-pt-one-info-section\">\n            <div itemprop=\"dateCreated\" class=\"mkdf-post-info-date entry-date updated\" ><a id=\"data-articolo\" itemprop=\"url\" href=\"https:\/\/fondazionecomel.org\/en\/2018\/11\/\">Nov, 06, 2018<\/a><meta itemprop=\"interactionCount\" content=\"UserComments: 0\"\/><\/div>\r\n\r\n<div itemprop=\"dateCreated\" class=\"mkdf-post-info-date entry-date updated mkdf-post-info-dialogando\">\r\n<!-- CICLO IF RICHIAMO CAMPO DIALOGANDO -->\r\n    <a href=\"\/category\/dialogando\/numero-125\">Dialogando N\u00b0125<\/a><\/div>            <div class=\"mkdf-post-info-author\"><a itemprop=\"author\" class=\"mkdf-post-info-author-link\" href=\"https:\/\/fondazionecomel.org\/en\/author\/luca-maria-pedrotti\/\">Luca Maria Pedrotti Dell'Acqua<\/a><\/div>\n            <div class=\"mkdf-post-info-category\">\r\n\r\n<a href=\"https:\/\/fondazionecomel.org\/en\/category\/dialogando-en\/newsletter-en\/apocrifa-en\/\">Apocrifa<\/a>\r\n<\/div>        <\/div> \n\n        <div class=\"mkdf-pt-one-excerpt\">\n            <p class=\"mkdf-post-excerpt\">Nel consueto costume di usare le parole in modo confuso, se non a caso, il governo bicefalo del cambiamento - che quanto a discontinuit\u00e0 \u00e8 avaro assai, se non nella approssimazione, ma certo \u00e8 ben tradizionale nell\u2019occupare i posti a tavola e a tavolino - non chiarisce la prospettiva dello scenario di ordine economico, neanche a breve termine, che ha in mente o nelle varie menti. Ciascuna<\/p>        <\/div>\n            <!--<div class=\"mkdf-pt-one-info-section hide-section\">\n                 NASCONDERE CONTEGGIO LIKE \"AGGIUNTIVO\"\n         <div class=\"mkdf-blog-like\">\n                    <\/div>\n        NASCONDERE CONTEGGIO COMMENTI\n                            <\/div>-->\n            <!--            <div class=\"mkdf-pt-one-excerpt\">\n                <p class=\"mkdf-post-excerpt\">Nel consueto costume di usare le parole in modo confuso, se non a caso, il governo bicefalo del cambiamento -<\/p>            <\/div>\n                        -->\n    <\/div>\n<\/div><div class=\"mkdf-pt-one-item mkdf-post-item\">\n        \n    <div class=\"mkdf-pt-one-content-holder\">\n        <div class=\"mkdf-pt-one-title-holder\">\n            <h3 class=\"mkdf-pt-one-title \" >\n            <a itemprop=\"url\" class=\"mkdf-pt-link\" href=\"https:\/\/fondazionecomel.org\/en\/dialogando-en\/apocrifa-escatologia\/\" target=\"_self\">APOCRIFA: Escatologia<\/a>\n        <\/h3>\n        <\/div>\n\n        <div class=\"mkdf-pt-one-info-section\">\n            <div itemprop=\"dateCreated\" class=\"mkdf-post-info-date entry-date updated\" ><a id=\"data-articolo\" itemprop=\"url\" href=\"https:\/\/fondazionecomel.org\/en\/2018\/10\/\">Oct, 24, 2018<\/a><meta itemprop=\"interactionCount\" content=\"UserComments: 0\"\/><\/div>\r\n\r\n<div itemprop=\"dateCreated\" class=\"mkdf-post-info-date entry-date updated mkdf-post-info-dialogando\">\r\n<!-- CICLO IF RICHIAMO CAMPO DIALOGANDO -->\r\n    <a href=\"\/category\/dialogando\/numero-124\">Dialogando N\u00b0124<\/a><\/div>            <div class=\"mkdf-post-info-author\"><a itemprop=\"author\" class=\"mkdf-post-info-author-link\" href=\"https:\/\/fondazionecomel.org\/en\/author\/luca-maria-pedrotti\/\">Luca Maria Pedrotti Dell'Acqua<\/a><\/div>\n            <div class=\"mkdf-post-info-category\">\r\n\r\n<a href=\"https:\/\/fondazionecomel.org\/en\/category\/dialogando-en\/newsletter-en\/apocrifa-en\/\">Apocrifa<\/a>\r\n<\/div>        <\/div> \n\n        <div class=\"mkdf-pt-one-excerpt\">\n            <p class=\"mkdf-post-excerpt\">Da sempre l\u2019uomo, in un modo o nell\u2019altro, in prospettiva religiosa, filosofica o scientifica, s\u2019interroga o ragiona considerando le ultime cose, vale a dire intorno alla fine: non tanto della singola vita (che peraltro gi\u00e0 \u00e8, o sarebbe, esercizio notevolmente impegnativo) quanto piuttosto del mondo o della realt\u00e0 che conosciamo. L\u2019escatologia scientifica, in particolare, sembra a<\/p>        <\/div>\n            <!--<div class=\"mkdf-pt-one-info-section hide-section\">\n                 NASCONDERE CONTEGGIO LIKE \"AGGIUNTIVO\"\n         <div class=\"mkdf-blog-like\">\n                    <\/div>\n        NASCONDERE CONTEGGIO COMMENTI\n                            <\/div>-->\n            <!--            <div class=\"mkdf-pt-one-excerpt\">\n                <p class=\"mkdf-post-excerpt\">Da sempre l\u2019uomo, in un modo o nell\u2019altro, in prospettiva religiosa, filosofica o scientifica, s\u2019interroga o ragiona considerando le ultime<\/p>            <\/div>\n                        -->\n    <\/div>\n<\/div><\/div><\/div><div class=\"mkdf-bnl-navigation-holder\">\n    <div class=\"mkdf-bnl-navigation\">\n        <a class=\"mkdf-bnl-nav-icon mkdf-bnl-nav-prev\"><span><\/span><\/a>\n        <div class=\"mkdf-bnl-slider-paging\">\n                            <a class=\"mkdf-paging-button-holder\" href=\"#\"><span class=\"mkdf-paging-button\"><\/span><\/a>\n                            <a class=\"mkdf-paging-button-holder\" href=\"#\"><span class=\"mkdf-paging-button\"><\/span><\/a>\n                            <a class=\"mkdf-paging-button-holder\" href=\"#\"><span class=\"mkdf-paging-button\"><\/span><\/a>\n                            <a class=\"mkdf-paging-button-holder\" href=\"#\"><span class=\"mkdf-paging-button\"><\/span><\/a>\n                            <a class=\"mkdf-paging-button-holder\" href=\"#\"><span class=\"mkdf-paging-button\"><\/span><\/a>\n                            <a class=\"mkdf-paging-button-holder\" href=\"#\"><span class=\"mkdf-paging-button\"><\/span><\/a>\n                            <a class=\"mkdf-paging-button-holder\" href=\"#\"><span class=\"mkdf-paging-button\"><\/span><\/a>\n                            <a class=\"mkdf-paging-button-holder\" href=\"#\"><span class=\"mkdf-paging-button\"><\/span><\/a>\n                            <a class=\"mkdf-paging-button-holder\" href=\"#\"><span class=\"mkdf-paging-button\"><\/span><\/a>\n                    <\/div>\n        <a class=\"mkdf-bnl-nav-icon mkdf-bnl-nav-next\"><span><\/span><\/a>\n    <\/div>\n<\/div><div class=\"mkdf-post-ajax-preloader\" style=\"display: none;\">\n    <div class=\"mkdf-pulse\"><\/div>\n    <div class=\"mkdf-pulse mkdf-preloader-second\"><\/div>\n    <div class=\"mkdf-pulse mkdf-preloader-third\"><\/div>\n    <div class=\"mkdf-pulse mkdf-preloader-fourth\"><\/div>\n    <div class=\"mkdf-pulse mkdf-preloader-fifth\"><\/div>\n    <div class=\"mkdf-pulse mkdf-preloader-sixth\"><\/div>\n<\/div><\/div>[\/vc_column][\/vc_row]<\/p>\n","protected":false},"excerpt":{"rendered":"<p>[vc_row][vc_column][vc_column_text] Apocrifa \u00c8 uno spazio che, richiamandosi all\u2019etimologia (nascosto, fuori dall\u2019uso), ospita anche righe non politicamente corrette e (forse) fin errate, quantomeno per la comune opinione pro tempore maggioritaria, nella consapevolezza che lo scambio di idee, in buona fede, non sempre pu\u00f2 essere ancorato alle certezze. Totale articoli:\u00a0[\/vc_column_text][\/vc_column][\/vc_row]<\/p>\n","protected":false},"author":1,"featured_media":0,"parent":6009,"menu_order":0,"comment_status":"closed","ping_status":"closed","template":"","meta":[],"acf":[],"yoast_head":"<!-- This site is optimized with the Yoast SEO plugin v17.6 - https:\/\/yoast.com\/wordpress\/plugins\/seo\/ -->\n<title>Apocrifa - Fondazione Comel<\/title>\n<meta name=\"robots\" content=\"index, follow, max-snippet:-1, max-image-preview:large, max-video-preview:-1\" \/>\n<link rel=\"canonical\" href=\"https:\/\/fondazionecomel.org\/en\/pubblicazioni\/dialogando\/newsletter\/apocrifa\/\" \/>\n<meta property=\"og:locale\" content=\"en_US\" \/>\n<meta property=\"og:type\" content=\"article\" \/>\n<meta property=\"og:title\" content=\"Apocrifa - Fondazione Comel\" \/>\n<meta property=\"og:description\" content=\"[vc_row][vc_column][vc_column_text] Apocrifa \u00c8 uno spazio che, richiamandosi all\u2019etimologia (nascosto, fuori dall\u2019uso), ospita anche righe non politicamente corrette e (forse) fin errate, quantomeno per la comune opinione pro tempore maggioritaria, nella consapevolezza che lo scambio di idee, in buona fede, non sempre pu\u00f2 essere ancorato alle certezze. Totale articoli:\u00a0[\/vc_column_text][\/vc_column][\/vc_row]\" \/>\n<meta property=\"og:url\" content=\"https:\/\/fondazionecomel.org\/en\/pubblicazioni\/dialogando\/newsletter\/apocrifa\/\" \/>\n<meta property=\"og:site_name\" content=\"Fondazione Comel\" \/>\n<meta property=\"article:modified_time\" content=\"2021-11-23T11:08:42+00:00\" \/>\n<meta name=\"twitter:card\" content=\"summary\" \/>\n<meta name=\"twitter:label1\" content=\"Est. reading time\" \/>\n\t<meta name=\"twitter:data1\" content=\"1 minute\" \/>\n<script type=\"application\/ld+json\" class=\"yoast-schema-graph\">{\"@context\":\"https:\/\/schema.org\",\"@graph\":[{\"@type\":\"WebSite\",\"@id\":\"https:\/\/fondazionecomel.org\/#website\",\"url\":\"https:\/\/fondazionecomel.org\/\",\"name\":\"Fondazione Comel\",\"description\":\"\",\"potentialAction\":[{\"@type\":\"SearchAction\",\"target\":{\"@type\":\"EntryPoint\",\"urlTemplate\":\"https:\/\/fondazionecomel.org\/?s={search_term_string}\"},\"query-input\":\"required name=search_term_string\"}],\"inLanguage\":\"en-US\"},{\"@type\":\"WebPage\",\"@id\":\"https:\/\/fondazionecomel.org\/en\/pubblicazioni\/dialogando\/newsletter\/apocrifa\/#webpage\",\"url\":\"https:\/\/fondazionecomel.org\/en\/pubblicazioni\/dialogando\/newsletter\/apocrifa\/\",\"name\":\"Apocrifa - Fondazione Comel\",\"isPartOf\":{\"@id\":\"https:\/\/fondazionecomel.org\/#website\"},\"datePublished\":\"2017-07-31T13:41:37+00:00\",\"dateModified\":\"2021-11-23T11:08:42+00:00\",\"breadcrumb\":{\"@id\":\"https:\/\/fondazionecomel.org\/en\/pubblicazioni\/dialogando\/newsletter\/apocrifa\/#breadcrumb\"},\"inLanguage\":\"en-US\",\"potentialAction\":[{\"@type\":\"ReadAction\",\"target\":[\"https:\/\/fondazionecomel.org\/en\/pubblicazioni\/dialogando\/newsletter\/apocrifa\/\"]}]},{\"@type\":\"BreadcrumbList\",\"@id\":\"https:\/\/fondazionecomel.org\/en\/pubblicazioni\/dialogando\/newsletter\/apocrifa\/#breadcrumb\",\"itemListElement\":[{\"@type\":\"ListItem\",\"position\":1,\"name\":\"Home\",\"item\":\"https:\/\/fondazionecomel.org\/en\/\"},{\"@type\":\"ListItem\",\"position\":2,\"name\":\"Pubblicazioni\",\"item\":\"https:\/\/fondazionecomel.org\/en\/pubblicazioni\/\"},{\"@type\":\"ListItem\",\"position\":3,\"name\":\"Dialogando\",\"item\":\"https:\/\/fondazionecomel.org\/en\/pubblicazioni\/dialogando\/\"},{\"@type\":\"ListItem\",\"position\":4,\"name\":\"Newsletter\",\"item\":\"https:\/\/fondazionecomel.org\/en\/pubblicazioni\/dialogando\/newsletter\/\"},{\"@type\":\"ListItem\",\"position\":5,\"name\":\"Apocrifa\"}]}]}<\/script>\n<!-- \/ Yoast SEO plugin. -->","yoast_head_json":{"title":"Apocrifa - Fondazione Comel","robots":{"index":"index","follow":"follow","max-snippet":"max-snippet:-1","max-image-preview":"max-image-preview:large","max-video-preview":"max-video-preview:-1"},"canonical":"https:\/\/fondazionecomel.org\/en\/pubblicazioni\/dialogando\/newsletter\/apocrifa\/","og_locale":"en_US","og_type":"article","og_title":"Apocrifa - Fondazione Comel","og_description":"[vc_row][vc_column][vc_column_text] Apocrifa \u00c8 uno spazio che, richiamandosi all\u2019etimologia (nascosto, fuori dall\u2019uso), ospita anche righe non politicamente corrette e (forse) fin errate, quantomeno per la comune opinione pro tempore maggioritaria, nella consapevolezza che lo scambio di idee, in buona fede, non sempre pu\u00f2 essere ancorato alle certezze. Totale articoli:\u00a0[\/vc_column_text][\/vc_column][\/vc_row]","og_url":"https:\/\/fondazionecomel.org\/en\/pubblicazioni\/dialogando\/newsletter\/apocrifa\/","og_site_name":"Fondazione Comel","article_modified_time":"2021-11-23T11:08:42+00:00","twitter_card":"summary","twitter_misc":{"Est. reading time":"1 minute"},"schema":{"@context":"https:\/\/schema.org","@graph":[{"@type":"WebSite","@id":"https:\/\/fondazionecomel.org\/#website","url":"https:\/\/fondazionecomel.org\/","name":"Fondazione Comel","description":"","potentialAction":[{"@type":"SearchAction","target":{"@type":"EntryPoint","urlTemplate":"https:\/\/fondazionecomel.org\/?s={search_term_string}"},"query-input":"required name=search_term_string"}],"inLanguage":"en-US"},{"@type":"WebPage","@id":"https:\/\/fondazionecomel.org\/en\/pubblicazioni\/dialogando\/newsletter\/apocrifa\/#webpage","url":"https:\/\/fondazionecomel.org\/en\/pubblicazioni\/dialogando\/newsletter\/apocrifa\/","name":"Apocrifa - Fondazione Comel","isPartOf":{"@id":"https:\/\/fondazionecomel.org\/#website"},"datePublished":"2017-07-31T13:41:37+00:00","dateModified":"2021-11-23T11:08:42+00:00","breadcrumb":{"@id":"https:\/\/fondazionecomel.org\/en\/pubblicazioni\/dialogando\/newsletter\/apocrifa\/#breadcrumb"},"inLanguage":"en-US","potentialAction":[{"@type":"ReadAction","target":["https:\/\/fondazionecomel.org\/en\/pubblicazioni\/dialogando\/newsletter\/apocrifa\/"]}]},{"@type":"BreadcrumbList","@id":"https:\/\/fondazionecomel.org\/en\/pubblicazioni\/dialogando\/newsletter\/apocrifa\/#breadcrumb","itemListElement":[{"@type":"ListItem","position":1,"name":"Home","item":"https:\/\/fondazionecomel.org\/en\/"},{"@type":"ListItem","position":2,"name":"Pubblicazioni","item":"https:\/\/fondazionecomel.org\/en\/pubblicazioni\/"},{"@type":"ListItem","position":3,"name":"Dialogando","item":"https:\/\/fondazionecomel.org\/en\/pubblicazioni\/dialogando\/"},{"@type":"ListItem","position":4,"name":"Newsletter","item":"https:\/\/fondazionecomel.org\/en\/pubblicazioni\/dialogando\/newsletter\/"},{"@type":"ListItem","position":5,"name":"Apocrifa"}]}]}},"_links":{"self":[{"href":"https:\/\/fondazionecomel.org\/en\/wp-json\/wp\/v2\/pages\/6030"}],"collection":[{"href":"https:\/\/fondazionecomel.org\/en\/wp-json\/wp\/v2\/pages"}],"about":[{"href":"https:\/\/fondazionecomel.org\/en\/wp-json\/wp\/v2\/types\/page"}],"author":[{"embeddable":true,"href":"https:\/\/fondazionecomel.org\/en\/wp-json\/wp\/v2\/users\/1"}],"replies":[{"embeddable":true,"href":"https:\/\/fondazionecomel.org\/en\/wp-json\/wp\/v2\/comments?post=6030"}],"version-history":[{"count":1,"href":"https:\/\/fondazionecomel.org\/en\/wp-json\/wp\/v2\/pages\/6030\/revisions"}],"predecessor-version":[{"id":7682,"href":"https:\/\/fondazionecomel.org\/en\/wp-json\/wp\/v2\/pages\/6030\/revisions\/7682"}],"up":[{"embeddable":true,"href":"https:\/\/fondazionecomel.org\/en\/wp-json\/wp\/v2\/pages\/6009"}],"wp:attachment":[{"href":"https:\/\/fondazionecomel.org\/en\/wp-json\/wp\/v2\/media?parent=6030"}],"curies":[{"name":"wp","href":"https:\/\/api.w.org\/{rel}","templated":true}]}}