{"id":6032,"date":"2017-07-14T09:43:06","date_gmt":"2017-07-14T09:43:06","guid":{"rendered":"https:\/\/fondazionecomel.org\/contatti-sede-di-pisa\/"},"modified":"2017-07-14T09:43:06","modified_gmt":"2017-07-14T09:43:06","slug":"contatti-sede-di-pisa","status":"publish","type":"page","link":"https:\/\/fondazionecomel.org\/en\/contatti\/contatti-sede-di-pisa\/contatti-sede-di-pisa\/","title":{"rendered":"Cenni Storici"},"content":{"rendered":"<p>[vc_row][vc_column][vc_column_text]<\/p>\n<h1>Cenni Storici<\/h1>\n<p>[\/vc_column_text][\/vc_column][\/vc_row][vc_row css=&#8221;.vc_custom_1450280081575{padding-bottom: 24px !important;}&#8221;][vc_column][vc_column_text]<\/p>\n<h3>Il sito<\/h3>\n<p><strong>L&#8217;Institutio Santoriana-Fondazione Comel<\/strong> ha dei confini ben delineati sin dall\u2019origine: a ovest il complesso monumentale del Duomo e a nord le mura urbane tracciate nel 1155. Gli altri limiti dell\u2019isolato sono: a sud l&#8217;attuale Via Cardinale Maffi, gi\u00e0 Via Torelli, creata nel 1863-64, e a est la Via San Ranierino, tracciata negli anni Cinquanta del secolo scorso con l\u2019apertura di un varco nelle mura urbane. La posizione del sito della Fondazione, assolutamente privilegiata, <strong>a fianco del\u00a0<em>Prato del Duomo<\/em><\/strong>, consente facili individuazioni attraverso la cartografia storica pisana, pur tenendo presenti le imprecisioni dei rilievi e dei sistemi di rappresentazione in uso sino a met\u00e0 Ottocento.<\/p>\n<p>La prima pianta della citt\u00e0, di un autore non identificato, gi\u00e0 attribuita a Giuliano da Sangallo, \u00e8 della fine del XV secolo o dell\u2019inizio del XVI secolo; a penna, rappresenta la citt\u00e0 senza iscrizioni. Si deve attendere la fine del Cinquecento per avere la prima veduta a stampa, un&#8217;acquaforte di F. Hogenberg dal titolo\u00a0<em>Pisa urbs Etruriae<\/em>, dove viene rappresentata la citt\u00e0 in termini prospettici.<\/p>\n<p>Nel Seicento la produzione cartografica aumenta notevolmente, con la <strong>pianta prospettica di Achille Soli del 1605<\/strong>, con quella di <strong>Iodocus Hondt del 1627<\/strong> e con altre ancora. Le piante settecentesche derivano dalla\u00a0<em>Pianta Scorzi<\/em>\u00a0della prima met\u00e0 del secolo, accuratamente disegnata e con 139 rimandi ai luoghi pi\u00f9 importanti della citt\u00e0. Il tessuto urbano e le aree verdi all&#8217;interno delle mura sono riportati con precisi intenti cartografici. In tutte le piante ricordate si legge chiaramente che il sito attuale della Fondazione era occupato da orti e giardini. Soltanto con la\u00a0<em>Pianta della citt\u00e0 di Pisa<\/em>, una incisione del 1792, disegnata da Agostino Angioli e incisa da Cosimo Zocchi, sull&#8217;area di nostro interesse compare una strada, perpendicolare alle mura urbane, che conduce ad un edificio.<\/p>\n<p>L\u2019informazione \u00e8 confermata dal <strong>Catasto Generale della Toscana<\/strong> del periodo napoleonico, che mostra un lungo fabbricato individuato dal numero 68 e classificato come &#8220;casa&#8221;, mentre l&#8217;adiacente particella 69 \u00e8 definita &#8220;orto con conserva d\u2019Acqua&#8221;, e la particella 329, che risulta collocata tra la casa e le mura urbane e si estende fino alla\u00a0<em>Porta a Lucca<\/em>, \u00e8 semplicemente indicata come &#8220;orto&#8221;. Tutte le particelle risultano intestate ai medesimi proprietari: &#8220;Piazzi Avvocato Tommaso e Gaspero di Giovan Marco&#8221;. La sovrapposizione della mappa con il confine attuale dell&#8217;immobile evidenzia che la parte terminale sinistra dell\u2019edificio sorgeva su una porzione del sito dove oggi insiste la palazzina a tre piani prospiciente Via San Ranierino.<\/p>\n<p>Si dovr\u00e0 attendere sino al 1846, quando l\u2019ingegnere Giacinto Van-Lint eseguir\u00e0 la\u00a0<em>Pianta della Citt\u00e0 di Pisa<\/em>\u00a0effettuando il <strong>primo rilevamento moderno<\/strong> basato sulle mappe del Catasto urbano, per avere una rappresentazione precisa e minuziosa. Anche in questa mappa si rileva il medesimo edificio. Una <strong>grande rivoluzione urbanistica<\/strong> per tutta la zona nord-ovest della citt\u00e0 fu avviata dall\u2019ampio programma di\u00a0<em>abbellimento<\/em>\u00a0della Piazza coordinato da una apposita Commissione costituitasi nel 1863. Il programma della commissione \u00e8 riassumibile in tre punti: <strong>abbattere i fabbricati<\/strong> attorno alla Torre, <strong>rettificare le facciate degli edifici<\/strong> <strong>circostanti<\/strong> imprimendo loro i caratteri stilistici pisani; <strong>tracciare una nuova strada<\/strong> di collegamento del\u00a0<em>Prato del Duomo<\/em>\u00a0con la\u00a0<em>Porta a Lucca<\/em>. I primi due punti, gi\u00e0 teorizzati da Alessandro Gherardesca nei decenni precedenti, consistettero nella demolizione della chiesa di San Ranierino, della Casa dei Curati, della Casa dei Campanari, della residenza del Capitolo e della pompa e della cisterna d\u2019acqua.<\/p>\n<p>L\u2019operazione aveva lo scopo di dare maggiore risalto alla torre, isolandola dal contesto nel quale era sorta. Le facciate dei palazzi prospettanti sulla piazza vennero rifatte in stile \u201cantico\u201d. Il tracciamento della strada tagli\u00f2 molti orti e giardini, tra i quali anche gli orti dei canonici, correndo parallela alle mura urbane. Doveva essere dedicata a Bonanno, port\u00f2 invece il nome del Prefetto Torelli, presidente della Commissione di\u00a0<em>abbellimento<\/em>. La decisione di prolungare la Via Torelli sul\u00a0<em>Prato del Duomo<\/em>, facendola ruotare attorno alla Torre, ebbe la prerogativa di consentire ai visitatori visuali &#8220;sublimi&#8221; del Monumento. Artefice e protagonista assoluto di tutte le operazioni fu l&#8217;ingegnere Pietro Bellini, gi\u00e0 responsabile per conto dell&#8217;Operaio Presidente prima dell\u2019Unit\u00e0 d&#8217;Italia ed in seguito &#8220;<strong>Ingegnere ad un tempo del Comune e dell\u2019Opera della Primaziale<\/strong>&#8220;, che progett\u00f2 e diresse tutti i lavori. Sulla Via Torelli trover\u00e0 sede la nuova chiesa di San Ranierino, patrono della citt\u00e0, costruita frontalmente alla piccola strada che giunge da piazza dell\u2019Arcivescovado, denominata Via Traversa e rettificata per dare una maggiore visione alla piccola chiesa.<\/p>\n<p>L&#8217;apertura della Via Torelli, il cui inserimento sulle mappe catastali \u00e8 del <strong>1864<\/strong>, incentiv\u00f2 la costruzione di numerosi edifici di civile abitazione negli anni seguenti. In particolare sorsero case a due piani fuori terra, a diretto contatto con la strada stessa. Le facciate ora presentano una porta centinata centrale con ai lati una finestra rettangolare per parte. Il piano terra \u00e8 rifinito con intonaco riproducente un bugnato ed \u00e8 delimitato dal marcapiano che separa l&#8217;intonaco fine del piano superiore, dove vi trova posta una porta-finestra con balcone. Quest&#8217;ultimo poggia su due mensole ed \u00e8 protetto da parapetto ad elementi ripetuti in fusione. Altre finestre rettangolari inquadrano la parte centrale; un cornicione, con piccole mensole, conclude la facciata. La propriet\u00e0 dell\u2019area di nostro interesse era nel frattempo cambiata: ai Piazzi era subentrato Giovanni Giorgi fu Giuseppe e il 25 gennaio 1872 risultava proprietario Vittorio Giorgi.<\/p>\n<p>Solo un anno dopo, il <strong>13 febbraio 1873<\/strong> i terreni furono acquistati da Luigi Bottari fu Antonio che far\u00e0 edificare due edifici. Il primo sorge sui resti della casa dei Piazzi, censita con il numero 3799 e consistente in tre piani con sei vani a piano terreno e tre vani su ciascuno degli altri due (questo edificio \u00e8 da identificare con l\u2019attuale palazzina su Via San Ranierino). Il secondo edificio, con le caratteristiche tipologiche di facciata simili agli edifici prospicienti su Via Torelli, \u00e8 edificato all\u2019interno del giardino, cos\u00ec da ricavare un breve viale centrale. \u00c8 classificato al numero 3963 e ha una conformazione rettangolare con cinque vani a piano terra, sei vani al piano primo e quattro vani al piano secondo. La propriet\u00e0 passer\u00e0 per successione alla nobile famiglia fiorentina Bruno: prima a Edoardo fu Carlo Maurizio, poi alla figlia Enrichetta e, nel 1907, alle sorelle di quest\u2019ultima Maria e Matilde.<\/p>\n<p>Dai documenti della successione di Enrichetta si apprende che agli edifici residenziali sono stati aggiunti: una loggia aperta (n. 4571), la stalla e la rimessa (n. 4570), il pollaio (n. 4572) e una capanna nell&#8217;orto (n. 69). Gli edifici accessori aggiunti sono costruiti a ridosso della riva del terreno che forma un dislivello di oltre due metri. I beni passano nel 1916, come &#8220;beni dotali&#8221;, a Giuseppina Venturi fu Giovanni (non \u00e8 dato di sapere allo stato attuale se fosse figlia di Maria o Matilde Bruno) sposa di Antonio Bottari fu Luigi. Gli immobili passano per successione ai figli Carlo, Lina, Mario e Anna Bottari che li detengono sino al 1947, quando vendono tutti gli immobili al professor Marcello Comel, direttore della Clinica dermatologica dell\u2019Universit\u00e0 di Pisa. (Architetto Carlo Mariani, di Giussano MI, progettista e direttore dei lavori attualmente in corso sugli immobili della Fondazione)<\/p>\n<h3><\/h3>\n<h3 class=\"title\">Dal 1947<\/h3>\n<p>Il dinamismo del nuovo proprietario ha modo di manifestarsi gi\u00e0 il <strong>26 giugno 1947<\/strong>, quando viene firmato un contratto d\u2019appalto con l&#8217;ingegnere Giuseppe Miceli per la costruzione di una residenza all&#8217;interno del giardino. La costruzione della villa nel giardino viene autorizzata dalla <strong>Soprintendenza ai Monumenti e Gallerie per le province di Pisa, Livorno, Lucca e Massa Carrara<\/strong>, ponendo come &#8220;condizione che l\u2019altezza dal piano terra fino alla linea di gronda non superi i quattro metri, la distanza minima del fabbricato dalle mura non sia inferiore a metri dodici e la zona circostante venga sistemata a verde intenso&#8221;.<\/p>\n<p>Il nulla osta dal Comune di Pisa giunge con la data del 12 agosto 1947 con allegate le piante approvate. Il progetto \u00e8 composto da una planimetria in scala 1:1000, mentre pianta, sezione e prospetti sono in scala 1:50. L&#8217;edificio presenta ad ovest l\u2019ingresso, che immette sul soggiorno. Un piccolo vano disimpegna un\u2019anticamera dove si affacciano due camere da letto, un bagno ed un locale w.c. La casa \u00e8 completata dalla cucina con vano dispensa e da una cameretta di servizio con locale w.c.<\/p>\n<p>Nell&#8217;ottobre dello stesso anno si faceva domanda per il rilascio della dichiarazione di abitabilit\u00e0 per lo stabile &#8220;completamente finito in ogni suo particolare&#8221;. A neanche un anno di distanza dall\u2019ultimazione dei lavori si chiede l\u2019autorizzazione per ampliare la villa. &#8220;<em>\u2026da questi lavori non viene causata alcuna sopraelevazione dello stabile. I locali stessi sono destinati a ospitare l&#8217;Institutum Santorianum de Scientia Medica (Rettorato, con sede a Pisa) e i relativi lavori vengono eseguiti pertanto a fine mecenatico<\/em>&#8220;.<\/p>\n<p>Il <strong>15 ottobre 1948<\/strong> viene espresso parere favorevole all\u2019ampliamento, restituendo una copia del progetto eseguito dal geometra Andrea Dal Torto: in questo modo la villa acquista la sua immagine definitiva. Il piano terra risulta formato da una &#8220;galleria&#8221; finestrata sul lato sud, con una scala lignea che conduce al piano superiore immettendo in un grande salone. Il prospetto sud risulta a due piani. A piano terra si ha una serie di sei porte-finestre con archi ribassati composti da mattoni disposti a coltello che poggiano su piedritti formati da lastre in Pietra di San Giuliano che simulano dei conci. Altre lastre sono inserite in modo sparso nel paramento in mattoni. Nella parte superiore due terrazze (che dovevano avere dei pergolati) incorniciano l&#8217;edificio, che \u00e8 pi\u00f9 stretto rispetto al piano sottostante e ha la gronda con dei mutuli semplificati ripresi dalla cornice dell&#8217;ordine dorico. Cos\u00ec scriveva il professor Comel: &#8220;<em>La villa \u00e8 stata trasformata in Padiglione per le riunioni scientifiche della Fondazione Camilliana e dell&#8217;Institutum Santorianum. Ospita la Biblioteca Camilliana, di cultura generale umanistica. Edifici adiacenti allogano il Rettorato, gli Atenei santoriani, e la Biblioteca Santoriana (biblioteca medica)<\/em>&#8220;.<\/p>\n<p>A seguito della mutata destinazione della villa, Marcello Comel abiter\u00e0 nel corpo centrale del complesso. Il piano terra \u00e8 destinato a studio professionale, biblioteca ed altri spazi per la Fondazione. A distanza di qualche anno (1955) si redige un progetto per realizzare, in due lotti, piccoli appartamenti per ospitare studiosi e borsisti. Il progetto, firmato dall\u2019ingegnere Ugo Ciangherotti con studio a Pisa e Firenze, prevede la trasformazione dei locali esistenti a piano terra dell\u2019ala est in appartamento del custode e camera per la domestica. L&#8217;ampio porticato del piano terra, con pilastri in pietra e archi in mattoni, sorregge parte del piano superiore di nuova edificazione. Una stretta scala porta dal porticato al giardino superiore a nord, dove il loggiato aperto (oggi chiuso da vetrate) serve a raggiungere le tre unit\u00e0 per gli ospiti, composte da un ingresso con armadio a muro, uno studio, una camera e un piccolo bagno. Il loggiato conduce anche alla cucina con la saletta di soggiorno e pranzo, oltre ad ambienti di servizio. Gli spazi ricavati sono minimi ma, per il periodo e per il fine con cui sono nati, suscitano un certo interesse anche per gli arredi disegnati e costruiti su misura.<\/p>\n<p>Il secondo lotto intendeva realizzare, sopra il garage esistente e addossato al corpo ottocentesco, due unit\u00e0 per studiosi oltre a un tetto sopra il passaggio esterno di accesso alle camere, e modificare il terrazzo destro della villa per ricavare un collegamento coperto con il corpo centrale. La Soprintendenza ai Monumenti approv\u00f2 solo la costruzione delle camere, ma neg\u00f2 la possibilit\u00e0 di modificare gli altri edifici.<\/p>\n<p>Negli anni seguenti verr\u00e0 completato il porticato dell\u2019ala est su tutti e quattro i lati, mediante collegamento con la palazzina di tre piani, prospicente Via San Ranierino e coeva al corpo centrale, e attraverso la costruzione del fabbricato a sud, oggi destinato ad albergo. Non sono stati rinvenuti documenti riguardanti la progettazione e realizzazione del giardino, che si presenta molto articolato nelle sue forme e si sviluppa su due livelli. Pensato come un &#8220;giardino romantico&#8221;, presenta una vegetazione d&#8217;alto fusto e una fitta distribuzione cespugliosa integrata da vialetti e muretti in pietra che delimitano le diverse zone: la vasca a pentagono irregolare con la statua marmorea di Venere, i pergolati in mattone e legno coperti da diverse essenze, le nicchie ospitanti statue e vasi, i cippi in pietra con statue, il <strong>camminamento panoramico sulla piazza del Duomo<\/strong>, il filare di agrumi a spalliera sulle mura urbane contrapposto al filare delle palme. Questo ed altro ancora compongono <strong>l&#8217;esperienza di &#8220;viaggio&#8221;<\/strong> nello spazio e nel tempo che si pu\u00f2 effettuare nel giardino della Fondazione e forse aiutano anche a comprendere -in parte- il suo ultimo abitatore: il professor Marcello Comel.<\/p>\n<p><em>Architetto Carlo Mariani, di Giussano MI, progettista e direttore dei lavori attualmente in corso sugli immobili della Fondazione<\/em>[\/vc_column_text][\/vc_column][\/vc_row]<\/p>\n","protected":false},"excerpt":{"rendered":"<p>[vc_row][vc_column][vc_column_text] Cenni Storici [\/vc_column_text][\/vc_column][\/vc_row][vc_row css=&#8221;.vc_custom_1450280081575{padding-bottom: 24px !important;}&#8221;][vc_column][vc_column_text] Il sito L&#8217;Institutio Santoriana-Fondazione Comel ha dei confini ben delineati sin dall\u2019origine: a ovest il complesso monumentale del Duomo e a nord le mura urbane tracciate nel 1155. Gli altri limiti dell\u2019isolato sono: a sud l&#8217;attuale Via Cardinale Maffi, gi\u00e0 Via Torelli, creata nel 1863-64, e a est la Via San Ranierino, tracciata negli anni Cinquanta del secolo scorso con l\u2019apertura di un varco nelle mura urbane. La posizione del sito della Fondazione, assolutamente privilegiata, a fianco del\u00a0Prato del Duomo, consente facili individuazioni attraverso la cartografia storica pisana, pur tenendo presenti le imprecisioni [&hellip;]<\/p>\n","protected":false},"author":1,"featured_media":0,"parent":6034,"menu_order":0,"comment_status":"closed","ping_status":"closed","template":"","meta":[],"acf":[],"yoast_head":"<!-- This site is optimized with the Yoast SEO plugin v17.6 - https:\/\/yoast.com\/wordpress\/plugins\/seo\/ -->\n<title>Cenni Storici - Fondazione Comel<\/title>\n<meta name=\"robots\" content=\"index, follow, max-snippet:-1, max-image-preview:large, max-video-preview:-1\" \/>\n<link rel=\"canonical\" href=\"https:\/\/fondazionecomel.org\/en\/contatti\/contatti-sede-di-pisa\/contatti-sede-di-pisa\/\" \/>\n<meta property=\"og:locale\" content=\"en_US\" \/>\n<meta property=\"og:type\" content=\"article\" \/>\n<meta property=\"og:title\" content=\"Cenni Storici - Fondazione Comel\" \/>\n<meta property=\"og:description\" content=\"[vc_row][vc_column][vc_column_text] Cenni Storici [\/vc_column_text][\/vc_column][\/vc_row][vc_row css=&#8221;.vc_custom_1450280081575{padding-bottom: 24px !important;}&#8221;][vc_column][vc_column_text] Il sito L&#8217;Institutio Santoriana-Fondazione Comel ha dei confini ben delineati sin dall\u2019origine: a ovest il complesso monumentale del Duomo e a nord le mura urbane tracciate nel 1155. Gli altri limiti dell\u2019isolato sono: a sud l&#8217;attuale Via Cardinale Maffi, gi\u00e0 Via Torelli, creata nel 1863-64, e a est la Via San Ranierino, tracciata negli anni Cinquanta del secolo scorso con l\u2019apertura di un varco nelle mura urbane. La posizione del sito della Fondazione, assolutamente privilegiata, a fianco del\u00a0Prato del Duomo, consente facili individuazioni attraverso la cartografia storica pisana, pur tenendo presenti le imprecisioni [&hellip;]\" \/>\n<meta property=\"og:url\" content=\"https:\/\/fondazionecomel.org\/en\/contatti\/contatti-sede-di-pisa\/contatti-sede-di-pisa\/\" \/>\n<meta property=\"og:site_name\" content=\"Fondazione Comel\" \/>\n<meta name=\"twitter:card\" content=\"summary\" \/>\n<meta name=\"twitter:label1\" content=\"Est. reading time\" \/>\n\t<meta name=\"twitter:data1\" content=\"11 minutes\" \/>\n<script type=\"application\/ld+json\" class=\"yoast-schema-graph\">{\"@context\":\"https:\/\/schema.org\",\"@graph\":[{\"@type\":\"WebSite\",\"@id\":\"https:\/\/fondazionecomel.org\/#website\",\"url\":\"https:\/\/fondazionecomel.org\/\",\"name\":\"Fondazione Comel\",\"description\":\"\",\"potentialAction\":[{\"@type\":\"SearchAction\",\"target\":{\"@type\":\"EntryPoint\",\"urlTemplate\":\"https:\/\/fondazionecomel.org\/?s={search_term_string}\"},\"query-input\":\"required name=search_term_string\"}],\"inLanguage\":\"en-US\"},{\"@type\":\"WebPage\",\"@id\":\"https:\/\/fondazionecomel.org\/en\/contatti\/contatti-sede-di-pisa\/contatti-sede-di-pisa\/#webpage\",\"url\":\"https:\/\/fondazionecomel.org\/en\/contatti\/contatti-sede-di-pisa\/contatti-sede-di-pisa\/\",\"name\":\"Cenni Storici - Fondazione Comel\",\"isPartOf\":{\"@id\":\"https:\/\/fondazionecomel.org\/#website\"},\"datePublished\":\"2017-07-14T09:43:06+00:00\",\"dateModified\":\"2017-07-14T09:43:06+00:00\",\"breadcrumb\":{\"@id\":\"https:\/\/fondazionecomel.org\/en\/contatti\/contatti-sede-di-pisa\/contatti-sede-di-pisa\/#breadcrumb\"},\"inLanguage\":\"en-US\",\"potentialAction\":[{\"@type\":\"ReadAction\",\"target\":[\"https:\/\/fondazionecomel.org\/en\/contatti\/contatti-sede-di-pisa\/contatti-sede-di-pisa\/\"]}]},{\"@type\":\"BreadcrumbList\",\"@id\":\"https:\/\/fondazionecomel.org\/en\/contatti\/contatti-sede-di-pisa\/contatti-sede-di-pisa\/#breadcrumb\",\"itemListElement\":[{\"@type\":\"ListItem\",\"position\":1,\"name\":\"Home\",\"item\":\"https:\/\/fondazionecomel.org\/en\/\"},{\"@type\":\"ListItem\",\"position\":2,\"name\":\"Contatti\",\"item\":\"https:\/\/fondazionecomel.org\/en\/contatti\/\"},{\"@type\":\"ListItem\",\"position\":3,\"name\":\"Sede di Pisa\",\"item\":\"https:\/\/fondazionecomel.org\/en\/contatti\/contatti-sede-di-pisa\/\"},{\"@type\":\"ListItem\",\"position\":4,\"name\":\"Cenni Storici\"}]}]}<\/script>\n<!-- \/ Yoast SEO plugin. -->","yoast_head_json":{"title":"Cenni Storici - Fondazione Comel","robots":{"index":"index","follow":"follow","max-snippet":"max-snippet:-1","max-image-preview":"max-image-preview:large","max-video-preview":"max-video-preview:-1"},"canonical":"https:\/\/fondazionecomel.org\/en\/contatti\/contatti-sede-di-pisa\/contatti-sede-di-pisa\/","og_locale":"en_US","og_type":"article","og_title":"Cenni Storici - Fondazione Comel","og_description":"[vc_row][vc_column][vc_column_text] Cenni Storici [\/vc_column_text][\/vc_column][\/vc_row][vc_row css=&#8221;.vc_custom_1450280081575{padding-bottom: 24px !important;}&#8221;][vc_column][vc_column_text] Il sito L&#8217;Institutio Santoriana-Fondazione Comel ha dei confini ben delineati sin dall\u2019origine: a ovest il complesso monumentale del Duomo e a nord le mura urbane tracciate nel 1155. Gli altri limiti dell\u2019isolato sono: a sud l&#8217;attuale Via Cardinale Maffi, gi\u00e0 Via Torelli, creata nel 1863-64, e a est la Via San Ranierino, tracciata negli anni Cinquanta del secolo scorso con l\u2019apertura di un varco nelle mura urbane. La posizione del sito della Fondazione, assolutamente privilegiata, a fianco del\u00a0Prato del Duomo, consente facili individuazioni attraverso la cartografia storica pisana, pur tenendo presenti le imprecisioni [&hellip;]","og_url":"https:\/\/fondazionecomel.org\/en\/contatti\/contatti-sede-di-pisa\/contatti-sede-di-pisa\/","og_site_name":"Fondazione Comel","twitter_card":"summary","twitter_misc":{"Est. reading time":"11 minutes"},"schema":{"@context":"https:\/\/schema.org","@graph":[{"@type":"WebSite","@id":"https:\/\/fondazionecomel.org\/#website","url":"https:\/\/fondazionecomel.org\/","name":"Fondazione Comel","description":"","potentialAction":[{"@type":"SearchAction","target":{"@type":"EntryPoint","urlTemplate":"https:\/\/fondazionecomel.org\/?s={search_term_string}"},"query-input":"required name=search_term_string"}],"inLanguage":"en-US"},{"@type":"WebPage","@id":"https:\/\/fondazionecomel.org\/en\/contatti\/contatti-sede-di-pisa\/contatti-sede-di-pisa\/#webpage","url":"https:\/\/fondazionecomel.org\/en\/contatti\/contatti-sede-di-pisa\/contatti-sede-di-pisa\/","name":"Cenni Storici - Fondazione Comel","isPartOf":{"@id":"https:\/\/fondazionecomel.org\/#website"},"datePublished":"2017-07-14T09:43:06+00:00","dateModified":"2017-07-14T09:43:06+00:00","breadcrumb":{"@id":"https:\/\/fondazionecomel.org\/en\/contatti\/contatti-sede-di-pisa\/contatti-sede-di-pisa\/#breadcrumb"},"inLanguage":"en-US","potentialAction":[{"@type":"ReadAction","target":["https:\/\/fondazionecomel.org\/en\/contatti\/contatti-sede-di-pisa\/contatti-sede-di-pisa\/"]}]},{"@type":"BreadcrumbList","@id":"https:\/\/fondazionecomel.org\/en\/contatti\/contatti-sede-di-pisa\/contatti-sede-di-pisa\/#breadcrumb","itemListElement":[{"@type":"ListItem","position":1,"name":"Home","item":"https:\/\/fondazionecomel.org\/en\/"},{"@type":"ListItem","position":2,"name":"Contatti","item":"https:\/\/fondazionecomel.org\/en\/contatti\/"},{"@type":"ListItem","position":3,"name":"Sede di Pisa","item":"https:\/\/fondazionecomel.org\/en\/contatti\/contatti-sede-di-pisa\/"},{"@type":"ListItem","position":4,"name":"Cenni Storici"}]}]}},"_links":{"self":[{"href":"https:\/\/fondazionecomel.org\/en\/wp-json\/wp\/v2\/pages\/6032"}],"collection":[{"href":"https:\/\/fondazionecomel.org\/en\/wp-json\/wp\/v2\/pages"}],"about":[{"href":"https:\/\/fondazionecomel.org\/en\/wp-json\/wp\/v2\/types\/page"}],"author":[{"embeddable":true,"href":"https:\/\/fondazionecomel.org\/en\/wp-json\/wp\/v2\/users\/1"}],"replies":[{"embeddable":true,"href":"https:\/\/fondazionecomel.org\/en\/wp-json\/wp\/v2\/comments?post=6032"}],"version-history":[{"count":0,"href":"https:\/\/fondazionecomel.org\/en\/wp-json\/wp\/v2\/pages\/6032\/revisions"}],"up":[{"embeddable":true,"href":"https:\/\/fondazionecomel.org\/en\/wp-json\/wp\/v2\/pages\/6034"}],"wp:attachment":[{"href":"https:\/\/fondazionecomel.org\/en\/wp-json\/wp\/v2\/media?parent=6032"}],"curies":[{"name":"wp","href":"https:\/\/api.w.org\/{rel}","templated":true}]}}