{"id":6036,"date":"2017-07-13T10:07:06","date_gmt":"2017-07-13T10:07:06","guid":{"rendered":"https:\/\/fondazionecomel.org\/fondazione\/the-ecm-scientific-board\/dott-ferdinando-massari\/"},"modified":"2017-07-13T10:07:06","modified_gmt":"2017-07-13T10:07:06","slug":"dott-ferdinando-massari","status":"publish","type":"page","link":"https:\/\/fondazionecomel.org\/en\/fondazione\/the-ecm-scientific-board\/dott-ferdinando-massari\/","title":{"rendered":"Dott. Ferdinando Massari"},"content":{"rendered":"<h1 class=\"title\">Dott. Ferdinando Massari<\/h1>\n<ul>\n<li>1973-1980 Universit\u00e0 degli Studi di Milano<\/li>\n<li>1983-1986 Scuola di Specialit\u00e0 in Cardiologia<\/li>\n<li>1987-1989 Scuola di Specialit\u00e0 in Medicina Legale e delle Assicurazioni<\/li>\n<li>Membro del Comitato scientifico dell\u2019ANCE (Associazione Nazionale Cardiologi Extraospedalieri)\u00a0 e concorre alla organizzazione di almeno 6\u00a0 convegni \/anno per medici del territorio<\/li>\n<li>Dal 1981\u00a0 Medico Ospedaliero Cardiologo, Ospedale Maggiore Policlinico\u00a0 Mangiagalli e Regina Elena, MIlano<\/li>\n<li>Attivit\u00e0 di Unit\u00e0 Coronarica e Pronto Soccorso presso la Divisione di Cardiologia Ospedale Maggiore Policlinico\u00a0 di Milano dall\u2019ottobre\u00a0 1981 al\u00a0 luglio 2007, da tale data attivo nel Dipartimento Toraco-Polmonare e Cardiocircolatorio &#8211; UO di Medicina ad indirizzo Cardiovascolare, sempre presso lo stesso Ente, come responsabile del reparto di degenza<\/li>\n<li>Professore a Contratto presso la Scuola di Specialit\u00e0 di Cardiologia dell\u2019Universit\u00e0 di Milano (anni 1994-1998) ; Professore a Contratto presso la Scuola di Specialit\u00e0 di Medicina Interna dell\u2019Universit\u00e0 di Milano (dal 1998)<\/li>\n<li>Docente di Cardiologia presso la Scuola Infermieri dell\u2019Ospedale Maggiore di Milano (anni 1994-2000)<\/li>\n<li>Autore di 190\u00a0 pubblicazioni scientifiche di cui 9 tra monografie e libri di testo<\/li>\n<\/ul>\n<p>&nbsp;<\/p>\n","protected":false},"excerpt":{"rendered":"<p>Dott. Ferdinando Massari 1973-1980 Universit\u00e0 degli Studi di Milano 1983-1986 Scuola di Specialit\u00e0 in Cardiologia 1987-1989 Scuola di Specialit\u00e0 in Medicina Legale e delle Assicurazioni Membro del Comitato scientifico dell\u2019ANCE (Associazione Nazionale Cardiologi Extraospedalieri)\u00a0 e concorre alla organizzazione di almeno 6\u00a0 convegni \/anno per medici del territorio Dal 1981\u00a0 Medico Ospedaliero Cardiologo, Ospedale Maggiore Policlinico\u00a0 Mangiagalli e Regina Elena, MIlano Attivit\u00e0 di Unit\u00e0 Coronarica e Pronto Soccorso presso la Divisione di Cardiologia Ospedale Maggiore Policlinico\u00a0 di Milano dall\u2019ottobre\u00a0 1981 al\u00a0 luglio 2007, da tale data attivo nel Dipartimento Toraco-Polmonare e Cardiocircolatorio &#8211; UO di Medicina ad indirizzo Cardiovascolare, sempre presso [&hellip;]<\/p>\n","protected":false},"author":1,"featured_media":0,"parent":4682,"menu_order":0,"comment_status":"closed","ping_status":"closed","template":"","meta":{"_acf_changed":false,"footnotes":""},"class_list":["post-6036","page","type-page","status-publish","hentry"],"acf":[],"yoast_head":"<!-- This site is optimized with the Yoast SEO plugin v27.6 - https:\/\/yoast.com\/product\/yoast-seo-wordpress\/ -->\n<title>Dott. Ferdinando Massari - Fondazione Comel<\/title>\n<meta name=\"robots\" content=\"index, follow, max-snippet:-1, max-image-preview:large, max-video-preview:-1\" \/>\n<link rel=\"canonical\" href=\"https:\/\/fondazionecomel.org\/en\/fondazione\/the-ecm-scientific-board\/dott-ferdinando-massari\/\" \/>\n<meta property=\"og:locale\" content=\"en_US\" \/>\n<meta property=\"og:type\" content=\"article\" \/>\n<meta property=\"og:title\" content=\"Dott. Ferdinando Massari - Fondazione Comel\" \/>\n<meta property=\"og:description\" content=\"Dott. Ferdinando Massari 1973-1980 Universit\u00e0 degli Studi di Milano 1983-1986 Scuola di Specialit\u00e0 in Cardiologia 1987-1989 Scuola di Specialit\u00e0 in Medicina Legale e delle Assicurazioni Membro del Comitato scientifico dell\u2019ANCE (Associazione Nazionale Cardiologi Extraospedalieri)\u00a0 e concorre alla organizzazione di almeno 6\u00a0 convegni \/anno per medici del territorio Dal 1981\u00a0 Medico Ospedaliero Cardiologo, Ospedale Maggiore Policlinico\u00a0 Mangiagalli e Regina Elena, MIlano Attivit\u00e0 di Unit\u00e0 Coronarica e Pronto Soccorso presso la Divisione di Cardiologia Ospedale Maggiore Policlinico\u00a0 di Milano dall\u2019ottobre\u00a0 1981 al\u00a0 luglio 2007, da tale data attivo nel Dipartimento Toraco-Polmonare e Cardiocircolatorio &#8211; UO di Medicina ad indirizzo Cardiovascolare, sempre presso [&hellip;]\" \/>\n<meta property=\"og:url\" content=\"https:\/\/fondazionecomel.org\/en\/fondazione\/the-ecm-scientific-board\/dott-ferdinando-massari\/\" \/>\n<meta property=\"og:site_name\" content=\"Fondazione Comel\" \/>\n<meta name=\"twitter:card\" content=\"summary_large_image\" \/>\n<meta name=\"twitter:label1\" content=\"Est. reading time\" \/>\n\t<meta name=\"twitter:data1\" content=\"1 minute\" \/>\n<script type=\"application\/ld+json\" class=\"yoast-schema-graph\">{\"@context\":\"https:\\\/\\\/schema.org\",\"@graph\":[{\"@type\":\"WebPage\",\"@id\":\"https:\\\/\\\/fondazionecomel.org\\\/en\\\/fondazione\\\/the-ecm-scientific-board\\\/dott-ferdinando-massari\\\/\",\"url\":\"https:\\\/\\\/fondazionecomel.org\\\/en\\\/fondazione\\\/the-ecm-scientific-board\\\/dott-ferdinando-massari\\\/\",\"name\":\"Dott. Ferdinando Massari - Fondazione Comel\",\"isPartOf\":{\"@id\":\"https:\\\/\\\/fondazionecomel.org\\\/#website\"},\"datePublished\":\"2017-07-13T10:07:06+00:00\",\"breadcrumb\":{\"@id\":\"https:\\\/\\\/fondazionecomel.org\\\/en\\\/fondazione\\\/the-ecm-scientific-board\\\/dott-ferdinando-massari\\\/#breadcrumb\"},\"inLanguage\":\"en-US\",\"potentialAction\":[{\"@type\":\"ReadAction\",\"target\":[\"https:\\\/\\\/fondazionecomel.org\\\/en\\\/fondazione\\\/the-ecm-scientific-board\\\/dott-ferdinando-massari\\\/\"]}]},{\"@type\":\"BreadcrumbList\",\"@id\":\"https:\\\/\\\/fondazionecomel.org\\\/en\\\/fondazione\\\/the-ecm-scientific-board\\\/dott-ferdinando-massari\\\/#breadcrumb\",\"itemListElement\":[{\"@type\":\"ListItem\",\"position\":1,\"name\":\"Home\",\"item\":\"https:\\\/\\\/fondazionecomel.org\\\/\"},{\"@type\":\"ListItem\",\"position\":2,\"name\":\"Fondazione\",\"item\":\"https:\\\/\\\/fondazionecomel.org\\\/en\\\/fondazione\\\/\"},{\"@type\":\"ListItem\",\"position\":3,\"name\":\"The ECM Scientific Board\",\"item\":\"https:\\\/\\\/fondazionecomel.org\\\/en\\\/fondazione\\\/the-ecm-scientific-board\\\/\"},{\"@type\":\"ListItem\",\"position\":4,\"name\":\"Dott. Ferdinando Massari\"}]},{\"@type\":\"WebSite\",\"@id\":\"https:\\\/\\\/fondazionecomel.org\\\/#website\",\"url\":\"https:\\\/\\\/fondazionecomel.org\\\/\",\"name\":\"Fondazione Comel\",\"description\":\"\",\"potentialAction\":[{\"@type\":\"SearchAction\",\"target\":{\"@type\":\"EntryPoint\",\"urlTemplate\":\"https:\\\/\\\/fondazionecomel.org\\\/?s={search_term_string}\"},\"query-input\":{\"@type\":\"PropertyValueSpecification\",\"valueRequired\":true,\"valueName\":\"search_term_string\"}}],\"inLanguage\":\"en-US\"}]}<\/script>\n<!-- \/ Yoast SEO plugin. -->","yoast_head_json":{"title":"Dott. Ferdinando Massari - Fondazione Comel","robots":{"index":"index","follow":"follow","max-snippet":"max-snippet:-1","max-image-preview":"max-image-preview:large","max-video-preview":"max-video-preview:-1"},"canonical":"https:\/\/fondazionecomel.org\/en\/fondazione\/the-ecm-scientific-board\/dott-ferdinando-massari\/","og_locale":"en_US","og_type":"article","og_title":"Dott. Ferdinando Massari - Fondazione Comel","og_description":"Dott. Ferdinando Massari 1973-1980 Universit\u00e0 degli Studi di Milano 1983-1986 Scuola di Specialit\u00e0 in Cardiologia 1987-1989 Scuola di Specialit\u00e0 in Medicina Legale e delle Assicurazioni Membro del Comitato scientifico dell\u2019ANCE (Associazione Nazionale Cardiologi Extraospedalieri)\u00a0 e concorre alla organizzazione di almeno 6\u00a0 convegni \/anno per medici del territorio Dal 1981\u00a0 Medico Ospedaliero Cardiologo, Ospedale Maggiore Policlinico\u00a0 Mangiagalli e Regina Elena, MIlano Attivit\u00e0 di Unit\u00e0 Coronarica e Pronto Soccorso presso la Divisione di Cardiologia Ospedale Maggiore Policlinico\u00a0 di Milano dall\u2019ottobre\u00a0 1981 al\u00a0 luglio 2007, da tale data attivo nel Dipartimento Toraco-Polmonare e Cardiocircolatorio &#8211; UO di Medicina ad indirizzo Cardiovascolare, sempre presso [&hellip;]","og_url":"https:\/\/fondazionecomel.org\/en\/fondazione\/the-ecm-scientific-board\/dott-ferdinando-massari\/","og_site_name":"Fondazione Comel","twitter_card":"summary_large_image","twitter_misc":{"Est. reading time":"1 minute"},"schema":{"@context":"https:\/\/schema.org","@graph":[{"@type":"WebPage","@id":"https:\/\/fondazionecomel.org\/en\/fondazione\/the-ecm-scientific-board\/dott-ferdinando-massari\/","url":"https:\/\/fondazionecomel.org\/en\/fondazione\/the-ecm-scientific-board\/dott-ferdinando-massari\/","name":"Dott. Ferdinando Massari - Fondazione Comel","isPartOf":{"@id":"https:\/\/fondazionecomel.org\/#website"},"datePublished":"2017-07-13T10:07:06+00:00","breadcrumb":{"@id":"https:\/\/fondazionecomel.org\/en\/fondazione\/the-ecm-scientific-board\/dott-ferdinando-massari\/#breadcrumb"},"inLanguage":"en-US","potentialAction":[{"@type":"ReadAction","target":["https:\/\/fondazionecomel.org\/en\/fondazione\/the-ecm-scientific-board\/dott-ferdinando-massari\/"]}]},{"@type":"BreadcrumbList","@id":"https:\/\/fondazionecomel.org\/en\/fondazione\/the-ecm-scientific-board\/dott-ferdinando-massari\/#breadcrumb","itemListElement":[{"@type":"ListItem","position":1,"name":"Home","item":"https:\/\/fondazionecomel.org\/"},{"@type":"ListItem","position":2,"name":"Fondazione","item":"https:\/\/fondazionecomel.org\/en\/fondazione\/"},{"@type":"ListItem","position":3,"name":"The ECM Scientific Board","item":"https:\/\/fondazionecomel.org\/en\/fondazione\/the-ecm-scientific-board\/"},{"@type":"ListItem","position":4,"name":"Dott. Ferdinando Massari"}]},{"@type":"WebSite","@id":"https:\/\/fondazionecomel.org\/#website","url":"https:\/\/fondazionecomel.org\/","name":"Fondazione Comel","description":"","potentialAction":[{"@type":"SearchAction","target":{"@type":"EntryPoint","urlTemplate":"https:\/\/fondazionecomel.org\/?s={search_term_string}"},"query-input":{"@type":"PropertyValueSpecification","valueRequired":true,"valueName":"search_term_string"}}],"inLanguage":"en-US"}]}},"_links":{"self":[{"href":"https:\/\/fondazionecomel.org\/en\/wp-json\/wp\/v2\/pages\/6036","targetHints":{"allow":["GET"]}}],"collection":[{"href":"https:\/\/fondazionecomel.org\/en\/wp-json\/wp\/v2\/pages"}],"about":[{"href":"https:\/\/fondazionecomel.org\/en\/wp-json\/wp\/v2\/types\/page"}],"author":[{"embeddable":true,"href":"https:\/\/fondazionecomel.org\/en\/wp-json\/wp\/v2\/users\/1"}],"replies":[{"embeddable":true,"href":"https:\/\/fondazionecomel.org\/en\/wp-json\/wp\/v2\/comments?post=6036"}],"version-history":[{"count":0,"href":"https:\/\/fondazionecomel.org\/en\/wp-json\/wp\/v2\/pages\/6036\/revisions"}],"up":[{"embeddable":true,"href":"https:\/\/fondazionecomel.org\/en\/wp-json\/wp\/v2\/pages\/4682"}],"wp:attachment":[{"href":"https:\/\/fondazionecomel.org\/en\/wp-json\/wp\/v2\/media?parent=6036"}],"curies":[{"name":"wp","href":"https:\/\/api.w.org\/{rel}","templated":true}]}}