{"id":6045,"date":"2017-06-16T13:45:11","date_gmt":"2017-06-16T13:45:11","guid":{"rendered":"https:\/\/fondazionecomel.org\/pubblicazioni\/de-litteris-et-artibus\/"},"modified":"2026-04-29T12:33:01","modified_gmt":"2026-04-29T11:33:01","slug":"de-litteris-et-artibus","status":"publish","type":"page","link":"https:\/\/fondazionecomel.org\/en\/pubblicazioni\/de-litteris-et-artibus\/","title":{"rendered":"De Litteris et Artibus"},"content":{"rendered":"<p>[vc_row][vc_column][vc_column_text]<\/p>\n<h1 class=\"title\">De Litteris et Artibus<\/h1>\n<p><em>La Fondazione prova a realizzare quello che forse fu <a href=\"https:\/\/fondazionecomel.org\/en\/uncategorized\/de-litteris-et-artibus-8\/\" target=\"_blank\" rel=\"noopener\">l\u2019ultimo sogno di M. Comel<\/a>: uno spazio dedicato alla cultura, indissolubile prerogativa della creatura umana nonostante questa, non di rado, scelga di essere la caricatura di se stessa. Cos\u00ec ospiter\u00e0 prosa, poesia, pittura, fotografia e altro ancora ripercorrendo, ma in punta di piedi, anche il pensiero del kal\u00f2s k\u00e0i agath\u00f2s.<br \/>\n<span data-sheets-root=\"1\"><a class=\"in-cell-link\" href=\"https:\/\/winnita-casinos.app\/\" target=\"_blank\" rel=\"noopener\">Https:\/\/winnita-casinos.app<\/a> \u00e8 diventato rapidamente uno dei nomi pi\u00f9 discussi nel mondo del casin\u00f2 online. La user experience \u00e8 stata testata su diverse tipologie di utenti per essere ottimale. Il sistema di login biometrico velocizza l&#8217;accesso in totale sicurezza. L&#8217;autenticazione a due fattori protegge l&#8217;account da accessi non autorizzati. Sono presenti oltre duemila titoli con grafica e animazioni di ultima generazione. L&#8217;assistenza risponde in italiano con tempi di reazione molto brevi.<\/span><br \/>\n<\/em><\/p>\n<p>Totale articoli:\u00a04[\/vc_column_text]<div class=\"mkdf-bnl-holder mkdf-pl-two-holder  mkdf-image-square mkd-post-columns-3 mkdf-post-pag-infinite\"  data-base=\"mkdf_post_layout_two\"  data-number_of_posts=\"6\" data-column_number=\"3\" data-category_id=\"673\"       data-thumb_image_width=\"263\" data-thumb_image_height=\"163\" data-thumb_image_shape_type=\"mkdf-image-square\"    data-display_date=\"yes\"  data-display_author=\"yes\" data-display_excerpt=\"yes\" data-excerpt_length=\"20\" data-display_pagination=\"yes\" data-pagination_type=\"infinite\"    data-paged=\"1\" data-max_pages=\"1\"  data-next_page=\"2\"><div class=\"mkdf-bnl-outer\"><div class=\"mkdf-bnl-inner\"><div class=\"mkdf-pt-two-item mkdf-post-item\">\r\n    <div class=\"mkdf-pt-two-item-inner\">\r\n                    <div class=\"mkdf-pt-two-image-holder\">\r\n                <a itemprop=\"url\" class=\"mkdf-pt-two-link mkdf-image-link\" href=\"https:\/\/fondazionecomel.org\/en\/de-litteris-et-artibus-en\/pittura-en\/due-opere\/\" target=\"_self\">\r\n                    <span class=\"mkdf-pt-two-image-holder-inner\" style=\"width: 263px;height: 163px\">   \r\n                    <img src=\"https:\/\/fondazionecomel.org\/wp-content\/uploads\/2017\/07\/Rupi-vulcaniche-1934-web-263x163.jpg\" alt=\"\" width=\"263\" height=\"163\" \/>                    <\/span>\r\n                <\/a>    \r\n            <\/div>\r\n                <div class=\"mkdf-pt-two-content-holder\">\r\n            <h5 class=\"mkdf-pt-two-title \">\r\n            <a itemprop=\"url\" class=\"mkdf-pt-link\" href=\"https:\/\/fondazionecomel.org\/en\/de-litteris-et-artibus-en\/pittura-en\/due-opere\/\" target=\"_self\">Due Opere<\/a>\r\n            <\/h5>\r\n            <div class=\"mkdf-pt-two-info-section\">\r\n                <!-- Inizio Codice per richiamare N\u00b0Pubblicazione in sottocategorie Dialogando -->\r\n                <!--<\/a>-->\r\n                <!-- Fine Codice -->\r\n                <div itemprop=\"dateCreated\" class=\"mkdf-post-info-date entry-date updated\" ><a id=\"data-articolo\" itemprop=\"url\" href=\"https:\/\/fondazionecomel.org\/en\/2018\/09\/\">Sep, 30, 2018<\/a><meta itemprop=\"interactionCount\" content=\"UserComments: 0\"\/><\/div>\r\n\r\n<div itemprop=\"dateCreated\" class=\"mkdf-post-info-date entry-date updated mkdf-post-info-dialogando\">\r\n<!-- CICLO IF RICHIAMO CAMPO DIALOGANDO -->\r\n    <\/div>                <div class=\"mkdf-post-info-author\"><a itemprop=\"author\" class=\"mkdf-post-info-author-link\" href=\"https:\/\/fondazionecomel.org\/en\/author\/luca-maria-pedrotti\/\">Luca Maria Pedrotti Dell'Acqua<\/a><\/div>\n                            <\/div>\r\n                            <div class=\"mkdf-pt-two-excerpt\">\r\n                    <p class=\"mkdf-post-excerpt\">Marcello Comel ricordava la natia Trieste chiamandola Tergeste secondo la tradizione di Tergestum, l\u2019antica citt\u00e0 risalente all\u2019epoca romana.\r\n\r\nIn prospettiva, quindi,<\/p>                <\/div>\r\n                    <\/div>\r\n    <\/div>\r\n<\/div><div class=\"mkdf-pt-two-item mkdf-post-item\">\r\n    <div class=\"mkdf-pt-two-item-inner\">\r\n                    <div class=\"mkdf-pt-two-image-holder\">\r\n                <a itemprop=\"url\" class=\"mkdf-pt-two-link mkdf-image-link\" href=\"https:\/\/fondazionecomel.org\/en\/de-litteris-et-artibus-en\/letteratura-en\/schegge-di-saggezza\/\" target=\"_self\">\r\n                    <span class=\"mkdf-pt-two-image-holder-inner\" style=\"width: 263px;height: 163px\">   \r\n                    <img src=\"https:\/\/fondazionecomel.org\/wp-content\/uploads\/2017\/07\/Bargagli-263x163.jpg\" alt=\"\" width=\"263\" height=\"163\" \/>                    <\/span>\r\n                <\/a>    \r\n            <\/div>\r\n                <div class=\"mkdf-pt-two-content-holder\">\r\n            <h5 class=\"mkdf-pt-two-title \">\r\n            <a itemprop=\"url\" class=\"mkdf-pt-link\" href=\"https:\/\/fondazionecomel.org\/en\/de-litteris-et-artibus-en\/letteratura-en\/schegge-di-saggezza\/\" target=\"_self\">Schegge di Saggezza<\/a>\r\n            <\/h5>\r\n            <div class=\"mkdf-pt-two-info-section\">\r\n                <!-- Inizio Codice per richiamare N\u00b0Pubblicazione in sottocategorie Dialogando -->\r\n                <!--<\/a>-->\r\n                <!-- Fine Codice -->\r\n                <div itemprop=\"dateCreated\" class=\"mkdf-post-info-date entry-date updated\" ><a id=\"data-articolo\" itemprop=\"url\" href=\"https:\/\/fondazionecomel.org\/en\/2018\/07\/\">Jul, 31, 2018<\/a><meta itemprop=\"interactionCount\" content=\"UserComments: 0\"\/><\/div>\r\n\r\n<div itemprop=\"dateCreated\" class=\"mkdf-post-info-date entry-date updated mkdf-post-info-dialogando\">\r\n<!-- CICLO IF RICHIAMO CAMPO DIALOGANDO -->\r\n    <\/div>                <div class=\"mkdf-post-info-author\"><a itemprop=\"author\" class=\"mkdf-post-info-author-link\" href=\"https:\/\/fondazionecomel.org\/en\/author\/luca-maria-pedrotti\/\">Luca Maria Pedrotti Dell'Acqua<\/a><\/div>\n                            <\/div>\r\n                            <div class=\"mkdf-pt-two-excerpt\">\r\n                    <p class=\"mkdf-post-excerpt\">Ne \u00e8 autore il marchese Piero Bargagli (da Siena) che fu, fra l\u2019altro, scrittore, pittore ed esperto d\u2019arte oltre che<\/p>                <\/div>\r\n                    <\/div>\r\n    <\/div>\r\n<\/div><div class=\"mkdf-pt-two-item mkdf-post-item\">\r\n    <div class=\"mkdf-pt-two-item-inner\">\r\n                    <div class=\"mkdf-pt-two-image-holder\">\r\n                <a itemprop=\"url\" class=\"mkdf-pt-two-link mkdf-image-link\" href=\"https:\/\/fondazionecomel.org\/en\/de-litteris-et-artibus-en\/fotografia-en\/il-calendario-2018\/\" target=\"_self\">\r\n                    <span class=\"mkdf-pt-two-image-holder-inner\" style=\"width: 263px;height: 163px\">   \r\n                    <img src=\"https:\/\/fondazionecomel.org\/wp-content\/uploads\/2017\/07\/Fotografia-263x163.png\" alt=\"\" width=\"263\" height=\"163\" \/>                    <\/span>\r\n                <\/a>    \r\n            <\/div>\r\n                <div class=\"mkdf-pt-two-content-holder\">\r\n            <h5 class=\"mkdf-pt-two-title \">\r\n            <a itemprop=\"url\" class=\"mkdf-pt-link\" href=\"https:\/\/fondazionecomel.org\/en\/de-litteris-et-artibus-en\/fotografia-en\/il-calendario-2018\/\" target=\"_self\">Il Calendario 2018<\/a>\r\n            <\/h5>\r\n            <div class=\"mkdf-pt-two-info-section\">\r\n                <!-- Inizio Codice per richiamare N\u00b0Pubblicazione in sottocategorie Dialogando -->\r\n                <!--<\/a>-->\r\n                <!-- Fine Codice -->\r\n                <div itemprop=\"dateCreated\" class=\"mkdf-post-info-date entry-date updated\" ><a id=\"data-articolo\" itemprop=\"url\" href=\"https:\/\/fondazionecomel.org\/en\/2018\/06\/\">Jun, 30, 2018<\/a><meta itemprop=\"interactionCount\" content=\"UserComments: 0\"\/><\/div>\r\n\r\n<div itemprop=\"dateCreated\" class=\"mkdf-post-info-date entry-date updated mkdf-post-info-dialogando\">\r\n<!-- CICLO IF RICHIAMO CAMPO DIALOGANDO -->\r\n    <\/div>                <div class=\"mkdf-post-info-author\"><a itemprop=\"author\" class=\"mkdf-post-info-author-link\" href=\"https:\/\/fondazionecomel.org\/en\/author\/luca-maria-pedrotti\/\">Luca Maria Pedrotti Dell'Acqua<\/a><\/div>\n                            <\/div>\r\n                            <div class=\"mkdf-pt-two-excerpt\">\r\n                    <p class=\"mkdf-post-excerpt\">La pubblicazione del Calendario della Fondazione inizia nell\u2019anno 2000 con un primo fascicolo dal nome Viaggio nel Tempo, luci e<\/p>                <\/div>\r\n                    <\/div>\r\n    <\/div>\r\n<\/div><div class=\"mkdf-pt-two-item mkdf-post-item\">\r\n    <div class=\"mkdf-pt-two-item-inner\">\r\n                    <div class=\"mkdf-pt-two-image-holder\">\r\n                <a itemprop=\"url\" class=\"mkdf-pt-two-link mkdf-image-link\" href=\"https:\/\/fondazionecomel.org\/en\/uncategorized\/de-litteris-et-artibus-8\/\" target=\"_self\">\r\n                    <span class=\"mkdf-pt-two-image-holder-inner\" style=\"width: 263px;height: 163px\">   \r\n                    <img src=\"https:\/\/fondazionecomel.org\/wp-content\/uploads\/2018\/05\/Comel-263x163.jpg\" alt=\"\" width=\"263\" height=\"163\" \/>                    <\/span>\r\n                <\/a>    \r\n            <\/div>\r\n                <div class=\"mkdf-pt-two-content-holder\">\r\n            <h5 class=\"mkdf-pt-two-title \">\r\n            <a itemprop=\"url\" class=\"mkdf-pt-link\" href=\"https:\/\/fondazionecomel.org\/en\/uncategorized\/de-litteris-et-artibus-8\/\" target=\"_self\">De Litteris et Artibus<\/a>\r\n            <\/h5>\r\n            <div class=\"mkdf-pt-two-info-section\">\r\n                <!-- Inizio Codice per richiamare N\u00b0Pubblicazione in sottocategorie Dialogando -->\r\n                <!--<\/a>-->\r\n                <!-- Fine Codice -->\r\n                <div itemprop=\"dateCreated\" class=\"mkdf-post-info-date entry-date updated\" ><a id=\"data-articolo\" itemprop=\"url\" href=\"https:\/\/fondazionecomel.org\/en\/2018\/05\/\">May, 31, 2018<\/a><meta itemprop=\"interactionCount\" content=\"UserComments: 0\"\/><\/div>\r\n\r\n<div itemprop=\"dateCreated\" class=\"mkdf-post-info-date entry-date updated mkdf-post-info-dialogando\">\r\n<!-- CICLO IF RICHIAMO CAMPO DIALOGANDO -->\r\n    <\/div>                <div class=\"mkdf-post-info-author\"><a itemprop=\"author\" class=\"mkdf-post-info-author-link\" href=\"https:\/\/fondazionecomel.org\/en\/author\/luca-maria-pedrotti\/\">Luca Maria Pedrotti Dell'Acqua<\/a><\/div>\n                            <\/div>\r\n                            <div class=\"mkdf-pt-two-excerpt\">\r\n                    <p class=\"mkdf-post-excerpt\">L\u2019attenzione, l\u2019approfondimento e l\u2019amore per le \u2018lettere e le arti\u2019 sono state, per Marcello Comel, faccia della medesima medaglia che,<\/p>                <\/div>\r\n                    <\/div>\r\n    <\/div>\r\n<\/div><\/div><\/div><\/div>[\/vc_column][\/vc_row]<\/p>\n","protected":false},"excerpt":{"rendered":"<p>[vc_row][vc_column][vc_column_text] De Litteris et Artibus La Fondazione prova a realizzare quello che forse fu l\u2019ultimo sogno di M. Comel: uno spazio dedicato alla cultura, indissolubile prerogativa della creatura umana nonostante questa, non di rado, scelga di essere la caricatura di se stessa. Cos\u00ec ospiter\u00e0 prosa, poesia, pittura, fotografia e altro ancora ripercorrendo, ma in punta di piedi, anche il pensiero del kal\u00f2s k\u00e0i agath\u00f2s. Https:\/\/winnita-casinos.app \u00e8 diventato rapidamente uno dei nomi pi\u00f9 discussi nel mondo del casin\u00f2 online. La user experience \u00e8 stata testata su diverse tipologie di utenti per essere ottimale. Il sistema di login biometrico velocizza l&#8217;accesso in [&hellip;]<\/p>\n","protected":false},"author":1,"featured_media":0,"parent":6025,"menu_order":0,"comment_status":"closed","ping_status":"closed","template":"","meta":[],"acf":[],"yoast_head":"<!-- This site is optimized with the Yoast SEO plugin v17.6 - https:\/\/yoast.com\/wordpress\/plugins\/seo\/ -->\n<title>De Litteris et Artibus - Fondazione Comel<\/title>\n<meta name=\"robots\" content=\"index, follow, max-snippet:-1, max-image-preview:large, max-video-preview:-1\" \/>\n<link rel=\"canonical\" href=\"https:\/\/fondazionecomel.org\/en\/pubblicazioni\/de-litteris-et-artibus\/\" \/>\n<meta property=\"og:locale\" content=\"en_US\" \/>\n<meta property=\"og:type\" content=\"article\" \/>\n<meta property=\"og:title\" content=\"De Litteris et Artibus - Fondazione Comel\" \/>\n<meta property=\"og:description\" content=\"[vc_row][vc_column][vc_column_text] De Litteris et Artibus La Fondazione prova a realizzare quello che forse fu l\u2019ultimo sogno di M. Comel: uno spazio dedicato alla cultura, indissolubile prerogativa della creatura umana nonostante questa, non di rado, scelga di essere la caricatura di se stessa. Cos\u00ec ospiter\u00e0 prosa, poesia, pittura, fotografia e altro ancora ripercorrendo, ma in punta di piedi, anche il pensiero del kal\u00f2s k\u00e0i agath\u00f2s. Https:\/\/winnita-casinos.app \u00e8 diventato rapidamente uno dei nomi pi\u00f9 discussi nel mondo del casin\u00f2 online. La user experience \u00e8 stata testata su diverse tipologie di utenti per essere ottimale. Il sistema di login biometrico velocizza l&#8217;accesso in [&hellip;]\" \/>\n<meta property=\"og:url\" content=\"https:\/\/fondazionecomel.org\/en\/pubblicazioni\/de-litteris-et-artibus\/\" \/>\n<meta property=\"og:site_name\" content=\"Fondazione Comel\" \/>\n<meta property=\"article:modified_time\" content=\"2026-04-29T11:33:01+00:00\" \/>\n<meta name=\"twitter:card\" content=\"summary\" \/>\n<meta name=\"twitter:label1\" content=\"Est. reading time\" \/>\n\t<meta name=\"twitter:data1\" content=\"1 minute\" \/>\n<script type=\"application\/ld+json\" class=\"yoast-schema-graph\">{\"@context\":\"https:\/\/schema.org\",\"@graph\":[{\"@type\":\"WebSite\",\"@id\":\"https:\/\/fondazionecomel.org\/#website\",\"url\":\"https:\/\/fondazionecomel.org\/\",\"name\":\"Fondazione Comel\",\"description\":\"\",\"potentialAction\":[{\"@type\":\"SearchAction\",\"target\":{\"@type\":\"EntryPoint\",\"urlTemplate\":\"https:\/\/fondazionecomel.org\/?s={search_term_string}\"},\"query-input\":\"required name=search_term_string\"}],\"inLanguage\":\"en-US\"},{\"@type\":\"WebPage\",\"@id\":\"https:\/\/fondazionecomel.org\/en\/pubblicazioni\/de-litteris-et-artibus\/#webpage\",\"url\":\"https:\/\/fondazionecomel.org\/en\/pubblicazioni\/de-litteris-et-artibus\/\",\"name\":\"De Litteris et Artibus - Fondazione Comel\",\"isPartOf\":{\"@id\":\"https:\/\/fondazionecomel.org\/#website\"},\"datePublished\":\"2017-06-16T13:45:11+00:00\",\"dateModified\":\"2026-04-29T11:33:01+00:00\",\"breadcrumb\":{\"@id\":\"https:\/\/fondazionecomel.org\/en\/pubblicazioni\/de-litteris-et-artibus\/#breadcrumb\"},\"inLanguage\":\"en-US\",\"potentialAction\":[{\"@type\":\"ReadAction\",\"target\":[\"https:\/\/fondazionecomel.org\/en\/pubblicazioni\/de-litteris-et-artibus\/\"]}]},{\"@type\":\"BreadcrumbList\",\"@id\":\"https:\/\/fondazionecomel.org\/en\/pubblicazioni\/de-litteris-et-artibus\/#breadcrumb\",\"itemListElement\":[{\"@type\":\"ListItem\",\"position\":1,\"name\":\"Home\",\"item\":\"https:\/\/fondazionecomel.org\/\"},{\"@type\":\"ListItem\",\"position\":2,\"name\":\"Pubblicazioni\",\"item\":\"https:\/\/fondazionecomel.org\/en\/pubblicazioni\/\"},{\"@type\":\"ListItem\",\"position\":3,\"name\":\"De Litteris et Artibus\"}]}]}<\/script>\n<!-- \/ Yoast SEO plugin. -->","yoast_head_json":{"title":"De Litteris et Artibus - Fondazione Comel","robots":{"index":"index","follow":"follow","max-snippet":"max-snippet:-1","max-image-preview":"max-image-preview:large","max-video-preview":"max-video-preview:-1"},"canonical":"https:\/\/fondazionecomel.org\/en\/pubblicazioni\/de-litteris-et-artibus\/","og_locale":"en_US","og_type":"article","og_title":"De Litteris et Artibus - Fondazione Comel","og_description":"[vc_row][vc_column][vc_column_text] De Litteris et Artibus La Fondazione prova a realizzare quello che forse fu l\u2019ultimo sogno di M. Comel: uno spazio dedicato alla cultura, indissolubile prerogativa della creatura umana nonostante questa, non di rado, scelga di essere la caricatura di se stessa. Cos\u00ec ospiter\u00e0 prosa, poesia, pittura, fotografia e altro ancora ripercorrendo, ma in punta di piedi, anche il pensiero del kal\u00f2s k\u00e0i agath\u00f2s. Https:\/\/winnita-casinos.app \u00e8 diventato rapidamente uno dei nomi pi\u00f9 discussi nel mondo del casin\u00f2 online. La user experience \u00e8 stata testata su diverse tipologie di utenti per essere ottimale. Il sistema di login biometrico velocizza l&#8217;accesso in [&hellip;]","og_url":"https:\/\/fondazionecomel.org\/en\/pubblicazioni\/de-litteris-et-artibus\/","og_site_name":"Fondazione Comel","article_modified_time":"2026-04-29T11:33:01+00:00","twitter_card":"summary","twitter_misc":{"Est. reading time":"1 minute"},"schema":{"@context":"https:\/\/schema.org","@graph":[{"@type":"WebSite","@id":"https:\/\/fondazionecomel.org\/#website","url":"https:\/\/fondazionecomel.org\/","name":"Fondazione Comel","description":"","potentialAction":[{"@type":"SearchAction","target":{"@type":"EntryPoint","urlTemplate":"https:\/\/fondazionecomel.org\/?s={search_term_string}"},"query-input":"required name=search_term_string"}],"inLanguage":"en-US"},{"@type":"WebPage","@id":"https:\/\/fondazionecomel.org\/en\/pubblicazioni\/de-litteris-et-artibus\/#webpage","url":"https:\/\/fondazionecomel.org\/en\/pubblicazioni\/de-litteris-et-artibus\/","name":"De Litteris et Artibus - Fondazione Comel","isPartOf":{"@id":"https:\/\/fondazionecomel.org\/#website"},"datePublished":"2017-06-16T13:45:11+00:00","dateModified":"2026-04-29T11:33:01+00:00","breadcrumb":{"@id":"https:\/\/fondazionecomel.org\/en\/pubblicazioni\/de-litteris-et-artibus\/#breadcrumb"},"inLanguage":"en-US","potentialAction":[{"@type":"ReadAction","target":["https:\/\/fondazionecomel.org\/en\/pubblicazioni\/de-litteris-et-artibus\/"]}]},{"@type":"BreadcrumbList","@id":"https:\/\/fondazionecomel.org\/en\/pubblicazioni\/de-litteris-et-artibus\/#breadcrumb","itemListElement":[{"@type":"ListItem","position":1,"name":"Home","item":"https:\/\/fondazionecomel.org\/"},{"@type":"ListItem","position":2,"name":"Pubblicazioni","item":"https:\/\/fondazionecomel.org\/en\/pubblicazioni\/"},{"@type":"ListItem","position":3,"name":"De Litteris et Artibus"}]}]}},"_links":{"self":[{"href":"https:\/\/fondazionecomel.org\/en\/wp-json\/wp\/v2\/pages\/6045"}],"collection":[{"href":"https:\/\/fondazionecomel.org\/en\/wp-json\/wp\/v2\/pages"}],"about":[{"href":"https:\/\/fondazionecomel.org\/en\/wp-json\/wp\/v2\/types\/page"}],"author":[{"embeddable":true,"href":"https:\/\/fondazionecomel.org\/en\/wp-json\/wp\/v2\/users\/1"}],"replies":[{"embeddable":true,"href":"https:\/\/fondazionecomel.org\/en\/wp-json\/wp\/v2\/comments?post=6045"}],"version-history":[{"count":2,"href":"https:\/\/fondazionecomel.org\/en\/wp-json\/wp\/v2\/pages\/6045\/revisions"}],"predecessor-version":[{"id":11148,"href":"https:\/\/fondazionecomel.org\/en\/wp-json\/wp\/v2\/pages\/6045\/revisions\/11148"}],"up":[{"embeddable":true,"href":"https:\/\/fondazionecomel.org\/en\/wp-json\/wp\/v2\/pages\/6025"}],"wp:attachment":[{"href":"https:\/\/fondazionecomel.org\/en\/wp-json\/wp\/v2\/media?parent=6045"}],"curies":[{"name":"wp","href":"https:\/\/api.w.org\/{rel}","templated":true}]}}